{"id":13,"date":"2025-03-04T07:51:30","date_gmt":"2025-03-04T07:51:30","guid":{"rendered":"https:\/\/ip1survey.se\/?page_id=13"},"modified":"2025-04-03T06:44:34","modified_gmt":"2025-04-03T06:44:34","slug":"smart-survey-services-for-business-use","status":"publish","type":"page","link":"https:\/\/ip1survey.se\/en\/","title":{"rendered":"Smarta enk\u00e4t- och unders\u00f6kningstj\u00e4nster f\u00f6r f\u00f6retag"},"content":{"rendered":"<div class=\"row g-0 justify-content-start align-items-center ip1-service-page-header pt-3 concave-image\">\n<div class=\"col-md-5 col-sm-12 header-col\">\n<div class=\"message-bubbles ms-md-5\">\n<h1 class=\"wp-block-heading mb-3 onload\">Smart Survey-services for businesses<\/h1>\n<p class=\"onload\">With research services from iP.1, you know you can reach through the noise.<\/p>\n<p class=\"onload\">We offer survey services for both small and large companies, regardless of the application!<\/p>\n<\/div>\n<div class=\"link-button\">\n<a href=\"https:\/\/shop.ip1.net\/account\/new\" target=\"_blank\" class=\"btn btn-ip1 get-started\" rel=\"noreferrer noopener\">Free trial<\/a><a class=\"btn btn-outline-ip1 ms-2 sign-in\" href=\"#\" data-bs-toggle=\"modal\" data-bs-target=\"#contact-modal\">Contact Us<\/a>\n<\/div>\n<\/div>\n<\/div>\n\n\n\n<div class=\"wp-block-columns has-white-background-color has-background is-layout-flex wp-container-core-columns-is-layout-9d6595d7 wp-block-columns-is-layout-flex\">\n<div class=\"wp-block-column is-vertically-aligned-center px-5 is-layout-flow wp-block-column-is-layout-flow\">\n<h2 class=\"wp-block-heading\" id=\"h-undersokningar-i-flera-kanaler\">Omni-channel surveys<\/h2>\n\n\n\n<p>We believe that the most important thing is to motivate your respondents to respond, which is why we have created a survey solution that allows you to send via email, SMS or clickable links on, for example, a website!<\/p>\n<\/div>\n\n\n\n<div class=\"wp-block-column is-vertically-aligned-center px-5 is-layout-flow wp-block-column-is-layout-flow\">\n<figure class=\"wp-block-video\"><video height=\"360\" style=\"aspect-ratio: 640 \/ 360;\" width=\"640\" autoplay controls src=\"https:\/\/ip1survey.se\/wp-content\/uploads\/2025\/03\/when-you-need-feedback-for-real.mp4\"><\/video><\/figure>\n<\/div>\n<\/div>\n\n\n\n<div class=\"wp-block-columns has-background is-layout-flex wp-container-core-columns-is-layout-9d6595d7 wp-block-columns-is-layout-flex\" style=\"background-color:#fafafa\">\n<div class=\"wp-block-column is-vertically-aligned-center px-5 is-layout-flow wp-block-column-is-layout-flow\">\n<div class=\"d-flex code-button-container\">\n                                    <button class=\"csharp-button active\" id=\"cSharpExample\">C#<\/button>\n                                    <button class=\"php-button\" id=\"phpExample\">PHP<\/button>\n                                    <div class=\"ms-auto\">\n                                        <a class=\"btn btn-info\" href=\"\/en\/developer\/introduction\/\" style=\"color: #fff!important\">API documentation<\/a>\n                                    <\/div>\n                                <\/div>\n                                <div class=\"csharp\" style=\"white-space: pre; background-color: rgb(40, 42, 54); color: #fff; padding: 10px; border-radius: 8px; font-family: Regular,Menlo,Monaco,Consolas,Liberation Mono,Courier New,monospace; overflow-x: auto;\"><span style=\"color: #8be9fd\">using<\/span> (<span style=\"color: #8be9fd\">var<\/span> client = new HttpClient())\n{\n    client.BaseAddress = new Uri(&#8221;https:\/\/api.ip1sms.com\/v2\/&#8221;);\n    client.DefaultRequestHeaders.Accept.Clear();\n    client.DefaultRequestHeaders.Accept.Add(new MediaTypeWithQualityHeaderValue(&#8221;application\/json&#8221;));\n    client.DefaultRequestHeaders.Authorization = new AuthenticationHeaderValue(&#8221;Bearer&#8221;, &#8221;API Key&#8221;);\n\n    <span style=\"color: #8be9fd\">var<\/span> sms = <span style=\"color: #8be9fd\">new<\/span> {\n        Sender = <span style=\"color:#f1fa8c\">&#8221;iP1&#8221;<\/span>,\n        Recipients = <span style=\"color: #8be9fd\">new<\/span> List() { <span style=\"color:#f1fa8c\">&#8221;46712345678&#8221;<\/span> },\n        Body = <span style=\"color:#f1fa8c\">&#8221;Test message rest v2&#8221;<\/span>\n    };\n\n    HttpResponseMessage response = <span style=\"color: #8be9fd\">await<\/span> client.PostAsJsonAsync(<span style=\"color:#f1fa8c\">&#8221;batches&#8221;<\/span>, sms);\n}\n                                <\/div>\n                                <div class=\"php\" style=\"white-space: pre; background-color: rgb(40, 42, 54); color: #fff; padding: 10px; border-radius: 8px; font-family: Regular,Menlo,Monaco,Consolas,Liberation Mono,Courier New,monospace;\">$message = <span style=\"color: #8be9fd\">array<\/span>(\n                                    <span style=\"color:#f1fa8c\">&#8217;sender&#8217;<\/span> => <span style=\"color:#f1fa8c\">&#8217;iP1&#8217;<\/span>,\n    <span style=\"color:#f1fa8c\">&#8217;recipients&#8217;<\/span> => [<span style=\"color:#f1fa8c\">&#8217;46712345678&#8217;<\/span>],\n    <span style=\"color:#f1fa8c\">&#8217;body&#8217;<\/span> => <span style=\"color:#f1fa8c\">&#8217;Test message rest v2&#8217;<\/span>,\n);\n\n$jsonEncodedMessage = json_encode($message);\n$options = array(\n    <span style=\"color:#f1fa8c\">&#8217;http&#8217;<\/span> => <span style=\"color: #8be9fd\">array<\/span>(\n        <span style=\"color:#f1fa8c\">&#8217;header&#8217;<\/span>  => <span style=\"color: #8be9fd\">array<\/span>(\n            <span style=\"color:#f1fa8c\">&#8217;Content-Type: application\/json&#8217;<\/span>,\n            <span style=\"color:#f1fa8c\">&#8217;Authorization: Bearer &#8217;<\/span> . <span style=\"color:#f1fa8c\">&#8217;API key&#8217;<\/span>,\n            <span style=\"color:#f1fa8c\">&#8217;Content-Length: &#8217;<\/span> . strlen($jsonEncodedMessage)\n        ),\n        <span style=\"color:#f1fa8c\">&#8217;method&#8217;<\/span>  => <span style=\"color:#f1fa8c\">&#8217;POST&#8217;<\/span>,\n        <span style=\"color:#f1fa8c\">&#8217;content&#8217;<\/span> => $jsonEncodedMessage,\n    )\n);\n\n$context  = stream_context_create($options);\n$response = file_get_contents(<span style=\"color:#f1fa8c\">&#8217;https:\/\/api.ip1sms.com\/v2\/batches&#8217;<\/span>, <span style=\"color: #8be9fd\">false<\/span>, $context);\n                                <\/div>\n<\/div>\n\n\n\n<div class=\"wp-block-column is-vertically-aligned-center px-5 is-layout-flow wp-block-column-is-layout-flow\">\n<h2 class=\"wp-block-heading\" id=\"h-automatisera-kund-asikter\">Automate customer opinions<\/h2>\n\n\n\n<p>Our survey services are made \"API first\", which means that everything you can do in the web service, and much more, you can create in your own system using our powerful API!<\/p>\n\n\n\n<div class=\"wp-block-buttons is-content-justification-left is-layout-flex wp-container-core-buttons-is-layout-fdcfc74e wp-block-buttons-is-layout-flex\">\n<div class=\"wp-block-button\"><a class=\"wp-block-button__link wp-element-button\" href=\"http:\/\/ip1survey.se\/en\/developer\/\">Go to API documentation<\/a><\/div>\n<\/div>\n<\/div>\n<\/div>\n\n\n\n<div class=\"wp-block-columns has-white-background-color has-background is-layout-flex wp-container-core-columns-is-layout-9d6595d7 wp-block-columns-is-layout-flex\">\n<div class=\"wp-block-column is-vertically-aligned-center px-5 is-layout-flow wp-block-column-is-layout-flow\">\n<h2 class=\"wp-block-heading\" id=\"h-kraftfull-rapportering\">Powerful reporting<\/h2>\n\n\n\n<p>Collecting data without the ability to analyze it is the worst thing we know. Using our built-in reporting tool, you can filter your results to infinite levels.<\/p>\n\n\n\n<div class=\"wp-block-buttons is-content-justification-left is-layout-flex wp-container-core-buttons-is-layout-fdcfc74e wp-block-buttons-is-layout-flex\">\n<div class=\"wp-block-button\"><a class=\"wp-block-button__link wp-element-button\" href=\"http:\/\/ip1survey.se\/en\/reports\/\">Read more<\/a><\/div>\n<\/div>\n<\/div>\n\n\n\n<div class=\"wp-block-column is-vertically-aligned-center px-5 is-layout-flow wp-block-column-is-layout-flow\">\n<figure class=\"wp-block-video\"><video height=\"720\" style=\"aspect-ratio: 1280 \/ 720;\" width=\"1280\" controls poster=\"https:\/\/ip1survey.se\/wp-content\/uploads\/2025\/03\/create-report-1.gif\" src=\"https:\/\/ip1survey.se\/wp-content\/uploads\/2025\/03\/create-a-custom-survey-report-1.mp4\"><\/video><\/figure>\n<\/div>\n<\/div>","protected":false},"excerpt":{"rendered":"<p>Smarta enk\u00e4t-tj\u00e4nster f\u00f6r f\u00f6retag Med unders\u00f6kningstj\u00e4nster fr\u00e5n iP.1 vet du att n\u00e5r igenom bruset. Vi erbjuder unders\u00f6kningstj\u00e4nster f\u00f6r b\u00e5de sm\u00e5 och stora f\u00f6retag, oavsett anv\u00e4ndningsomr\u00e5de! Testa kostnadsfrittKontakta oss Unders\u00f6kningar i flera kanaler Vi tror att det viktigaste \u00e4r att motivera dina respondenter att svara, d\u00e4rf\u00f6r har vi skapat en unders\u00f6knings-l\u00f6sning som g\u00f6r att du kan [&hellip;]<\/p>","protected":false},"author":1,"featured_media":0,"parent":0,"menu_order":0,"comment_status":"closed","ping_status":"closed","template":"","meta":{"_import_markdown_pro_load_document_selector":0,"_import_markdown_pro_submit_text_textarea":"","footnotes":""},"class_list":["post-13","page","type-page","status-publish","hentry"],"yoast_head":"<!-- This site is optimized with the Yoast SEO Premium plugin v26.1 (Yoast SEO v26.1.1) - https:\/\/yoast.com\/wordpress\/plugins\/seo\/ -->\n<title>Smarta enk\u00e4t- och unders\u00f6kningstj\u00e4nster f\u00f6r f\u00f6retag - ip1survey.se<\/title>\n<meta name=\"robots\" content=\"index, follow, max-snippet:-1, max-image-preview:large, max-video-preview:-1\" \/>\n<link rel=\"canonical\" href=\"https:\/\/ip1survey.se\/en\/\" \/>\n<meta property=\"og:locale\" content=\"en_US\" \/>\n<meta property=\"og:type\" content=\"article\" \/>\n<meta property=\"og:title\" content=\"Smarta enk\u00e4t- och unders\u00f6kningstj\u00e4nster f\u00f6r f\u00f6retag\" \/>\n<meta property=\"og:description\" content=\"Smarta enk\u00e4t-tj\u00e4nster f\u00f6r f\u00f6retag Med unders\u00f6kningstj\u00e4nster fr\u00e5n iP.1 vet du att n\u00e5r igenom bruset. Vi erbjuder unders\u00f6kningstj\u00e4nster f\u00f6r b\u00e5de sm\u00e5 och stora f\u00f6retag, oavsett anv\u00e4ndningsomr\u00e5de! Testa kostnadsfrittKontakta oss Unders\u00f6kningar i flera kanaler Vi tror att det viktigaste \u00e4r att motivera dina respondenter att svara, d\u00e4rf\u00f6r har vi skapat en unders\u00f6knings-l\u00f6sning som g\u00f6r att du kan [&hellip;]\" \/>\n<meta property=\"og:url\" content=\"https:\/\/ip1survey.se\/en\/\" \/>\n<meta property=\"og:site_name\" content=\"ip1survey.se\" \/>\n<meta property=\"article:publisher\" content=\"https:\/\/facebook.com\/IP1AB\" \/>\n<meta property=\"article:modified_time\" content=\"2025-04-03T06:44:34+00:00\" \/>\n<meta name=\"twitter:card\" content=\"summary_large_image\" \/>\n<meta name=\"twitter:label1\" content=\"Est. reading time\" \/>\n\t<meta name=\"twitter:data1\" content=\"2 minutes\" \/>\n<script type=\"application\/ld+json\" class=\"yoast-schema-graph\">{\"@context\":\"https:\/\/schema.org\",\"@graph\":[{\"@type\":\"WebPage\",\"@id\":\"https:\/\/ip1survey.se\/\",\"url\":\"https:\/\/ip1survey.se\/\",\"name\":\"Smarta enk\u00e4t- och unders\u00f6kningstj\u00e4nster f\u00f6r f\u00f6retag - ip1survey.se\",\"isPartOf\":{\"@id\":\"http:\/\/ip1survey.se\/en\/#website\"},\"datePublished\":\"2025-03-04T07:51:30+00:00\",\"dateModified\":\"2025-04-03T06:44:34+00:00\",\"breadcrumb\":{\"@id\":\"https:\/\/ip1survey.se\/#breadcrumb\"},\"inLanguage\":\"en-US\",\"potentialAction\":[{\"@type\":\"ReadAction\",\"target\":[\"https:\/\/ip1survey.se\/\"]}]},{\"@type\":\"BreadcrumbList\",\"@id\":\"https:\/\/ip1survey.se\/#breadcrumb\",\"itemListElement\":[{\"@type\":\"ListItem\",\"position\":1,\"name\":\"Home\",\"item\":\"https:\/\/ip1survey.se\/\"},{\"@type\":\"ListItem\",\"position\":2,\"name\":\"Smarta enk\u00e4t- och unders\u00f6kningstj\u00e4nster f\u00f6r f\u00f6retag\"}]},{\"@type\":\"WebSite\",\"@id\":\"http:\/\/ip1survey.se\/en\/#website\",\"url\":\"http:\/\/ip1survey.se\/en\/\",\"name\":\"ip1survey.se\",\"description\":\"\",\"publisher\":{\"@id\":\"http:\/\/ip1survey.se\/en\/#organization\"},\"potentialAction\":[{\"@type\":\"SearchAction\",\"target\":{\"@type\":\"EntryPoint\",\"urlTemplate\":\"http:\/\/ip1survey.se\/en\/?s={search_term_string}\"},\"query-input\":{\"@type\":\"PropertyValueSpecification\",\"valueRequired\":true,\"valueName\":\"search_term_string\"}}],\"inLanguage\":\"en-US\"},{\"@type\":\"Organization\",\"@id\":\"http:\/\/ip1survey.se\/en\/#organization\",\"name\":\"iP.1 Networks AB\",\"url\":\"http:\/\/ip1survey.se\/en\/\",\"logo\":{\"@type\":\"ImageObject\",\"inLanguage\":\"en-US\",\"@id\":\"http:\/\/ip1survey.se\/en\/#\/schema\/logo\/image\/\",\"url\":\"http:\/\/ip1survey.se\/wp-content\/uploads\/2025\/03\/ip1-logo-white.svg\",\"contentUrl\":\"http:\/\/ip1survey.se\/wp-content\/uploads\/2025\/03\/ip1-logo-white.svg\",\"width\":1,\"height\":1,\"caption\":\"iP.1 Networks AB\"},\"image\":{\"@id\":\"http:\/\/ip1survey.se\/en\/#\/schema\/logo\/image\/\"},\"sameAs\":[\"https:\/\/facebook.com\/IP1AB\"]}]}<\/script>\n<!-- \/ Yoast SEO Premium plugin. -->","yoast_head_json":{"title":"Smarta enk\u00e4t- och unders\u00f6kningstj\u00e4nster f\u00f6r f\u00f6retag - ip1survey.se","robots":{"index":"index","follow":"follow","max-snippet":"max-snippet:-1","max-image-preview":"max-image-preview:large","max-video-preview":"max-video-preview:-1"},"canonical":"https:\/\/ip1survey.se\/en\/","og_locale":"en_US","og_type":"article","og_title":"Smarta enk\u00e4t- och unders\u00f6kningstj\u00e4nster f\u00f6r f\u00f6retag","og_description":"Smarta enk\u00e4t-tj\u00e4nster f\u00f6r f\u00f6retag Med unders\u00f6kningstj\u00e4nster fr\u00e5n iP.1 vet du att n\u00e5r igenom bruset. Vi erbjuder unders\u00f6kningstj\u00e4nster f\u00f6r b\u00e5de sm\u00e5 och stora f\u00f6retag, oavsett anv\u00e4ndningsomr\u00e5de! Testa kostnadsfrittKontakta oss Unders\u00f6kningar i flera kanaler Vi tror att det viktigaste \u00e4r att motivera dina respondenter att svara, d\u00e4rf\u00f6r har vi skapat en unders\u00f6knings-l\u00f6sning som g\u00f6r att du kan [&hellip;]","og_url":"https:\/\/ip1survey.se\/en\/","og_site_name":"ip1survey.se","article_publisher":"https:\/\/facebook.com\/IP1AB","article_modified_time":"2025-04-03T06:44:34+00:00","twitter_card":"summary_large_image","twitter_misc":{"Est. reading time":"2 minutes"},"schema":{"@context":"https:\/\/schema.org","@graph":[{"@type":"WebPage","@id":"https:\/\/ip1survey.se\/","url":"https:\/\/ip1survey.se\/","name":"Smarta enk\u00e4t- och unders\u00f6kningstj\u00e4nster f\u00f6r f\u00f6retag - ip1survey.se","isPartOf":{"@id":"http:\/\/ip1survey.se\/en\/#website"},"datePublished":"2025-03-04T07:51:30+00:00","dateModified":"2025-04-03T06:44:34+00:00","breadcrumb":{"@id":"https:\/\/ip1survey.se\/#breadcrumb"},"inLanguage":"en-US","potentialAction":[{"@type":"ReadAction","target":["https:\/\/ip1survey.se\/"]}]},{"@type":"BreadcrumbList","@id":"https:\/\/ip1survey.se\/#breadcrumb","itemListElement":[{"@type":"ListItem","position":1,"name":"Home","item":"https:\/\/ip1survey.se\/"},{"@type":"ListItem","position":2,"name":"Smarta enk\u00e4t- och unders\u00f6kningstj\u00e4nster f\u00f6r f\u00f6retag"}]},{"@type":"WebSite","@id":"http:\/\/ip1survey.se\/en\/#website","url":"http:\/\/ip1survey.se\/en\/","name":"ip1survey.se","description":"","publisher":{"@id":"http:\/\/ip1survey.se\/en\/#organization"},"potentialAction":[{"@type":"SearchAction","target":{"@type":"EntryPoint","urlTemplate":"http:\/\/ip1survey.se\/en\/?s={search_term_string}"},"query-input":{"@type":"PropertyValueSpecification","valueRequired":true,"valueName":"search_term_string"}}],"inLanguage":"en-US"},{"@type":"Organization","@id":"http:\/\/ip1survey.se\/en\/#organization","name":"iP.1 Networks AB","url":"http:\/\/ip1survey.se\/en\/","logo":{"@type":"ImageObject","inLanguage":"en-US","@id":"http:\/\/ip1survey.se\/en\/#\/schema\/logo\/image\/","url":"http:\/\/ip1survey.se\/wp-content\/uploads\/2025\/03\/ip1-logo-white.svg","contentUrl":"http:\/\/ip1survey.se\/wp-content\/uploads\/2025\/03\/ip1-logo-white.svg","width":1,"height":1,"caption":"iP.1 Networks AB"},"image":{"@id":"http:\/\/ip1survey.se\/en\/#\/schema\/logo\/image\/"},"sameAs":["https:\/\/facebook.com\/IP1AB"]}]}},"_links":{"self":[{"href":"https:\/\/ip1survey.se\/en\/wp-json\/wp\/v2\/pages\/13","targetHints":{"allow":["GET"]}}],"collection":[{"href":"https:\/\/ip1survey.se\/en\/wp-json\/wp\/v2\/pages"}],"about":[{"href":"https:\/\/ip1survey.se\/en\/wp-json\/wp\/v2\/types\/page"}],"author":[{"embeddable":true,"href":"https:\/\/ip1survey.se\/en\/wp-json\/wp\/v2\/users\/1"}],"replies":[{"embeddable":true,"href":"https:\/\/ip1survey.se\/en\/wp-json\/wp\/v2\/comments?post=13"}],"version-history":[{"count":26,"href":"https:\/\/ip1survey.se\/en\/wp-json\/wp\/v2\/pages\/13\/revisions"}],"predecessor-version":[{"id":421,"href":"https:\/\/ip1survey.se\/en\/wp-json\/wp\/v2\/pages\/13\/revisions\/421"}],"wp:attachment":[{"href":"https:\/\/ip1survey.se\/en\/wp-json\/wp\/v2\/media?parent=13"}],"curies":[{"name":"wp","href":"https:\/\/api.w.org\/{rel}","templated":true}]}}