{"id":178,"date":"2025-03-05T14:44:21","date_gmt":"2025-03-05T14:44:21","guid":{"rendered":"https:\/\/ip1survey.se\/?page_id=178"},"modified":"2025-10-13T06:37:54","modified_gmt":"2025-10-13T06:37:54","slug":"conditional-questions","status":"publish","type":"page","link":"https:\/\/ip1survey.se\/en\/conditional-questions\/","title":{"rendered":"Conditional questions"},"content":{"rendered":"<div class=\"wp-block-columns justify-content-center mt-5 has-white-background-color has-background is-layout-flex wp-container-core-columns-is-layout-9d6595d7 wp-block-columns-is-layout-flex\">\n<div class=\"wp-block-column is-layout-flow wp-block-column-is-layout-flow\" style=\"flex-basis:70%\">\n<h1 class=\"wp-block-heading\" id=\"h-fragelogik-later-dig-bestamma-djupet-av-mottagen-data\">Query logic allows you to determine the depth of data received<\/h1>\n\n\n\n<h2 class=\"wp-block-heading\" id=\"h-vad-ar-fragelogik\">What is question logic?<\/h2>\n\n\n\n<p>Question logic creates a flow of questions based on what respondents have provided in response to previous questions. This allows you to create follow-up questions to collect more data and gain a greater understanding of your respondents' answers on a specific topic.<\/p>\n<\/div>\n<\/div>\n\n\n\n<div class=\"wp-block-columns has-background is-layout-flex wp-container-core-columns-is-layout-9d6595d7 wp-block-columns-is-layout-flex\" style=\"background-color:#fafafa\">\n<div class=\"wp-block-column is-vertically-aligned-center px-5 is-layout-flow wp-block-column-is-layout-flow\">\n<h3 class=\"wp-block-heading\" id=\"h-villkorsbaserade-visningsregler\">Conditional display rules<\/h3>\n\n\n\n<p>One Survey has functionality that allows you to create advanced question logic by applying display conditions.<\/p>\n\n\n\n<p>If a question asks you for your opinion about apples and allows you to answer the question by choosing between \u201cYes\u201d or \u201cNo,\u201d \u201cYes\u201d will lead you to a follow-up question while \u201cNo\u201d will lead you further in the hierarchical question flow.<\/p>\n\n\n\n<p>You can compare this to taking a detour on your way home from work, your destination will be the same in the end, but you will pass some other sights along the way.<\/p>\n<\/div>\n\n\n\n<div class=\"wp-block-column is-vertically-aligned-center px-5 is-layout-flow wp-block-column-is-layout-flow\">\n<figure class=\"wp-block-image size-full my-5\"><img decoding=\"async\" src=\"https:\/\/ip1survey.se\/wp-content\/uploads\/2025\/10\/conditional-question-flow.svg\" alt=\"\" class=\"wp-image-183\" style=\"object-fit:cover\" title=\"\"\/><\/figure>\n<\/div>\n<\/div>\n\n\n\n<div class=\"wp-block-columns has-white-background-color has-background is-layout-flex wp-container-core-columns-is-layout-9d6595d7 wp-block-columns-is-layout-flex\">\n<div class=\"wp-block-column is-vertically-aligned-center px-5 is-layout-flow wp-block-column-is-layout-flow\"><div class=\"wp-block-image\">\n<figure class=\"aligncenter size-full\"><img decoding=\"async\" src=\"https:\/\/ip1survey.se\/wp-content\/uploads\/2025\/10\/add-condtion-en.jpg\" alt=\"\" class=\"wp-image-218\"\/><\/figure>\n<\/div><\/div>\n\n\n\n<div class=\"wp-block-column is-vertically-aligned-center px-5 is-layout-flow wp-block-column-is-layout-flow\">\n<h2 class=\"wp-block-heading\" id=\"h-villkors-operatorer\">Condition operators<\/h2>\n\n\n\n<p>Conditional operators help you determine when the conditional query should be displayed. There are different conditional operators depending on the type of query and the value your query will generate. All available operators are presented in the table below along with a description and which query types they are suitable for.<\/p>\n\n\n\n<p>All conditional queries depend on a parent query, which is an important part of creating query logic. A parent query must always come before a conditional query in the order. If the conditions drop-down menu does not contain any queries, it means that the hierarchy of your queries does not allow you to create a display rule. In that case, try changing the order of the conditional or parent query.<\/p>\n<\/div>\n<\/div>\n\n\n\n<div class=\"wp-block-columns are-vertically-aligned-center justify-content-center mt-5 has-background is-layout-flex wp-container-core-columns-is-layout-9d6595d7 wp-block-columns-is-layout-flex\" style=\"background-color:#fafafa\">\n<div class=\"wp-block-column is-vertically-aligned-center is-layout-flow wp-block-column-is-layout-flow\" style=\"flex-basis:70%\">\n<table class=\"table table-striped\">\n    <thead>\n        <tr>\n            <th>Operator<\/th>\n            <th>Description<\/th>\n            <th>Applicable to<\/th>\n        <\/tr>\n    <\/thead>\n    <tbody>\n        <tr>\n            <td>Is Empty<\/td>\n            <td>Displays the conditional question if the answer to the parent question is blank.<\/td>\n            <td class=\"text-right\"><img decoding=\"async\"\n                    src=\"https:\/\/ip1survey.se\/wp-content\/uploads\/2025\/03\/questiontype_short-answer.svg\"\n                    title=\"Fr\u00e5getyp Korta textsvar\"><img decoding=\"async\"\n                    src=\"http:\/\/ip1survey.se\/wp-content\/uploads\/2025\/03\/questiontype_long-answer.svg\" title=\"Fr\u00e5getyp L\u00e5nga textsvar\"><img decoding=\"async\" \n                    src=\"http:\/\/ip1survey.se\/wp-content\/uploads\/2025\/03\/questiontype_geo-location.svg\"\n                    title=\"Fr\u00e5getyp Kartval\"><\/td>\n        <\/tr>\n        <tr>\n            <td>Is Not Empty<\/td>\n            <td>Displays the conditional question if the answer to the parent question is not blank.<\/td>\n            <td class=\"text-right\"><img decoding=\"async\"\n                    src=\"https:\/\/ip1survey.se\/wp-content\/uploads\/2025\/03\/questiontype_short-answer.svg\" title=\"Fr\u00e5getyp Korta textsvar\"><img decoding=\"async\"\n                    src=\"https:\/\/ip1survey.se\/wp-content\/uploads\/2025\/03\/questiontype_long-answer.svg\"\n                    title=\"Fr\u00e5getyp L\u00e5nga textsvar\"><img decoding=\"async\"\n                    src=\"https:\/\/ip1survey.se\/wp-content\/uploads\/2025\/03\/questiontype_geo-location.svg\" title=\"Fr\u00e5getyp Kartval\"><\/td>\n        <\/tr>\n        <tr>\n            <td>Contains<\/td>\n            <td>Displays the conditional question if the answer to the parent question contains a certain text string, such as \"green apples\".<\/td>\n            <td class=\"text-right\"><img decoding=\"async\"\n                    src=\"https:\/\/ip1survey.se\/wp-content\/uploads\/2025\/03\/questiontype_short-answer.svg\" title=\"Fr\u00e5getyp Korta textsvar\"><img decoding=\"async\"\n                    src=\"https:\/\/ip1survey.se\/wp-content\/uploads\/2025\/03\/questiontype_long-answer.svg\"\n                    title=\"Fr\u00e5getyp L\u00e5nga textsvar\"><\/td>\n        <\/tr>\n        <tr>\n            <td>Does not contain<\/td>\n            <td>Displays the conditional question if the answer to the overridden question does not contain a certain text string, such as \"red apples.\"<\/td>\n            <td class=\"text-right\"><img decoding=\"async\"\n                    src=\"https:\/\/ip1survey.se\/wp-content\/uploads\/2025\/03\/questiontype_short-answer.svg\" title=\"Fr\u00e5getyp Korta textsvar\"><img decoding=\"async\"\n                    src=\"https:\/\/ip1survey.se\/wp-content\/uploads\/2025\/03\/questiontype_long-answer.svg\"\n                    title=\"Fr\u00e5getyp L\u00e5nga textsvar\"><\/td>\n        <\/tr>\n        <tr>\n            <td>Selected Quantity<\/td>\n            <td>Displays the conditional query if a specific value in the parent query is selected.<\/td>\n            <td class=\"text-right\"><img decoding=\"async\"\n                    src=\"https:\/\/ip1survey.se\/wp-content\/uploads\/2025\/03\/questiontype_checkbox.svg\" title=\"Fr\u00e5getyp Kryssruta\"><\/td>\n        <\/tr>\n        <tr>\n            <td>Is selected<\/td>\n            <td>Displays the conditional query if a specific value in the parent query is selected.<\/td>\n            <td class=\"text-right\"><img decoding=\"async\"\n                    src=\"https:\/\/ip1survey.se\/wp-content\/uploads\/2025\/03\/questiontype_checkbox.svg\" title=\"Fr\u00e5getyp Kryssruta\"><img decoding=\"async\"\n                    src=\"https:\/\/ip1survey.se\/wp-content\/uploads\/2025\/03\/questiontype_radio-button.svg\"\n                    title=\"Fr\u00e5getyp Radioknapp\"><img decoding=\"async\"\n                    src=\"https:\/\/ip1survey.se\/wp-content\/uploads\/2025\/03\/questiontype_select-box.svg\" title=\"Fr\u00e5getyp Rullgardin\"><img decoding=\"async\"\n                    src=\"https:\/\/ip1survey.se\/wp-content\/uploads\/2025\/03\/multiple-dropdown.svg\"\n                    title=\"Fr\u00e5getyp Multipla Rullgardiner\"><\/td>\n        <\/tr>\n        <tr>\n            <td>Is not selected<\/td>\n            <td>Displays the conditional query if a specific value in the parent query is not selected.<\/td>\n            <td class=\"text-right\"><img decoding=\"async\"\n                    src=\"https:\/\/ip1survey.se\/wp-content\/uploads\/2025\/03\/questiontype_checkbox.svg\" title=\"Fr\u00e5getyp Kryssruta\"><img decoding=\"async\"\n                    src=\"https:\/\/ip1survey.se\/wp-content\/uploads\/2025\/03\/questiontype_radio-button.svg\"\n                    title=\"Fr\u00e5getyp Radioknapp\"><img decoding=\"async\"\n                    src=\"https:\/\/ip1survey.se\/wp-content\/uploads\/2025\/03\/questiontype_select-box.svg\" title=\"Fr\u00e5getyp Rullgardin\"><img decoding=\"async\"\n                    src=\"https:\/\/ip1survey.se\/wp-content\/uploads\/2025\/03\/multiple-dropdown.svg\"\n                    title=\"Fr\u00e5getyp Multipla Rullgardiner\"><\/td>\n        <\/tr>\n        <tr>\n            <td>Is One Of<\/td>\n            <td>Show the conditional query if one of several specific values \u200b\u200bin the parent query is not selected.<\/td>\n            <td class=\"text-right\"><img decoding=\"async\"\n                    src=\"https:\/\/ip1survey.se\/wp-content\/uploads\/2025\/03\/questiontype_checkbox.svg\" title=\"Fr\u00e5getyp Kryssruta\"><img decoding=\"async\"\n                    src=\"https:\/\/ip1survey.se\/wp-content\/uploads\/2025\/03\/multiple-dropdown.svg\"\n                    title=\"Fr\u00e5getyp Multipla Rullgardiner\"><\/td>\n        <\/tr>\n        <tr>\n            <td>Is Not One Of<\/td>\n            <td>Show the conditional query if one of several specific values \u200b\u200bin the parent query is not selected.<\/td>\n            <td class=\"text-right\"><img decoding=\"async\"\n                    src=\"https:\/\/ip1survey.se\/wp-content\/uploads\/2025\/03\/questiontype_checkbox.svg\" title=\"Fr\u00e5getyp Kryssruta\"><img decoding=\"async\"\n                    src=\"https:\/\/ip1survey.se\/wp-content\/uploads\/2025\/03\/multiple-dropdown.svg\"\n                    title=\"Fr\u00e5getyp Multipla Rullgardiner\"><\/td>\n        <\/tr>\n        <tr>\n            <td>Is All Off<\/td>\n            <td>Displays conditional queries if all specific values \u200b\u200bin the overridden query have been selected.<\/td>\n            <td class=\"text-right\"><img decoding=\"async\"\n                    src=\"https:\/\/ip1survey.se\/wp-content\/uploads\/2025\/03\/questiontype_checkbox.svg\" title=\"Fr\u00e5getyp Kryssruta\"><\/td>\n        <\/tr>\n        <tr>\n            <td>Is None Of<\/td>\n            <td>Displays the conditional query if none of the specific values \u200b\u200bin the parent query have been selected.<\/td>\n            <td class=\"text-right\"><img decoding=\"async\"\n                    src=\"https:\/\/ip1survey.se\/wp-content\/uploads\/2025\/03\/questiontype_checkbox.svg\" title=\"Fr\u00e5getyp Kryssruta\"><\/td>\n        <\/tr>\n        <tr>\n            <td>Equal to<\/td>\n            <td>Displays the conditional query if the value is equal to a certain value in the parent query.<\/td>\n            <td class=\"text-right\"><img decoding=\"async\"\n                    src=\"https:\/\/ip1survey.se\/wp-content\/uploads\/2025\/03\/questiontype_slider.svg\" title=\"Fr\u00e5getyp V\u00e4rdereglage\"><img decoding=\"async\"\n                    src=\"https:\/\/ip1survey.se\/wp-content\/uploads\/2025\/03\/multiple-value.svg\"\n                    title=\"Question Type Multiple Value Sliders\"><img decoding=\"async\"\n                    src=\"http:\/\/ip1survey.se\/wp-content\/uploads\/2025\/03\/questiontype_image-question.svg\" title=\"Question type Image selection\"><img decoding=\"async\"\n                    src=\"https:\/\/ip1survey.se\/wp-content\/uploads\/2025\/03\/questiontype_emoji.svg\"\n                    title=\"Question type Emoji question\"><\/td>\n        <\/tr>\n        <tr>\n            <td>Not Equal To<\/td>\n            <td>Displays the conditional query if a value is not equal to a selected value in the parent query.<\/td>\n            <td class=\"text-right\"><img decoding=\"async\"\n                    src=\"https:\/\/ip1survey.se\/wp-content\/uploads\/2025\/03\/questiontype_slider.svg\" title=\"Fr\u00e5getyp V\u00e4rdereglage\"><img decoding=\"async\"\n                    src=\"https:\/\/ip1survey.se\/wp-content\/uploads\/2025\/03\/multiple-value.svg\"\n                    title=\"Question Type Multiple Value Sliders\"><img decoding=\"async\"\n                    src=\"https:\/\/ip1survey.se\/wp-content\/uploads\/2025\/03\/questiontype_image-question.svg\" title=\"Question type Image selection\"><img decoding=\"async\"\n                    src=\"https:\/\/ip1survey.se\/wp-content\/uploads\/2025\/03\/questiontype_emoji.svg\"\n                    title=\"Question type Emoji question\"><\/td>\n        <\/tr>\n        <tr>\n            <td>Greater Than<\/td>\n            <td>Displays the conditional query if a value is greater than a selected value in the parent query.<\/td>\n            <td class=\"text-right\"><img decoding=\"async\"\n                    src=\"https:\/\/ip1survey.se\/wp-content\/uploads\/2025\/03\/questiontype_slider.svg\" title=\"Fr\u00e5getyp V\u00e4rdereglage\"><img decoding=\"async\"\n                    src=\"https:\/\/ip1survey.se\/wp-content\/uploads\/2025\/03\/multiple-value.svg\"\n                    title=\"Question Type Multiple Value Sliders\"><img decoding=\"async\"\n                    src=\"https:\/\/ip1survey.se\/wp-content\/uploads\/2025\/03\/questiontype_image-question.svg\" title=\"Question type Image selection\"><img decoding=\"async\"\n                    src=\"https:\/\/ip1survey.se\/wp-content\/uploads\/2025\/03\/questiontype_emoji.svg\"\n                    title=\"Question type Emoji question\"><\/td>\n        <\/tr>\n        <tr>\n            <td>Greater Than or Equal To<\/td>\n            <td>Displays the conditional query if a value is greater than or equal to a selected value in the parent query.<\/td>\n            <td class=\"text-right\"><img decoding=\"async\"\n                    src=\"https:\/\/ip1survey.se\/wp-content\/uploads\/2025\/03\/questiontype_slider.svg\" title=\"Fr\u00e5getyp V\u00e4rdereglage\"><img decoding=\"async\"\n                    src=\"https:\/\/ip1survey.se\/wp-content\/uploads\/2025\/03\/multiple-value.svg\"\n                    title=\"Question Type Multiple Value Sliders\"><img decoding=\"async\"\n                    src=\"https:\/\/ip1survey.se\/wp-content\/uploads\/2025\/03\/questiontype_image-question.svg\" title=\"Question type Image selection\"><img decoding=\"async\"\n                    src=\"https:\/\/ip1survey.se\/wp-content\/uploads\/2025\/03\/questiontype_emoji.svg\"\n                    title=\"Question type Emoji question\"><\/td>\n        <\/tr>\n        <tr>\n            <td>Less Than<\/td>\n            <td>Displays the conditional query if a value is less than a selected value in the parent query.<\/td>\n            <td class=\"text-right\"><img decoding=\"async\"\n                    src=\"https:\/\/ip1survey.se\/wp-content\/uploads\/2025\/03\/questiontype_slider.svg\" title=\"Fr\u00e5getyp V\u00e4rdereglage\"><img decoding=\"async\"\n                    src=\"https:\/\/ip1survey.se\/wp-content\/uploads\/2025\/03\/multiple-value.svg\"\n                    title=\"Question Type Multiple Value Sliders\"><img decoding=\"async\"\n                    src=\"https:\/\/ip1survey.se\/wp-content\/uploads\/2025\/03\/questiontype_image-question.svg\" title=\"Question type Image selection\"><img decoding=\"async\"\n                    src=\"https:\/\/ip1survey.se\/wp-content\/uploads\/2025\/03\/questiontype_emoji.svg\"\n                    title=\"Question type Emoji question\"><\/td>\n        <\/tr>\n        <tr>\n            <td>Less Than or Equal To<\/td>\n            <td>Displays the conditional query if a value is less than or equal to a selected value in the parent query.<\/td>\n            <td class=\"text-right\"><img decoding=\"async\"\n                    src=\"https:\/\/ip1survey.se\/wp-content\/uploads\/2025\/03\/questiontype_slider.svg\" title=\"Fr\u00e5getyp V\u00e4rdereglage\"><img decoding=\"async\"\n                    src=\"https:\/\/ip1survey.se\/wp-content\/uploads\/2025\/03\/multiple-value.svg\"\n                    title=\"Question Type Multiple Value Sliders\"><img decoding=\"async\"\n                    src=\"https:\/\/ip1survey.se\/wp-content\/uploads\/2025\/03\/questiontype_image-question.svg\" title=\"Question type Image selection\"><img decoding=\"async\"\n                    src=\"https:\/\/ip1survey.se\/wp-content\/uploads\/2025\/03\/questiontype_emoji.svg\"\n                    title=\"Question type Emoji question\"><\/td>\n        <\/tr>\n    <\/tbody>\n<\/table>\n<\/div>\n<\/div>","protected":false},"excerpt":{"rendered":"<p>Fr\u00e5gelogik l\u00e5ter dig best\u00e4mma djupet av mottagen data Vad \u00e4r fr\u00e5gelogik? Fr\u00e5gelogik skapar ett fl\u00f6de av fr\u00e5gor baserat p\u00e5 vad respondenterna har gett som svar p\u00e5 tidigare fr\u00e5gor. Detta g\u00f6r att du kan skapa uppf\u00f6ljningsfr\u00e5gor f\u00f6r att kunna samla in mer data och d\u00e4rmed f\u00e5 en st\u00f6rre f\u00f6rst\u00e5else f\u00f6r dina respondenters svar om ett specifikt [&hellip;]<\/p>","protected":false},"author":1,"featured_media":0,"parent":0,"menu_order":0,"comment_status":"closed","ping_status":"closed","template":"","meta":{"_import_markdown_pro_load_document_selector":0,"_import_markdown_pro_submit_text_textarea":"","footnotes":""},"class_list":["post-178","page","type-page","status-publish","hentry"],"yoast_head":"<!-- This site is optimized with the Yoast SEO Premium plugin v26.1 (Yoast SEO v26.1.1) - https:\/\/yoast.com\/wordpress\/plugins\/seo\/ -->\n<title>Villkorsbaserade fr\u00e5gor - ip1survey.se<\/title>\n<meta name=\"robots\" content=\"index, follow, max-snippet:-1, max-image-preview:large, max-video-preview:-1\" \/>\n<link rel=\"canonical\" href=\"https:\/\/ip1survey.se\/en\/conditional-questions\/\" \/>\n<meta property=\"og:locale\" content=\"en_US\" \/>\n<meta property=\"og:type\" content=\"article\" \/>\n<meta property=\"og:title\" content=\"Villkorsbaserade fr\u00e5gor\" \/>\n<meta property=\"og:description\" content=\"Fr\u00e5gelogik l\u00e5ter dig best\u00e4mma djupet av mottagen data Vad \u00e4r fr\u00e5gelogik? Fr\u00e5gelogik skapar ett fl\u00f6de av fr\u00e5gor baserat p\u00e5 vad respondenterna har gett som svar p\u00e5 tidigare fr\u00e5gor. Detta g\u00f6r att du kan skapa uppf\u00f6ljningsfr\u00e5gor f\u00f6r att kunna samla in mer data och d\u00e4rmed f\u00e5 en st\u00f6rre f\u00f6rst\u00e5else f\u00f6r dina respondenters svar om ett specifikt [&hellip;]\" \/>\n<meta property=\"og:url\" content=\"https:\/\/ip1survey.se\/en\/conditional-questions\/\" \/>\n<meta property=\"og:site_name\" content=\"ip1survey.se\" \/>\n<meta property=\"article:publisher\" content=\"https:\/\/facebook.com\/IP1AB\" \/>\n<meta property=\"article:modified_time\" content=\"2025-10-13T06:37:54+00:00\" \/>\n<meta property=\"og:image\" content=\"http:\/\/ip1survey.se\/wp-content\/uploads\/2025\/03\/conditional-question-flow-sv.svg\" \/>\n<meta name=\"twitter:card\" content=\"summary_large_image\" \/>\n<meta name=\"twitter:label1\" content=\"Est. reading time\" \/>\n\t<meta name=\"twitter:data1\" content=\"14 minutes\" \/>\n<script type=\"application\/ld+json\" class=\"yoast-schema-graph\">{\"@context\":\"https:\/\/schema.org\",\"@graph\":[{\"@type\":\"WebPage\",\"@id\":\"https:\/\/ip1survey.se\/villkorsbaserade-fragor\/\",\"url\":\"https:\/\/ip1survey.se\/villkorsbaserade-fragor\/\",\"name\":\"Villkorsbaserade fr\u00e5gor - ip1survey.se\",\"isPartOf\":{\"@id\":\"http:\/\/ip1survey.se\/en\/#website\"},\"primaryImageOfPage\":{\"@id\":\"https:\/\/ip1survey.se\/villkorsbaserade-fragor\/#primaryimage\"},\"image\":{\"@id\":\"https:\/\/ip1survey.se\/villkorsbaserade-fragor\/#primaryimage\"},\"thumbnailUrl\":\"http:\/\/ip1survey.se\/wp-content\/uploads\/2025\/03\/conditional-question-flow-sv.svg\",\"datePublished\":\"2025-03-05T14:44:21+00:00\",\"dateModified\":\"2025-10-13T06:37:54+00:00\",\"breadcrumb\":{\"@id\":\"https:\/\/ip1survey.se\/villkorsbaserade-fragor\/#breadcrumb\"},\"inLanguage\":\"en-US\",\"potentialAction\":[{\"@type\":\"ReadAction\",\"target\":[\"https:\/\/ip1survey.se\/villkorsbaserade-fragor\/\"]}]},{\"@type\":\"ImageObject\",\"inLanguage\":\"en-US\",\"@id\":\"https:\/\/ip1survey.se\/villkorsbaserade-fragor\/#primaryimage\",\"url\":\"http:\/\/ip1survey.se\/wp-content\/uploads\/2025\/03\/conditional-question-flow-sv.svg\",\"contentUrl\":\"http:\/\/ip1survey.se\/wp-content\/uploads\/2025\/03\/conditional-question-flow-sv.svg\"},{\"@type\":\"BreadcrumbList\",\"@id\":\"https:\/\/ip1survey.se\/villkorsbaserade-fragor\/#breadcrumb\",\"itemListElement\":[{\"@type\":\"ListItem\",\"position\":1,\"name\":\"Home\",\"item\":\"https:\/\/ip1survey.se\/\"},{\"@type\":\"ListItem\",\"position\":2,\"name\":\"Villkorsbaserade fr\u00e5gor\"}]},{\"@type\":\"WebSite\",\"@id\":\"http:\/\/ip1survey.se\/en\/#website\",\"url\":\"http:\/\/ip1survey.se\/en\/\",\"name\":\"ip1survey.se\",\"description\":\"\",\"publisher\":{\"@id\":\"http:\/\/ip1survey.se\/en\/#organization\"},\"potentialAction\":[{\"@type\":\"SearchAction\",\"target\":{\"@type\":\"EntryPoint\",\"urlTemplate\":\"http:\/\/ip1survey.se\/en\/?s={search_term_string}\"},\"query-input\":{\"@type\":\"PropertyValueSpecification\",\"valueRequired\":true,\"valueName\":\"search_term_string\"}}],\"inLanguage\":\"en-US\"},{\"@type\":\"Organization\",\"@id\":\"http:\/\/ip1survey.se\/en\/#organization\",\"name\":\"iP.1 Networks AB\",\"url\":\"http:\/\/ip1survey.se\/en\/\",\"logo\":{\"@type\":\"ImageObject\",\"inLanguage\":\"en-US\",\"@id\":\"http:\/\/ip1survey.se\/en\/#\/schema\/logo\/image\/\",\"url\":\"http:\/\/ip1survey.se\/wp-content\/uploads\/2025\/03\/ip1-logo-white.svg\",\"contentUrl\":\"http:\/\/ip1survey.se\/wp-content\/uploads\/2025\/03\/ip1-logo-white.svg\",\"width\":1,\"height\":1,\"caption\":\"iP.1 Networks AB\"},\"image\":{\"@id\":\"http:\/\/ip1survey.se\/en\/#\/schema\/logo\/image\/\"},\"sameAs\":[\"https:\/\/facebook.com\/IP1AB\"]}]}<\/script>\n<!-- \/ Yoast SEO Premium plugin. -->","yoast_head_json":{"title":"Conditional questions - iP1survey.se","robots":{"index":"index","follow":"follow","max-snippet":"max-snippet:-1","max-image-preview":"max-image-preview:large","max-video-preview":"max-video-preview:-1"},"canonical":"https:\/\/ip1survey.se\/en\/conditional-questions\/","og_locale":"en_US","og_type":"article","og_title":"Villkorsbaserade fr\u00e5gor","og_description":"Fr\u00e5gelogik l\u00e5ter dig best\u00e4mma djupet av mottagen data Vad \u00e4r fr\u00e5gelogik? Fr\u00e5gelogik skapar ett fl\u00f6de av fr\u00e5gor baserat p\u00e5 vad respondenterna har gett som svar p\u00e5 tidigare fr\u00e5gor. Detta g\u00f6r att du kan skapa uppf\u00f6ljningsfr\u00e5gor f\u00f6r att kunna samla in mer data och d\u00e4rmed f\u00e5 en st\u00f6rre f\u00f6rst\u00e5else f\u00f6r dina respondenters svar om ett specifikt [&hellip;]","og_url":"https:\/\/ip1survey.se\/en\/conditional-questions\/","og_site_name":"ip1survey.se","article_publisher":"https:\/\/facebook.com\/IP1AB","article_modified_time":"2025-10-13T06:37:54+00:00","og_image":[{"url":"http:\/\/ip1survey.se\/wp-content\/uploads\/2025\/03\/conditional-question-flow-sv.svg","type":"","width":"","height":""}],"twitter_card":"summary_large_image","twitter_misc":{"Est. reading time":"14 minutes"},"schema":{"@context":"https:\/\/schema.org","@graph":[{"@type":"WebPage","@id":"https:\/\/ip1survey.se\/villkorsbaserade-fragor\/","url":"https:\/\/ip1survey.se\/villkorsbaserade-fragor\/","name":"Conditional questions - iP1survey.se","isPartOf":{"@id":"http:\/\/ip1survey.se\/en\/#website"},"primaryImageOfPage":{"@id":"https:\/\/ip1survey.se\/villkorsbaserade-fragor\/#primaryimage"},"image":{"@id":"https:\/\/ip1survey.se\/villkorsbaserade-fragor\/#primaryimage"},"thumbnailUrl":"http:\/\/ip1survey.se\/wp-content\/uploads\/2025\/03\/conditional-question-flow-sv.svg","datePublished":"2025-03-05T14:44:21+00:00","dateModified":"2025-10-13T06:37:54+00:00","breadcrumb":{"@id":"https:\/\/ip1survey.se\/villkorsbaserade-fragor\/#breadcrumb"},"inLanguage":"en-US","potentialAction":[{"@type":"ReadAction","target":["https:\/\/ip1survey.se\/villkorsbaserade-fragor\/"]}]},{"@type":"ImageObject","inLanguage":"en-US","@id":"https:\/\/ip1survey.se\/villkorsbaserade-fragor\/#primaryimage","url":"http:\/\/ip1survey.se\/wp-content\/uploads\/2025\/03\/conditional-question-flow-sv.svg","contentUrl":"http:\/\/ip1survey.se\/wp-content\/uploads\/2025\/03\/conditional-question-flow-sv.svg"},{"@type":"BreadcrumbList","@id":"https:\/\/ip1survey.se\/villkorsbaserade-fragor\/#breadcrumb","itemListElement":[{"@type":"ListItem","position":1,"name":"Home","item":"https:\/\/ip1survey.se\/"},{"@type":"ListItem","position":2,"name":"Villkorsbaserade fr\u00e5gor"}]},{"@type":"WebSite","@id":"http:\/\/ip1survey.se\/en\/#website","url":"http:\/\/ip1survey.se\/en\/","name":"ip1survey.se","description":"","publisher":{"@id":"http:\/\/ip1survey.se\/en\/#organization"},"potentialAction":[{"@type":"SearchAction","target":{"@type":"EntryPoint","urlTemplate":"http:\/\/ip1survey.se\/en\/?s={search_term_string}"},"query-input":{"@type":"PropertyValueSpecification","valueRequired":true,"valueName":"search_term_string"}}],"inLanguage":"en-US"},{"@type":"Organization","@id":"http:\/\/ip1survey.se\/en\/#organization","name":"iP.1 Networks AB","url":"http:\/\/ip1survey.se\/en\/","logo":{"@type":"ImageObject","inLanguage":"en-US","@id":"http:\/\/ip1survey.se\/en\/#\/schema\/logo\/image\/","url":"http:\/\/ip1survey.se\/wp-content\/uploads\/2025\/03\/ip1-logo-white.svg","contentUrl":"http:\/\/ip1survey.se\/wp-content\/uploads\/2025\/03\/ip1-logo-white.svg","width":1,"height":1,"caption":"iP.1 Networks AB"},"image":{"@id":"http:\/\/ip1survey.se\/en\/#\/schema\/logo\/image\/"},"sameAs":["https:\/\/facebook.com\/IP1AB"]}]}},"_links":{"self":[{"href":"https:\/\/ip1survey.se\/en\/wp-json\/wp\/v2\/pages\/178","targetHints":{"allow":["GET"]}}],"collection":[{"href":"https:\/\/ip1survey.se\/en\/wp-json\/wp\/v2\/pages"}],"about":[{"href":"https:\/\/ip1survey.se\/en\/wp-json\/wp\/v2\/types\/page"}],"author":[{"embeddable":true,"href":"https:\/\/ip1survey.se\/en\/wp-json\/wp\/v2\/users\/1"}],"replies":[{"embeddable":true,"href":"https:\/\/ip1survey.se\/en\/wp-json\/wp\/v2\/comments?post=178"}],"version-history":[{"count":25,"href":"https:\/\/ip1survey.se\/en\/wp-json\/wp\/v2\/pages\/178\/revisions"}],"predecessor-version":[{"id":457,"href":"https:\/\/ip1survey.se\/en\/wp-json\/wp\/v2\/pages\/178\/revisions\/457"}],"wp:attachment":[{"href":"https:\/\/ip1survey.se\/en\/wp-json\/wp\/v2\/media?parent=178"}],"curies":[{"name":"wp","href":"https:\/\/api.w.org\/{rel}","templated":true}]}}