{"id":19,"date":"2025-03-04T07:53:15","date_gmt":"2025-03-04T07:53:15","guid":{"rendered":"https:\/\/ip1survey.se\/?page_id=19"},"modified":"2025-04-03T06:42:39","modified_gmt":"2025-04-03T06:42:39","slug":"csi","status":"publish","type":"page","link":"https:\/\/ip1survey.se\/en\/csi\/","title":{"rendered":"Customer Satisfaction Index"},"content":{"rendered":"<div class=\"wp-block-custom-ip1-service-page-header-block wp-block-group is-layout-constrained wp-block-group-is-layout-constrained\"><div class=\"wp-block-group__inner-container\"><div class=\"row g-0 justify-content-center align-items-center ip1-service-page-header gradient-box ripple\"><div class=\"col-md-9 col-sm-12\"><div class=\"wp-block-columns are-vertically-aligned-center is-layout-flex wp-container-core-columns-layout-1 wp-block-columns-is-layout-flex\"><div class=\"wp-block-column is-vertically-aligned-center is-layout-flow wp-block-column-is-layout-flow\" style=\"flex-basis:33.33%\"><img decoding=\"async\" src=\"https:\/\/ip1survey.se\/wp-content\/uploads\/2025\/03\/customer-satisfaction-index.svg\" alt=\"N\u00f6jd Kund Index med One Survey\"\/><\/div><div class=\"wp-block-column is-vertically-aligned-center is-layout-flow wp-block-column-is-layout-flow\" style=\"flex-basis:66.66%\"><h1 class=\"wp-block-heading\">Customer Satisfaction Index<\/h1><p class=\"paragraph1\">Customer Satisfaction Index (CSI) is a way to check how happy customers are with a company or product. It shows what customers think and helps the company do things better.<\/p><p class=\"paragraph2\">Customer satisfaction surveys show what customers think and want. They help you see if you are doing a good job compared to other companies in the same industry.<\/p><\/div><\/div><\/div><\/div><\/div><\/div>\n\n\n\n<div class=\"wp-block-custom-ip1-conversion-button-block row g-0 concave align-items-center text-center\"><div class=\"col\"><div class=\"link-button\"><a href=\"https:\/\/shop.ip1.net\/account\/new\" id=\"general-trial\" class=\"btn btn-ip1 get-started\">Free trial<\/a><a href=\"#\" id=\"secondary-general-trial\" class=\"btn btn-outline-ip1 ms-2 sign-in\" data-bs-toggle=\"modal\" data-bs-target=\"#contact-modal\">Schedule a demo<\/a><\/div><\/div><\/div>\n\n\n\n<div class=\"wp-block-columns mt-3 justify-content-center has-white-background-color has-background is-layout-flex wp-container-core-columns-is-layout-9d6595d7 wp-block-columns-is-layout-flex\">\n<div class=\"wp-block-column is-layout-flow wp-block-column-is-layout-flow\" style=\"flex-basis:70%\">\n<h2 class=\"wp-block-heading\" id=\"h-vad-ar-nki\">What is CSI?<\/h2>\n\n\n\n<p><strong>Customer Satisfaction Index (CSI) is a proven way to gain insights into both customer loyalty and satisfaction. Perform a CSI Survey in minutes with One Survey. CSI allows you to measure how your brand has performed over time and how well you compare to other companies in your industry. It's also a great way to see what improvements you can make to get ahead of your competitors, or get confirmation that what you're doing is already working for your customers.<\/strong><\/p>\n\n\n\n<p>Using One Survey and Customer Satisfaction index, you are now able to take the temperature of your relationships with your customers via several channels. The answers given to the survey result in a CSI value, which you can use to compare your company with other companies in your business.<\/p>\n\n\n\n<p>When you choose to send a responsive survey via several channels, you lower the barriers and make it easier for your customers to quickly answer questions concerning your business.<\/p>\n<\/div>\n<\/div>\n\n\n\n<h3 class=\"wp-block-heading has-text-align-center\" id=\"h-nki-som-modell-ar-avsett-att-svara-pa-tre-fragor-som-ar-ungefar-likvardiga-oavsett-bransch\">CSI as a model is intended to answer three questions that are approximately equivalent regardless of industry<\/h3>\n\n\n\n<div class=\"wp-block-columns has-background is-layout-flex wp-container-core-columns-is-layout-9d6595d7 wp-block-columns-is-layout-flex\" style=\"background-color:#fafafa\">\n<div class=\"wp-block-column is-vertically-aligned-center p-5 is-layout-flow wp-block-column-is-layout-flow\">\n<div class=\"wp-block-columns is-layout-flex wp-container-core-columns-is-layout-9d6595d7 wp-block-columns-is-layout-flex\">\n<div class=\"wp-block-column is-vertically-aligned-center p-3 rounded has-background is-layout-flow wp-block-column-is-layout-flow\" style=\"background-color:#ecf2df\">\n<h4 class=\"wp-block-heading has-text-align-center\" id=\"h-1\">1<\/h4>\n\n\n\n<p class=\"has-text-align-center\">How satisfied a customer \/ member is with the business as a whole<\/p>\n<\/div>\n\n\n\n<div class=\"wp-block-column is-vertically-aligned-center p-3 rounded has-background is-layout-flow wp-block-column-is-layout-flow\" style=\"background-color:#f0f3ea\">\n<h4 class=\"wp-block-heading has-text-align-center\" id=\"h-2\">2<\/h4>\n\n\n\n<p class=\"has-text-align-center\">How well the business lives up to expectations<\/p>\n<\/div>\n\n\n\n<div class=\"wp-block-column is-vertically-aligned-center p-3 rounded has-background is-layout-flow wp-block-column-is-layout-flow\" style=\"background-color:#ecf2df\">\n<h4 class=\"wp-block-heading has-text-align-center\" id=\"h-3\">3<\/h4>\n\n\n\n<p class=\"has-text-align-center\">How close the business compares to an ideal business in the same industry<\/p>\n<\/div>\n<\/div>\n<\/div>\n\n\n\n<div class=\"wp-block-column is-vertically-aligned-center p-5 is-layout-flow wp-block-column-is-layout-flow\">\n<p>The survey can of course be supplemented with both general questions that take the temperature of the customer satisfaction, and also more specific questions that focus on services bought or used. The questions can, for example, be based on the fact that you want to increase the your customers liking of your brand or a specific service.<\/p>\n<\/div>\n<\/div>\n\n\n\n<div class=\"wp-block-columns has-white-background-color has-background is-layout-flex wp-container-core-columns-is-layout-9d6595d7 wp-block-columns-is-layout-flex\">\n<div class=\"wp-block-column p-5 is-layout-flow wp-block-column-is-layout-flow\">\n<h3 class=\"wp-block-heading\" id=\"h-hur-utfor-du-en-nki-undersokning\">How do you perform an CSI survey?<\/h3>\n\n\n\n<p>One Survey is an online survey tool that allows you to create and send CSI surveys in matter of minutes. Sign up for an account, create your surveys with our ready-to-go CSI templates, add your recipients and press send!<\/p>\n\n\n\n<p>A responsive survey is sent to your customers via SMS, e-mail or static links. By presenting a survey through many different channels at once, your audience will grow rapidly and therefore you will achieve a far greater response rate. The customer then answers the questions by choosing a number between 1-10, where 10 is the highest rating.<\/p>\n\n\n\n<h3 class=\"wp-block-heading\" id=\"h-hur-beraknar-du-nojd-kund-index\">How do you calculate Customer Satisfaction Index?<\/h3>\n\n\n\n<p>Our report system does the work for you! When you have sent your survey, you are able to view the surveys report with pre-defined graphs that gives you exactly the data your need.<\/p>\n\n\n\n<p>With our report filtering function you are also able to narrow down your results depending on recipient data, or depending on which score your customers entered. If you are reusing your survey you will also be able to see your score over time.<\/p>\n<\/div>\n\n\n\n<div class=\"wp-block-column p-5 is-layout-flow wp-block-column-is-layout-flow\">\n<h3 class=\"wp-block-heading\" id=\"h-hur-tolkar-du-resultaten-av-en-nki-undersokning\">How Do You Interpret The Results of a CSI Survey?<\/h3>\n\n\n\n<p>When the survey is answered, you get a CSI value that ranges from 0 to 100, which provides a good basis for insights about customer satisfaction. The higher the number, the more satisfied your customers are. The index is used to see how you stand compared to other competitors in the industry, but also to compare your own results and developments over time. If you do your research via iP1, the CSI value is automatically calculated for you.<\/p>\n\n\n\n<table _ngcontent-serverapp-c47=\"\"><tr _ngcontent-serverapp-c47=\"\"><td _ngcontent-serverapp-c47=\"\"><div _ngcontent-serverapp-c47=\"\" class=\"very-high\"><\/div><\/td><td _ngcontent-serverapp-c47=\"\"><span _ngcontent-serverapp-c47=\"\">&gt; 80<\/span><\/td><td _ngcontent-serverapp-c47=\"\"><span _ngcontent-serverapp-c47=\"\">Very high<\/span><\/td><\/tr><tr _ngcontent-serverapp-c47=\"\"><td _ngcontent-serverapp-c47=\"\"><div _ngcontent-serverapp-c47=\"\" class=\"high\"><\/div><\/td><td _ngcontent-serverapp-c47=\"\"><span _ngcontent-serverapp-c47=\"\">70 &#8211; 80<\/span><\/td><td _ngcontent-serverapp-c47=\"\"><span _ngcontent-serverapp-c47=\"\">High<\/span><\/td><\/tr><tr _ngcontent-serverapp-c47=\"\"><td _ngcontent-serverapp-c47=\"\"><div _ngcontent-serverapp-c47=\"\" class=\"acceptable\"><\/div><\/td><td _ngcontent-serverapp-c47=\"\"><span _ngcontent-serverapp-c47=\"\">62 &#8211; 69<\/span><\/td><td _ngcontent-serverapp-c47=\"\"><span _ngcontent-serverapp-c47=\"\">Acceptable<\/span><\/td><\/tr><tr _ngcontent-serverapp-c47=\"\"><td _ngcontent-serverapp-c47=\"\"><div _ngcontent-serverapp-c47=\"\" class=\"low\"><\/div><\/td><td _ngcontent-serverapp-c47=\"\"><span _ngcontent-serverapp-c47=\"\">50 &#8211; 61<\/span><\/td><td _ngcontent-serverapp-c47=\"\"><span _ngcontent-serverapp-c47=\"\">Low<\/span><\/td><\/tr><tr _ngcontent-serverapp-c47=\"\"><td _ngcontent-serverapp-c47=\"\"><div _ngcontent-serverapp-c47=\"\" class=\"very-low\"><\/div><\/td><td _ngcontent-serverapp-c47=\"\"><span _ngcontent-serverapp-c47=\"\">&lt; 50<\/span><\/td><td _ngcontent-serverapp-c47=\"\"><span _ngcontent-serverapp-c47=\"\">Very low<\/span><\/td><\/tr><\/table>\n<\/div>\n<\/div>","protected":false},"excerpt":{"rendered":"<p>Vad \u00e4r NKI? N\u00f6jd kund Index \u00e4r ett bevisat s\u00e4tt att f\u00e5 insikter i b\u00e5de kundlojalitet och tillfredsst\u00e4llelse. Med NKI kan du m\u00e4ta hur ditt varum\u00e4rke har presterat \u00f6ver tid och hur bra du st\u00e5r i f\u00f6rh\u00e5llande till andra f\u00f6retag i branschen. Det \u00e4r ocks\u00e5 ett bra s\u00e4tt att se vilka f\u00f6rb\u00e4ttringar du kan g\u00f6ra [&hellip;]<\/p>","protected":false},"author":1,"featured_media":0,"parent":0,"menu_order":0,"comment_status":"closed","ping_status":"closed","template":"","meta":{"_import_markdown_pro_load_document_selector":0,"_import_markdown_pro_submit_text_textarea":"","footnotes":""},"class_list":["post-19","page","type-page","status-publish","hentry"],"yoast_head":"<!-- This site is optimized with the Yoast SEO Premium plugin v26.1 (Yoast SEO v26.1.1) - https:\/\/yoast.com\/wordpress\/plugins\/seo\/ -->\n<title>N\u00f6jd Kund Index - ip1survey.se<\/title>\n<meta name=\"robots\" content=\"index, follow, max-snippet:-1, max-image-preview:large, max-video-preview:-1\" \/>\n<link rel=\"canonical\" href=\"https:\/\/ip1survey.se\/en\/csi\/\" \/>\n<meta property=\"og:locale\" content=\"en_US\" \/>\n<meta property=\"og:type\" content=\"article\" \/>\n<meta property=\"og:title\" content=\"N\u00f6jd Kund Index\" \/>\n<meta property=\"og:description\" content=\"Vad \u00e4r NKI? N\u00f6jd kund Index \u00e4r ett bevisat s\u00e4tt att f\u00e5 insikter i b\u00e5de kundlojalitet och tillfredsst\u00e4llelse. Med NKI kan du m\u00e4ta hur ditt varum\u00e4rke har presterat \u00f6ver tid och hur bra du st\u00e5r i f\u00f6rh\u00e5llande till andra f\u00f6retag i branschen. Det \u00e4r ocks\u00e5 ett bra s\u00e4tt att se vilka f\u00f6rb\u00e4ttringar du kan g\u00f6ra [&hellip;]\" \/>\n<meta property=\"og:url\" content=\"https:\/\/ip1survey.se\/en\/csi\/\" \/>\n<meta property=\"og:site_name\" content=\"ip1survey.se\" \/>\n<meta property=\"article:publisher\" content=\"https:\/\/facebook.com\/IP1AB\" \/>\n<meta property=\"article:modified_time\" content=\"2025-04-03T06:42:39+00:00\" \/>\n<meta property=\"og:image\" content=\"http:\/\/ip1survey.se\/wp-content\/uploads\/2025\/03\/customer-satisfaction-index.svg\" \/>\n<meta name=\"twitter:card\" content=\"summary_large_image\" \/>\n<meta name=\"twitter:label1\" content=\"Est. reading time\" \/>\n\t<meta name=\"twitter:data1\" content=\"4 minutes\" \/>\n<script type=\"application\/ld+json\" class=\"yoast-schema-graph\">{\"@context\":\"https:\/\/schema.org\",\"@graph\":[{\"@type\":\"WebPage\",\"@id\":\"https:\/\/ip1survey.se\/nojd-kund-index\/\",\"url\":\"https:\/\/ip1survey.se\/nojd-kund-index\/\",\"name\":\"N\u00f6jd Kund Index - ip1survey.se\",\"isPartOf\":{\"@id\":\"http:\/\/ip1survey.se\/en\/#website\"},\"primaryImageOfPage\":{\"@id\":\"https:\/\/ip1survey.se\/nojd-kund-index\/#primaryimage\"},\"image\":{\"@id\":\"https:\/\/ip1survey.se\/nojd-kund-index\/#primaryimage\"},\"thumbnailUrl\":\"http:\/\/ip1survey.se\/wp-content\/uploads\/2025\/03\/customer-satisfaction-index.svg\",\"datePublished\":\"2025-03-04T07:53:15+00:00\",\"dateModified\":\"2025-04-03T06:42:39+00:00\",\"breadcrumb\":{\"@id\":\"https:\/\/ip1survey.se\/nojd-kund-index\/#breadcrumb\"},\"inLanguage\":\"en-US\",\"potentialAction\":[{\"@type\":\"ReadAction\",\"target\":[\"https:\/\/ip1survey.se\/nojd-kund-index\/\"]}]},{\"@type\":\"ImageObject\",\"inLanguage\":\"en-US\",\"@id\":\"https:\/\/ip1survey.se\/nojd-kund-index\/#primaryimage\",\"url\":\"http:\/\/ip1survey.se\/wp-content\/uploads\/2025\/03\/customer-satisfaction-index.svg\",\"contentUrl\":\"http:\/\/ip1survey.se\/wp-content\/uploads\/2025\/03\/customer-satisfaction-index.svg\"},{\"@type\":\"BreadcrumbList\",\"@id\":\"https:\/\/ip1survey.se\/nojd-kund-index\/#breadcrumb\",\"itemListElement\":[{\"@type\":\"ListItem\",\"position\":1,\"name\":\"Home\",\"item\":\"https:\/\/ip1survey.se\/\"},{\"@type\":\"ListItem\",\"position\":2,\"name\":\"N\u00f6jd Kund Index\"}]},{\"@type\":\"WebSite\",\"@id\":\"http:\/\/ip1survey.se\/en\/#website\",\"url\":\"http:\/\/ip1survey.se\/en\/\",\"name\":\"ip1survey.se\",\"description\":\"\",\"publisher\":{\"@id\":\"http:\/\/ip1survey.se\/en\/#organization\"},\"potentialAction\":[{\"@type\":\"SearchAction\",\"target\":{\"@type\":\"EntryPoint\",\"urlTemplate\":\"http:\/\/ip1survey.se\/en\/?s={search_term_string}\"},\"query-input\":{\"@type\":\"PropertyValueSpecification\",\"valueRequired\":true,\"valueName\":\"search_term_string\"}}],\"inLanguage\":\"en-US\"},{\"@type\":\"Organization\",\"@id\":\"http:\/\/ip1survey.se\/en\/#organization\",\"name\":\"iP.1 Networks AB\",\"url\":\"http:\/\/ip1survey.se\/en\/\",\"logo\":{\"@type\":\"ImageObject\",\"inLanguage\":\"en-US\",\"@id\":\"http:\/\/ip1survey.se\/en\/#\/schema\/logo\/image\/\",\"url\":\"http:\/\/ip1survey.se\/wp-content\/uploads\/2025\/03\/ip1-logo-white.svg\",\"contentUrl\":\"http:\/\/ip1survey.se\/wp-content\/uploads\/2025\/03\/ip1-logo-white.svg\",\"width\":1,\"height\":1,\"caption\":\"iP.1 Networks AB\"},\"image\":{\"@id\":\"http:\/\/ip1survey.se\/en\/#\/schema\/logo\/image\/\"},\"sameAs\":[\"https:\/\/facebook.com\/IP1AB\"]}]}<\/script>\n<!-- \/ Yoast SEO Premium plugin. -->","yoast_head_json":{"title":"Customer Satisfaction Index - iP1survey.se","robots":{"index":"index","follow":"follow","max-snippet":"max-snippet:-1","max-image-preview":"max-image-preview:large","max-video-preview":"max-video-preview:-1"},"canonical":"https:\/\/ip1survey.se\/en\/csi\/","og_locale":"en_US","og_type":"article","og_title":"N\u00f6jd Kund Index","og_description":"Vad \u00e4r NKI? N\u00f6jd kund Index \u00e4r ett bevisat s\u00e4tt att f\u00e5 insikter i b\u00e5de kundlojalitet och tillfredsst\u00e4llelse. Med NKI kan du m\u00e4ta hur ditt varum\u00e4rke har presterat \u00f6ver tid och hur bra du st\u00e5r i f\u00f6rh\u00e5llande till andra f\u00f6retag i branschen. Det \u00e4r ocks\u00e5 ett bra s\u00e4tt att se vilka f\u00f6rb\u00e4ttringar du kan g\u00f6ra [&hellip;]","og_url":"https:\/\/ip1survey.se\/en\/csi\/","og_site_name":"ip1survey.se","article_publisher":"https:\/\/facebook.com\/IP1AB","article_modified_time":"2025-04-03T06:42:39+00:00","og_image":[{"url":"http:\/\/ip1survey.se\/wp-content\/uploads\/2025\/03\/customer-satisfaction-index.svg","type":"","width":"","height":""}],"twitter_card":"summary_large_image","twitter_misc":{"Est. reading time":"4 minutes"},"schema":{"@context":"https:\/\/schema.org","@graph":[{"@type":"WebPage","@id":"https:\/\/ip1survey.se\/nojd-kund-index\/","url":"https:\/\/ip1survey.se\/nojd-kund-index\/","name":"Customer Satisfaction Index - iP1survey.se","isPartOf":{"@id":"http:\/\/ip1survey.se\/en\/#website"},"primaryImageOfPage":{"@id":"https:\/\/ip1survey.se\/nojd-kund-index\/#primaryimage"},"image":{"@id":"https:\/\/ip1survey.se\/nojd-kund-index\/#primaryimage"},"thumbnailUrl":"http:\/\/ip1survey.se\/wp-content\/uploads\/2025\/03\/customer-satisfaction-index.svg","datePublished":"2025-03-04T07:53:15+00:00","dateModified":"2025-04-03T06:42:39+00:00","breadcrumb":{"@id":"https:\/\/ip1survey.se\/nojd-kund-index\/#breadcrumb"},"inLanguage":"en-US","potentialAction":[{"@type":"ReadAction","target":["https:\/\/ip1survey.se\/nojd-kund-index\/"]}]},{"@type":"ImageObject","inLanguage":"en-US","@id":"https:\/\/ip1survey.se\/nojd-kund-index\/#primaryimage","url":"http:\/\/ip1survey.se\/wp-content\/uploads\/2025\/03\/customer-satisfaction-index.svg","contentUrl":"http:\/\/ip1survey.se\/wp-content\/uploads\/2025\/03\/customer-satisfaction-index.svg"},{"@type":"BreadcrumbList","@id":"https:\/\/ip1survey.se\/nojd-kund-index\/#breadcrumb","itemListElement":[{"@type":"ListItem","position":1,"name":"Home","item":"https:\/\/ip1survey.se\/"},{"@type":"ListItem","position":2,"name":"N\u00f6jd Kund Index"}]},{"@type":"WebSite","@id":"http:\/\/ip1survey.se\/en\/#website","url":"http:\/\/ip1survey.se\/en\/","name":"ip1survey.se","description":"","publisher":{"@id":"http:\/\/ip1survey.se\/en\/#organization"},"potentialAction":[{"@type":"SearchAction","target":{"@type":"EntryPoint","urlTemplate":"http:\/\/ip1survey.se\/en\/?s={search_term_string}"},"query-input":{"@type":"PropertyValueSpecification","valueRequired":true,"valueName":"search_term_string"}}],"inLanguage":"en-US"},{"@type":"Organization","@id":"http:\/\/ip1survey.se\/en\/#organization","name":"iP.1 Networks AB","url":"http:\/\/ip1survey.se\/en\/","logo":{"@type":"ImageObject","inLanguage":"en-US","@id":"http:\/\/ip1survey.se\/en\/#\/schema\/logo\/image\/","url":"http:\/\/ip1survey.se\/wp-content\/uploads\/2025\/03\/ip1-logo-white.svg","contentUrl":"http:\/\/ip1survey.se\/wp-content\/uploads\/2025\/03\/ip1-logo-white.svg","width":1,"height":1,"caption":"iP.1 Networks AB"},"image":{"@id":"http:\/\/ip1survey.se\/en\/#\/schema\/logo\/image\/"},"sameAs":["https:\/\/facebook.com\/IP1AB"]}]}},"_links":{"self":[{"href":"https:\/\/ip1survey.se\/en\/wp-json\/wp\/v2\/pages\/19","targetHints":{"allow":["GET"]}}],"collection":[{"href":"https:\/\/ip1survey.se\/en\/wp-json\/wp\/v2\/pages"}],"about":[{"href":"https:\/\/ip1survey.se\/en\/wp-json\/wp\/v2\/types\/page"}],"author":[{"embeddable":true,"href":"https:\/\/ip1survey.se\/en\/wp-json\/wp\/v2\/users\/1"}],"replies":[{"embeddable":true,"href":"https:\/\/ip1survey.se\/en\/wp-json\/wp\/v2\/comments?post=19"}],"version-history":[{"count":25,"href":"https:\/\/ip1survey.se\/en\/wp-json\/wp\/v2\/pages\/19\/revisions"}],"predecessor-version":[{"id":443,"href":"https:\/\/ip1survey.se\/en\/wp-json\/wp\/v2\/pages\/19\/revisions\/443"}],"wp:attachment":[{"href":"https:\/\/ip1survey.se\/en\/wp-json\/wp\/v2\/media?parent=19"}],"curies":[{"name":"wp","href":"https:\/\/api.w.org\/{rel}","templated":true}]}}