{"id":21,"date":"2025-03-04T07:53:29","date_gmt":"2025-03-04T07:53:29","guid":{"rendered":"https:\/\/ip1survey.se\/?page_id=21"},"modified":"2025-04-03T06:43:01","modified_gmt":"2025-04-03T06:43:01","slug":"employee-satisfaction-index","status":"publish","type":"page","link":"https:\/\/ip1survey.se\/en\/employee-satisfaction-index\/","title":{"rendered":"Employee Satisfaction Index"},"content":{"rendered":"<div class=\"wp-block-custom-ip1-service-page-header-block wp-block-group is-layout-constrained wp-block-group-is-layout-constrained\"><div class=\"wp-block-group__inner-container\"><div class=\"row g-0 justify-content-center align-items-center ip1-service-page-header gradient-box ripple\"><div class=\"col-md-9 col-sm-12\"><div class=\"wp-block-columns are-vertically-aligned-center is-layout-flex wp-container-core-columns-layout-1 wp-block-columns-is-layout-flex\"><div class=\"wp-block-column is-vertically-aligned-center is-layout-flow wp-block-column-is-layout-flow\" style=\"flex-basis:33.33%\"><img decoding=\"async\" src=\"https:\/\/ip1survey.se\/wp-content\/uploads\/2025\/03\/employee-satisfaction-index.svg\" alt=\"\"\/><\/div><div class=\"wp-block-column is-vertically-aligned-center is-layout-flow wp-block-column-is-layout-flow\" style=\"flex-basis:66.66%\"><h1 class=\"wp-block-heading\">Employee Satisfaction Index<\/h1><p class=\"paragraph1\">The Employee Satisfaction Index (ESI) measures how happy and engaged employees are at work. It shows what they think about their work, their managers and the company culture. By checking the ESI regularly, the company can see what they are doing well and what they need to improve.<\/p><p class=\"paragraph2\">A high ESI means that the staff are happy and working well. This means that the company produces more, fewer employees quit and there is a pleasant atmosphere. If the company listens to what the staff say in NMI surveys, it becomes a better place to work and the company gains a good reputation.<\/p><\/div><\/div><\/div><\/div><\/div><\/div>\n\n\n\n<div class=\"wp-block-custom-ip1-conversion-button-block row g-0 concave align-items-center text-center\"><div class=\"col\"><div class=\"link-button\"><a href=\"https:\/\/shop.ip1.net\/account\/new\" id=\"general-trial\" class=\"btn btn-ip1 get-started\">Free trial<\/a><a href=\"#\" id=\"secondary-general-trial\" class=\"btn btn-outline-ip1 ms-2 sign-in\" data-bs-toggle=\"modal\" data-bs-target=\"#contact-modal\">Schedule a demo<\/a><\/div><\/div><\/div>\n\n\n\n<div class=\"wp-block-columns mt-3 justify-content-center has-white-background-color has-background is-layout-flex wp-container-core-columns-is-layout-9d6595d7 wp-block-columns-is-layout-flex\">\n<div class=\"wp-block-column is-layout-flow wp-block-column-is-layout-flow\" style=\"flex-basis:70%\">\n<h2 class=\"wp-block-heading\" id=\"h-vad-ar-nmi\">What is ESI?<\/h2>\n\n\n\n<p><strong>Employee Satisfaction Index (ESI), is a survey that measures how satisfied employees are in the workplace. By doing an employee survey, you take care of your staff by getting a better understanding of their everyday life and attitude to the job.<\/strong><\/p>\n\n\n\n<p>An employee survey helps you make strategic choices, which helps to retain important manpower while at the same time making the company an attractive workplace when recruiting new employees. The easiest way is to send out the survey by SMS. It is personal, and also flexible, because the employee is able to send their answers from their own phone. Surveys are also more accessible by SMS if your employees do not have access to a computer.<\/p>\n<\/div>\n<\/div>\n\n\n\n<h3 class=\"wp-block-heading has-text-align-center\" id=\"h-en-nmi-undersokning-innehaller-alltid-de-har-3-fragorna\">Employee Satisfaction Index contains of 3 fundamental questions<\/h3>\n\n\n\n<div class=\"wp-block-columns has-background is-layout-flex wp-container-core-columns-is-layout-9d6595d7 wp-block-columns-is-layout-flex\" style=\"background-color:#fafafa\">\n<div class=\"wp-block-column p-5 is-layout-flow wp-block-column-is-layout-flow\">\n<div class=\"wp-block-columns is-layout-flex wp-container-core-columns-is-layout-9d6595d7 wp-block-columns-is-layout-flex\">\n<div class=\"wp-block-column is-vertically-aligned-center p-3 rounded has-background is-layout-flow wp-block-column-is-layout-flow\" style=\"background-color:#ecf2df\">\n<h4 class=\"wp-block-heading has-text-align-center\" id=\"h-1\">1<\/h4>\n\n\n\n<p class=\"has-text-align-center\">How satisfied are you with the workplace?<\/p>\n<\/div>\n\n\n\n<div class=\"wp-block-column is-vertically-aligned-center p-3 rounded has-background is-layout-flow wp-block-column-is-layout-flow\" style=\"background-color:#f0f3ea\">\n<h4 class=\"wp-block-heading has-text-align-center\" id=\"h-2\">2<\/h4>\n\n\n\n<p class=\"has-text-align-center\">How well does the workplace meet your expectations?<\/p>\n<\/div>\n\n\n\n<div class=\"wp-block-column is-vertically-aligned-center p-3 rounded has-background is-layout-flow wp-block-column-is-layout-flow\" style=\"background-color:#ecf2df\">\n<h4 class=\"wp-block-heading has-text-align-center\" id=\"h-3\">3<\/h4>\n\n\n\n<p class=\"has-text-align-center\">How is the workplace compared to an ideal workplace?<\/p>\n<\/div>\n<\/div>\n<\/div>\n\n\n\n<div class=\"wp-block-column is-vertically-aligned-center is-layout-flow wp-block-column-is-layout-flow\">\n<p>The survey can of course be supplemented with both general questions that take the temperature of the workplace, and also more specific questions that focus on current goals. The questions can, for example, be based on the fact that you want to increase the commitment of the employees and then investigate what motivates them,(training, mentorship, education).<\/p>\n<\/div>\n<\/div>\n\n\n\n<div class=\"wp-block-columns has-white-background-color has-background is-layout-flex wp-container-core-columns-is-layout-9d6595d7 wp-block-columns-is-layout-flex\">\n<div class=\"wp-block-column p-5 is-layout-flow wp-block-column-is-layout-flow\">\n<h3 class=\"wp-block-heading\" id=\"h-varfor-ska-du-utfora-en-medarbetar-undersokning\">Why Should You Conduct an Employee Survey?<\/h3>\n\n\n\n<p>Engaged employees create more satisfied customers. Having a workplace where everyone is happy and feels good also has a positive effect on the result, because engaged employees put more energy into their job. This energy and satisfaction will also be seen in the image the customer creates of your brand. Evaluating employees&apos; attitudes is not only a win for the work climate but a win for the business. The survey provides a forecast of how the company feels and should be done on repeated occasions, so that you can follow the development going forward.<\/p>\n\n\n\n<h3 class=\"wp-block-heading\" id=\"h-matningen-resulterar-i-battre-dialog-och-medarbetarsamtal\">The Measurement Results in Better Dialogue And Employee Conversations<\/h3>\n\n\n\n<p>Through a survey, you get concrete figures concerning how the work environment is experienced by your employees. With the help of the answers, you get an idea of what works well, as well as what points are missing, and what must then be prioritized in the future so that you can be considered a healthy company. Doing a survey also shows that you are a company that takes into account the opinions of employees. The answers can be used for rewarding employee conversations and a better dialogue. Just doing a survey and leaving the results there is not an effective use of the data - use the survey results to have an open discussion afterwards.<\/p>\n\n\n\n<h3 class=\"wp-block-heading\" id=\"h-undersokningar-ur-ett-chef-ledar-och-ledningsperspektiv\">Surveys from a managerial, and business management perspective<\/h3>\n\n\n\n<p>As a manager and leader, it can sometimes be challenging to know where energy and resources should be put and how these should be prioritized. Regular use of the types of surveys described above gives leadership powerful tools to develop the business. The management team receives feedback on what set strategies provide for outcomes and can more easily link invested resources to measurable outcomes. Managers and leaders find it easier to initiate and lead various activities in order to maintain good results and increase in the areas that need it most.<\/p>\n<\/div>\n\n\n\n<div class=\"wp-block-column is-vertically-aligned-top p-5 is-layout-flow wp-block-column-is-layout-flow\">\n<h3 class=\"wp-block-heading\" id=\"h-hur-laser-man-av-resultatet-av-en-nmi-undersokning\">How Do you Read The Results of an ESI Survey?<\/h3>\n\n\n\n<p>Employees choose on a scale between 0-100, where 100 is the highest grade. The value that the survey results in shows how satisfied your employees are. The higher the number, the happier they are. The index is used to see how you stand compared to other competitors in the industry, but also to compare your own results and developments over time. If you do your employee surveys via iP1, the value is automatically calculated for you.<\/p>\n\n\n\n<table _ngcontent-serverapp-c47=\"\"><tr _ngcontent-serverapp-c47=\"\"><td _ngcontent-serverapp-c47=\"\"><div _ngcontent-serverapp-c47=\"\" class=\"very-high\"><\/div><\/td><td _ngcontent-serverapp-c47=\"\"><span _ngcontent-serverapp-c47=\"\">&gt; 80<\/span><\/td><td _ngcontent-serverapp-c47=\"\"><span _ngcontent-serverapp-c47=\"\">Very high<\/span><\/td><\/tr><tr _ngcontent-serverapp-c47=\"\"><td _ngcontent-serverapp-c47=\"\"><div _ngcontent-serverapp-c47=\"\" class=\"high\"><\/div><\/td><td _ngcontent-serverapp-c47=\"\"><span _ngcontent-serverapp-c47=\"\">70 &#8211; 80<\/span><\/td><td _ngcontent-serverapp-c47=\"\"><span _ngcontent-serverapp-c47=\"\">High<\/span><\/td><\/tr><tr _ngcontent-serverapp-c47=\"\"><td _ngcontent-serverapp-c47=\"\"><div _ngcontent-serverapp-c47=\"\" class=\"acceptable\"><\/div><\/td><td _ngcontent-serverapp-c47=\"\"><span _ngcontent-serverapp-c47=\"\">62 &#8211; 69<\/span><\/td><td _ngcontent-serverapp-c47=\"\"><span _ngcontent-serverapp-c47=\"\">Acceptable<\/span><\/td><\/tr><tr _ngcontent-serverapp-c47=\"\"><td _ngcontent-serverapp-c47=\"\"><div _ngcontent-serverapp-c47=\"\" class=\"low\"><\/div><\/td><td _ngcontent-serverapp-c47=\"\"><span _ngcontent-serverapp-c47=\"\">50 &#8211; 61<\/span><\/td><td _ngcontent-serverapp-c47=\"\"><span _ngcontent-serverapp-c47=\"\">Low<\/span><\/td><\/tr><tr _ngcontent-serverapp-c47=\"\"><td _ngcontent-serverapp-c47=\"\"><div _ngcontent-serverapp-c47=\"\" class=\"very-low\"><\/div><\/td><td _ngcontent-serverapp-c47=\"\"><span _ngcontent-serverapp-c47=\"\">&lt; 50<\/span><\/td><td _ngcontent-serverapp-c47=\"\"><span _ngcontent-serverapp-c47=\"\">Very low<\/span><\/td><\/tr><\/table>\n<\/div>\n<\/div>","protected":false},"excerpt":{"rendered":"<p>Vad \u00e4r NMI? N\u00f6jd Medarbetar Index (NMI) \u00e4r en unders\u00f6kning som m\u00e4ter hur n\u00f6jda medarbetarna \u00e4r p\u00e5 arbetsplatsen. Genom att g\u00f6ra en medarbetarunders\u00f6kning tar du hand om din personal, eftersom du f\u00e5r f\u00f6rst\u00e5else f\u00f6r deras vardag och inst\u00e4llning till jobbet. En medarbetarunders\u00f6kning hj\u00e4lper dig att g\u00f6ra strategiska val, som bidrar till att beh\u00e5lla viktig arbetskraft [&hellip;]<\/p>","protected":false},"author":1,"featured_media":0,"parent":0,"menu_order":0,"comment_status":"closed","ping_status":"closed","template":"","meta":{"_import_markdown_pro_load_document_selector":0,"_import_markdown_pro_submit_text_textarea":"","footnotes":""},"class_list":["post-21","page","type-page","status-publish","hentry"],"yoast_head":"<!-- This site is optimized with the Yoast SEO Premium plugin v26.1 (Yoast SEO v26.1.1) - https:\/\/yoast.com\/wordpress\/plugins\/seo\/ -->\n<title>N\u00f6jd Medarbetar Index - ip1survey.se<\/title>\n<meta name=\"robots\" content=\"index, follow, max-snippet:-1, max-image-preview:large, max-video-preview:-1\" \/>\n<link rel=\"canonical\" href=\"https:\/\/ip1survey.se\/en\/employee-satisfaction-index\/\" \/>\n<meta property=\"og:locale\" content=\"en_US\" \/>\n<meta property=\"og:type\" content=\"article\" \/>\n<meta property=\"og:title\" content=\"N\u00f6jd Medarbetar Index\" \/>\n<meta property=\"og:description\" content=\"Vad \u00e4r NMI? N\u00f6jd Medarbetar Index (NMI) \u00e4r en unders\u00f6kning som m\u00e4ter hur n\u00f6jda medarbetarna \u00e4r p\u00e5 arbetsplatsen. Genom att g\u00f6ra en medarbetarunders\u00f6kning tar du hand om din personal, eftersom du f\u00e5r f\u00f6rst\u00e5else f\u00f6r deras vardag och inst\u00e4llning till jobbet. En medarbetarunders\u00f6kning hj\u00e4lper dig att g\u00f6ra strategiska val, som bidrar till att beh\u00e5lla viktig arbetskraft [&hellip;]\" \/>\n<meta property=\"og:url\" content=\"https:\/\/ip1survey.se\/en\/employee-satisfaction-index\/\" \/>\n<meta property=\"og:site_name\" content=\"ip1survey.se\" \/>\n<meta property=\"article:publisher\" content=\"https:\/\/facebook.com\/IP1AB\" \/>\n<meta property=\"article:modified_time\" content=\"2025-04-03T06:43:01+00:00\" \/>\n<meta property=\"og:image\" content=\"http:\/\/ip1survey.se\/wp-content\/uploads\/2025\/03\/employee-satisfaction-index.svg\" \/>\n<meta name=\"twitter:card\" content=\"summary_large_image\" \/>\n<meta name=\"twitter:label1\" content=\"Est. reading time\" \/>\n\t<meta name=\"twitter:data1\" content=\"4 minutes\" \/>\n<script type=\"application\/ld+json\" class=\"yoast-schema-graph\">{\"@context\":\"https:\/\/schema.org\",\"@graph\":[{\"@type\":\"WebPage\",\"@id\":\"https:\/\/ip1survey.se\/nojd-medarbetar-index\/\",\"url\":\"https:\/\/ip1survey.se\/nojd-medarbetar-index\/\",\"name\":\"N\u00f6jd Medarbetar Index - ip1survey.se\",\"isPartOf\":{\"@id\":\"http:\/\/ip1survey.se\/en\/#website\"},\"primaryImageOfPage\":{\"@id\":\"https:\/\/ip1survey.se\/nojd-medarbetar-index\/#primaryimage\"},\"image\":{\"@id\":\"https:\/\/ip1survey.se\/nojd-medarbetar-index\/#primaryimage\"},\"thumbnailUrl\":\"http:\/\/ip1survey.se\/wp-content\/uploads\/2025\/03\/employee-satisfaction-index.svg\",\"datePublished\":\"2025-03-04T07:53:29+00:00\",\"dateModified\":\"2025-04-03T06:43:01+00:00\",\"breadcrumb\":{\"@id\":\"https:\/\/ip1survey.se\/nojd-medarbetar-index\/#breadcrumb\"},\"inLanguage\":\"en-US\",\"potentialAction\":[{\"@type\":\"ReadAction\",\"target\":[\"https:\/\/ip1survey.se\/nojd-medarbetar-index\/\"]}]},{\"@type\":\"ImageObject\",\"inLanguage\":\"en-US\",\"@id\":\"https:\/\/ip1survey.se\/nojd-medarbetar-index\/#primaryimage\",\"url\":\"http:\/\/ip1survey.se\/wp-content\/uploads\/2025\/03\/employee-satisfaction-index.svg\",\"contentUrl\":\"http:\/\/ip1survey.se\/wp-content\/uploads\/2025\/03\/employee-satisfaction-index.svg\"},{\"@type\":\"BreadcrumbList\",\"@id\":\"https:\/\/ip1survey.se\/nojd-medarbetar-index\/#breadcrumb\",\"itemListElement\":[{\"@type\":\"ListItem\",\"position\":1,\"name\":\"Home\",\"item\":\"https:\/\/ip1survey.se\/\"},{\"@type\":\"ListItem\",\"position\":2,\"name\":\"N\u00f6jd Medarbetar Index\"}]},{\"@type\":\"WebSite\",\"@id\":\"http:\/\/ip1survey.se\/en\/#website\",\"url\":\"http:\/\/ip1survey.se\/en\/\",\"name\":\"ip1survey.se\",\"description\":\"\",\"publisher\":{\"@id\":\"http:\/\/ip1survey.se\/en\/#organization\"},\"potentialAction\":[{\"@type\":\"SearchAction\",\"target\":{\"@type\":\"EntryPoint\",\"urlTemplate\":\"http:\/\/ip1survey.se\/en\/?s={search_term_string}\"},\"query-input\":{\"@type\":\"PropertyValueSpecification\",\"valueRequired\":true,\"valueName\":\"search_term_string\"}}],\"inLanguage\":\"en-US\"},{\"@type\":\"Organization\",\"@id\":\"http:\/\/ip1survey.se\/en\/#organization\",\"name\":\"iP.1 Networks AB\",\"url\":\"http:\/\/ip1survey.se\/en\/\",\"logo\":{\"@type\":\"ImageObject\",\"inLanguage\":\"en-US\",\"@id\":\"http:\/\/ip1survey.se\/en\/#\/schema\/logo\/image\/\",\"url\":\"http:\/\/ip1survey.se\/wp-content\/uploads\/2025\/03\/ip1-logo-white.svg\",\"contentUrl\":\"http:\/\/ip1survey.se\/wp-content\/uploads\/2025\/03\/ip1-logo-white.svg\",\"width\":1,\"height\":1,\"caption\":\"iP.1 Networks AB\"},\"image\":{\"@id\":\"http:\/\/ip1survey.se\/en\/#\/schema\/logo\/image\/\"},\"sameAs\":[\"https:\/\/facebook.com\/IP1AB\"]}]}<\/script>\n<!-- \/ Yoast SEO Premium plugin. -->","yoast_head_json":{"title":"Employee Satisfaction Index - ip1survey.se","robots":{"index":"index","follow":"follow","max-snippet":"max-snippet:-1","max-image-preview":"max-image-preview:large","max-video-preview":"max-video-preview:-1"},"canonical":"https:\/\/ip1survey.se\/en\/employee-satisfaction-index\/","og_locale":"en_US","og_type":"article","og_title":"N\u00f6jd Medarbetar Index","og_description":"Vad \u00e4r NMI? N\u00f6jd Medarbetar Index (NMI) \u00e4r en unders\u00f6kning som m\u00e4ter hur n\u00f6jda medarbetarna \u00e4r p\u00e5 arbetsplatsen. Genom att g\u00f6ra en medarbetarunders\u00f6kning tar du hand om din personal, eftersom du f\u00e5r f\u00f6rst\u00e5else f\u00f6r deras vardag och inst\u00e4llning till jobbet. En medarbetarunders\u00f6kning hj\u00e4lper dig att g\u00f6ra strategiska val, som bidrar till att beh\u00e5lla viktig arbetskraft [&hellip;]","og_url":"https:\/\/ip1survey.se\/en\/employee-satisfaction-index\/","og_site_name":"ip1survey.se","article_publisher":"https:\/\/facebook.com\/IP1AB","article_modified_time":"2025-04-03T06:43:01+00:00","og_image":[{"url":"http:\/\/ip1survey.se\/wp-content\/uploads\/2025\/03\/employee-satisfaction-index.svg","type":"","width":"","height":""}],"twitter_card":"summary_large_image","twitter_misc":{"Est. reading time":"4 minutes"},"schema":{"@context":"https:\/\/schema.org","@graph":[{"@type":"WebPage","@id":"https:\/\/ip1survey.se\/nojd-medarbetar-index\/","url":"https:\/\/ip1survey.se\/nojd-medarbetar-index\/","name":"Employee Satisfaction Index - ip1survey.se","isPartOf":{"@id":"http:\/\/ip1survey.se\/en\/#website"},"primaryImageOfPage":{"@id":"https:\/\/ip1survey.se\/nojd-medarbetar-index\/#primaryimage"},"image":{"@id":"https:\/\/ip1survey.se\/nojd-medarbetar-index\/#primaryimage"},"thumbnailUrl":"http:\/\/ip1survey.se\/wp-content\/uploads\/2025\/03\/employee-satisfaction-index.svg","datePublished":"2025-03-04T07:53:29+00:00","dateModified":"2025-04-03T06:43:01+00:00","breadcrumb":{"@id":"https:\/\/ip1survey.se\/nojd-medarbetar-index\/#breadcrumb"},"inLanguage":"en-US","potentialAction":[{"@type":"ReadAction","target":["https:\/\/ip1survey.se\/nojd-medarbetar-index\/"]}]},{"@type":"ImageObject","inLanguage":"en-US","@id":"https:\/\/ip1survey.se\/nojd-medarbetar-index\/#primaryimage","url":"http:\/\/ip1survey.se\/wp-content\/uploads\/2025\/03\/employee-satisfaction-index.svg","contentUrl":"http:\/\/ip1survey.se\/wp-content\/uploads\/2025\/03\/employee-satisfaction-index.svg"},{"@type":"BreadcrumbList","@id":"https:\/\/ip1survey.se\/nojd-medarbetar-index\/#breadcrumb","itemListElement":[{"@type":"ListItem","position":1,"name":"Home","item":"https:\/\/ip1survey.se\/"},{"@type":"ListItem","position":2,"name":"N\u00f6jd Medarbetar Index"}]},{"@type":"WebSite","@id":"http:\/\/ip1survey.se\/en\/#website","url":"http:\/\/ip1survey.se\/en\/","name":"ip1survey.se","description":"","publisher":{"@id":"http:\/\/ip1survey.se\/en\/#organization"},"potentialAction":[{"@type":"SearchAction","target":{"@type":"EntryPoint","urlTemplate":"http:\/\/ip1survey.se\/en\/?s={search_term_string}"},"query-input":{"@type":"PropertyValueSpecification","valueRequired":true,"valueName":"search_term_string"}}],"inLanguage":"en-US"},{"@type":"Organization","@id":"http:\/\/ip1survey.se\/en\/#organization","name":"iP.1 Networks AB","url":"http:\/\/ip1survey.se\/en\/","logo":{"@type":"ImageObject","inLanguage":"en-US","@id":"http:\/\/ip1survey.se\/en\/#\/schema\/logo\/image\/","url":"http:\/\/ip1survey.se\/wp-content\/uploads\/2025\/03\/ip1-logo-white.svg","contentUrl":"http:\/\/ip1survey.se\/wp-content\/uploads\/2025\/03\/ip1-logo-white.svg","width":1,"height":1,"caption":"iP.1 Networks AB"},"image":{"@id":"http:\/\/ip1survey.se\/en\/#\/schema\/logo\/image\/"},"sameAs":["https:\/\/facebook.com\/IP1AB"]}]}},"_links":{"self":[{"href":"https:\/\/ip1survey.se\/en\/wp-json\/wp\/v2\/pages\/21","targetHints":{"allow":["GET"]}}],"collection":[{"href":"https:\/\/ip1survey.se\/en\/wp-json\/wp\/v2\/pages"}],"about":[{"href":"https:\/\/ip1survey.se\/en\/wp-json\/wp\/v2\/types\/page"}],"author":[{"embeddable":true,"href":"https:\/\/ip1survey.se\/en\/wp-json\/wp\/v2\/users\/1"}],"replies":[{"embeddable":true,"href":"https:\/\/ip1survey.se\/en\/wp-json\/wp\/v2\/comments?post=21"}],"version-history":[{"count":15,"href":"https:\/\/ip1survey.se\/en\/wp-json\/wp\/v2\/pages\/21\/revisions"}],"predecessor-version":[{"id":444,"href":"https:\/\/ip1survey.se\/en\/wp-json\/wp\/v2\/pages\/21\/revisions\/444"}],"wp:attachment":[{"href":"https:\/\/ip1survey.se\/en\/wp-json\/wp\/v2\/media?parent=21"}],"curies":[{"name":"wp","href":"https:\/\/api.w.org\/{rel}","templated":true}]}}