{"id":228,"date":"2025-03-06T07:02:01","date_gmt":"2025-03-06T07:02:01","guid":{"rendered":"https:\/\/ip1survey.se\/?page_id=228"},"modified":"2025-04-03T06:36:27","modified_gmt":"2025-04-03T06:36:27","slug":"developer","status":"publish","type":"page","link":"https:\/\/ip1survey.se\/en\/developer\/","title":{"rendered":"API Documentation"},"content":{"rendered":"<div class=\"wp-block-columns justify-content-center has-white-background-color has-background is-layout-flex wp-container-core-columns-is-layout-9d6595d7 wp-block-columns-is-layout-flex\">\n<div class=\"wp-block-column is-layout-flow wp-block-column-is-layout-flow\">\n<h2 class=\"wp-block-heading mt-5 mb-5\" id=\"h-enkat-api-er-fran-ip-1\">Survey APIs from iP.1<\/h2>\n\n\n\n<p class=\"mb-5\">We at iP.1 believe that development should be easy and have complete documentation of all our APIs.<\/p>\n\n\n\n<p><em>Are you looking for documentation for our SMS API?<\/em> <a href=\"https:\/\/ip1sms-com\/developer\/introduction\">Click here<\/a><\/p>\n<\/div>\n<\/div>","protected":false},"excerpt":{"rendered":"<p>Enk\u00e4t-API:er fr\u00e5n iP.1 Vi p\u00e5 iP.1 tycker att det ska vara enkelt att utveckla och har fullst\u00e4ndig dokumentation \u00f6ver samtliga v\u00e5ra API:er. Letar du efter dokumentation f\u00f6r v\u00e5rt SMS-API? Klicka h\u00e4r<\/p>","protected":false},"author":1,"featured_media":0,"parent":0,"menu_order":0,"comment_status":"closed","ping_status":"closed","template":"page-api.php","meta":{"_import_markdown_pro_load_document_selector":0,"_import_markdown_pro_submit_text_textarea":"","footnotes":""},"class_list":["post-228","page","type-page","status-publish","hentry"],"yoast_head":"<!-- This site is optimized with the Yoast SEO Premium plugin v26.1 (Yoast SEO v26.1.1) - https:\/\/yoast.com\/wordpress\/plugins\/seo\/ -->\n<title>API Dokumentation - ip1survey.se<\/title>\n<meta name=\"robots\" content=\"index, follow, max-snippet:-1, max-image-preview:large, max-video-preview:-1\" \/>\n<link rel=\"canonical\" href=\"https:\/\/ip1survey.se\/en\/developer\/\" \/>\n<meta property=\"og:locale\" content=\"en_US\" \/>\n<meta property=\"og:type\" content=\"article\" \/>\n<meta property=\"og:title\" content=\"API Dokumentation\" \/>\n<meta property=\"og:description\" content=\"Enk\u00e4t-API:er fr\u00e5n iP.1 Vi p\u00e5 iP.1 tycker att det ska vara enkelt att utveckla och har fullst\u00e4ndig dokumentation \u00f6ver samtliga v\u00e5ra API:er. Letar du efter dokumentation f\u00f6r v\u00e5rt SMS-API? Klicka h\u00e4r\" \/>\n<meta property=\"og:url\" content=\"https:\/\/ip1survey.se\/en\/developer\/\" \/>\n<meta property=\"og:site_name\" content=\"ip1survey.se\" \/>\n<meta property=\"article:publisher\" content=\"https:\/\/facebook.com\/IP1AB\" \/>\n<meta property=\"article:modified_time\" content=\"2025-04-03T06:36:27+00:00\" \/>\n<meta name=\"twitter:card\" content=\"summary_large_image\" \/>\n<meta name=\"twitter:label1\" content=\"Est. reading time\" \/>\n\t<meta name=\"twitter:data1\" content=\"1 minute\" \/>\n<script type=\"application\/ld+json\" class=\"yoast-schema-graph\">{\"@context\":\"https:\/\/schema.org\",\"@graph\":[{\"@type\":\"WebPage\",\"@id\":\"https:\/\/ip1survey.se\/utvecklare\/\",\"url\":\"https:\/\/ip1survey.se\/utvecklare\/\",\"name\":\"API Dokumentation - ip1survey.se\",\"isPartOf\":{\"@id\":\"http:\/\/ip1survey.se\/en\/#website\"},\"datePublished\":\"2025-03-06T07:02:01+00:00\",\"dateModified\":\"2025-04-03T06:36:27+00:00\",\"breadcrumb\":{\"@id\":\"https:\/\/ip1survey.se\/utvecklare\/#breadcrumb\"},\"inLanguage\":\"en-US\",\"potentialAction\":[{\"@type\":\"ReadAction\",\"target\":[\"https:\/\/ip1survey.se\/utvecklare\/\"]}]},{\"@type\":\"BreadcrumbList\",\"@id\":\"https:\/\/ip1survey.se\/utvecklare\/#breadcrumb\",\"itemListElement\":[{\"@type\":\"ListItem\",\"position\":1,\"name\":\"Home\",\"item\":\"https:\/\/ip1survey.se\/\"},{\"@type\":\"ListItem\",\"position\":2,\"name\":\"API Dokumentation\"}]},{\"@type\":\"WebSite\",\"@id\":\"http:\/\/ip1survey.se\/en\/#website\",\"url\":\"http:\/\/ip1survey.se\/en\/\",\"name\":\"ip1survey.se\",\"description\":\"\",\"publisher\":{\"@id\":\"http:\/\/ip1survey.se\/en\/#organization\"},\"potentialAction\":[{\"@type\":\"SearchAction\",\"target\":{\"@type\":\"EntryPoint\",\"urlTemplate\":\"http:\/\/ip1survey.se\/en\/?s={search_term_string}\"},\"query-input\":{\"@type\":\"PropertyValueSpecification\",\"valueRequired\":true,\"valueName\":\"search_term_string\"}}],\"inLanguage\":\"en-US\"},{\"@type\":\"Organization\",\"@id\":\"http:\/\/ip1survey.se\/en\/#organization\",\"name\":\"iP.1 Networks AB\",\"url\":\"http:\/\/ip1survey.se\/en\/\",\"logo\":{\"@type\":\"ImageObject\",\"inLanguage\":\"en-US\",\"@id\":\"http:\/\/ip1survey.se\/en\/#\/schema\/logo\/image\/\",\"url\":\"http:\/\/ip1survey.se\/wp-content\/uploads\/2025\/03\/ip1-logo-white.svg\",\"contentUrl\":\"http:\/\/ip1survey.se\/wp-content\/uploads\/2025\/03\/ip1-logo-white.svg\",\"width\":1,\"height\":1,\"caption\":\"iP.1 Networks AB\"},\"image\":{\"@id\":\"http:\/\/ip1survey.se\/en\/#\/schema\/logo\/image\/\"},\"sameAs\":[\"https:\/\/facebook.com\/IP1AB\"]}]}<\/script>\n<!-- \/ Yoast SEO Premium plugin. -->","yoast_head_json":{"title":"API Doucmentation - iP1survey.se","robots":{"index":"index","follow":"follow","max-snippet":"max-snippet:-1","max-image-preview":"max-image-preview:large","max-video-preview":"max-video-preview:-1"},"canonical":"https:\/\/ip1survey.se\/en\/developer\/","og_locale":"en_US","og_type":"article","og_title":"API Dokumentation","og_description":"Enk\u00e4t-API:er fr\u00e5n iP.1 Vi p\u00e5 iP.1 tycker att det ska vara enkelt att utveckla och har fullst\u00e4ndig dokumentation \u00f6ver samtliga v\u00e5ra API:er. Letar du efter dokumentation f\u00f6r v\u00e5rt SMS-API? Klicka h\u00e4r","og_url":"https:\/\/ip1survey.se\/en\/developer\/","og_site_name":"ip1survey.se","article_publisher":"https:\/\/facebook.com\/IP1AB","article_modified_time":"2025-04-03T06:36:27+00:00","twitter_card":"summary_large_image","twitter_misc":{"Est. reading time":"1 minute"},"schema":{"@context":"https:\/\/schema.org","@graph":[{"@type":"WebPage","@id":"https:\/\/ip1survey.se\/utvecklare\/","url":"https:\/\/ip1survey.se\/utvecklare\/","name":"API Doucmentation - iP1survey.se","isPartOf":{"@id":"http:\/\/ip1survey.se\/en\/#website"},"datePublished":"2025-03-06T07:02:01+00:00","dateModified":"2025-04-03T06:36:27+00:00","breadcrumb":{"@id":"https:\/\/ip1survey.se\/utvecklare\/#breadcrumb"},"inLanguage":"en-US","potentialAction":[{"@type":"ReadAction","target":["https:\/\/ip1survey.se\/utvecklare\/"]}]},{"@type":"BreadcrumbList","@id":"https:\/\/ip1survey.se\/utvecklare\/#breadcrumb","itemListElement":[{"@type":"ListItem","position":1,"name":"Home","item":"https:\/\/ip1survey.se\/"},{"@type":"ListItem","position":2,"name":"API Dokumentation"}]},{"@type":"WebSite","@id":"http:\/\/ip1survey.se\/en\/#website","url":"http:\/\/ip1survey.se\/en\/","name":"ip1survey.se","description":"","publisher":{"@id":"http:\/\/ip1survey.se\/en\/#organization"},"potentialAction":[{"@type":"SearchAction","target":{"@type":"EntryPoint","urlTemplate":"http:\/\/ip1survey.se\/en\/?s={search_term_string}"},"query-input":{"@type":"PropertyValueSpecification","valueRequired":true,"valueName":"search_term_string"}}],"inLanguage":"en-US"},{"@type":"Organization","@id":"http:\/\/ip1survey.se\/en\/#organization","name":"iP.1 Networks AB","url":"http:\/\/ip1survey.se\/en\/","logo":{"@type":"ImageObject","inLanguage":"en-US","@id":"http:\/\/ip1survey.se\/en\/#\/schema\/logo\/image\/","url":"http:\/\/ip1survey.se\/wp-content\/uploads\/2025\/03\/ip1-logo-white.svg","contentUrl":"http:\/\/ip1survey.se\/wp-content\/uploads\/2025\/03\/ip1-logo-white.svg","width":1,"height":1,"caption":"iP.1 Networks AB"},"image":{"@id":"http:\/\/ip1survey.se\/en\/#\/schema\/logo\/image\/"},"sameAs":["https:\/\/facebook.com\/IP1AB"]}]}},"_links":{"self":[{"href":"https:\/\/ip1survey.se\/en\/wp-json\/wp\/v2\/pages\/228","targetHints":{"allow":["GET"]}}],"collection":[{"href":"https:\/\/ip1survey.se\/en\/wp-json\/wp\/v2\/pages"}],"about":[{"href":"https:\/\/ip1survey.se\/en\/wp-json\/wp\/v2\/types\/page"}],"author":[{"embeddable":true,"href":"https:\/\/ip1survey.se\/en\/wp-json\/wp\/v2\/users\/1"}],"replies":[{"embeddable":true,"href":"https:\/\/ip1survey.se\/en\/wp-json\/wp\/v2\/comments?post=228"}],"version-history":[{"count":5,"href":"https:\/\/ip1survey.se\/en\/wp-json\/wp\/v2\/pages\/228\/revisions"}],"predecessor-version":[{"id":424,"href":"https:\/\/ip1survey.se\/en\/wp-json\/wp\/v2\/pages\/228\/revisions\/424"}],"wp:attachment":[{"href":"https:\/\/ip1survey.se\/en\/wp-json\/wp\/v2\/media?parent=228"}],"curies":[{"name":"wp","href":"https:\/\/api.w.org\/{rel}","templated":true}]}}