{"id":249,"date":"2025-03-07T10:38:24","date_gmt":"2025-03-07T10:38:24","guid":{"rendered":"https:\/\/ip1survey.se\/?page_id=249"},"modified":"2025-04-03T06:41:55","modified_gmt":"2025-04-03T06:41:55","slug":"multi-language-surveys","status":"publish","type":"page","link":"https:\/\/ip1survey.se\/en\/multi-language-surveys\/","title":{"rendered":"Multi-language Surveys"},"content":{"rendered":"<div class=\"wp-block-columns mt-5 justify-content-center has-white-background-color has-background is-layout-flex wp-container-core-columns-is-layout-9d6595d7 wp-block-columns-is-layout-flex\">\n<div class=\"wp-block-column is-layout-flow wp-block-column-is-layout-flow\" style=\"flex-basis:70%\">\n<h1 class=\"wp-block-heading\">Translation the easy way<\/h1>\n\n\n\n<p>With our translation tool, you can easily create multilingual surveys! Our survey editor collects all translatable text data in one place so you can control every step of the translation process. By translating your surveys, you increase your survey response rate by breaking down the language barrier!<\/p>\n<\/div>\n<\/div>\n\n\n\n<div class=\"wp-block-columns has-background is-layout-flex wp-container-core-columns-is-layout-9d6595d7 wp-block-columns-is-layout-flex\" style=\"background-color:#fafafa\">\n<div class=\"wp-block-column is-vertically-aligned-center px-5 is-layout-flow wp-block-column-is-layout-flow\">\n<h3 class=\"wp-block-heading\">Default language and language keys<\/h3>\n\n\n\n<p>To create a multilingual survey, you need to set a default language. After you create your survey, you will be given the option to add support for multiple languages. Once multilingual support is enabled, a new step will appear in the survey editor, allowing you to get a complete overview of the text elements available for translation and which languages \u200b\u200byou can add. Missing a language? Send us a message and we will make sure to include it.<\/p>\n<\/div>\n\n\n\n<div class=\"wp-block-column is-vertically-aligned-center px-5 is-layout-flow wp-block-column-is-layout-flow\">\n<figure class=\"wp-block-image size-full\"><img decoding=\"async\" src=\"https:\/\/ip1survey.se\/wp-content\/uploads\/2025\/03\/add-translation-sv.jpg\" alt=\"\" class=\"wp-image-250\"\/><\/figure>\n<\/div>\n<\/div>","protected":false},"excerpt":{"rendered":"<p>\u00d6vers\u00e4ttning p\u00e5 det enkla s\u00e4ttet Med v\u00e5rt \u00f6vers\u00e4ttningsverktyg kan du enkelt skapa flerspr\u00e5kiga unders\u00f6kningar! V\u00e5r v\u00e5r enk\u00e4t-editor samlar alla \u00f6vers\u00e4ttbara textdata p\u00e5 ett st\u00e4lle s\u00e5 att du kan styra varje steg i \u00f6vers\u00e4ttningen. Genom att \u00f6vers\u00e4tta dina enk\u00e4ter \u00f6kar du enk\u00e4tens svarsfrekvens genom att krossa spr\u00e5kbarri\u00e4ren! Standardspr\u00e5k och spr\u00e5knycklar F\u00f6r att skapa en flerspr\u00e5kig unders\u00f6kning [&hellip;]<\/p>","protected":false},"author":1,"featured_media":0,"parent":0,"menu_order":0,"comment_status":"closed","ping_status":"closed","template":"","meta":{"_import_markdown_pro_load_document_selector":0,"_import_markdown_pro_submit_text_textarea":"","footnotes":""},"class_list":["post-249","page","type-page","status-publish","hentry"],"yoast_head":"<!-- This site is optimized with the Yoast SEO Premium plugin v26.1 (Yoast SEO v26.1.1) - https:\/\/yoast.com\/wordpress\/plugins\/seo\/ -->\n<title>Flerspr\u00e5kiga unders\u00f6kningar - ip1survey.se<\/title>\n<meta name=\"robots\" content=\"index, follow, max-snippet:-1, max-image-preview:large, max-video-preview:-1\" \/>\n<link rel=\"canonical\" href=\"https:\/\/ip1survey.se\/en\/multi-language-surveys\/\" \/>\n<meta property=\"og:locale\" content=\"en_US\" \/>\n<meta property=\"og:type\" content=\"article\" \/>\n<meta property=\"og:title\" content=\"Flerspr\u00e5kiga unders\u00f6kningar\" \/>\n<meta property=\"og:description\" content=\"\u00d6vers\u00e4ttning p\u00e5 det enkla s\u00e4ttet Med v\u00e5rt \u00f6vers\u00e4ttningsverktyg kan du enkelt skapa flerspr\u00e5kiga unders\u00f6kningar! V\u00e5r v\u00e5r enk\u00e4t-editor samlar alla \u00f6vers\u00e4ttbara textdata p\u00e5 ett st\u00e4lle s\u00e5 att du kan styra varje steg i \u00f6vers\u00e4ttningen. Genom att \u00f6vers\u00e4tta dina enk\u00e4ter \u00f6kar du enk\u00e4tens svarsfrekvens genom att krossa spr\u00e5kbarri\u00e4ren! Standardspr\u00e5k och spr\u00e5knycklar F\u00f6r att skapa en flerspr\u00e5kig unders\u00f6kning [&hellip;]\" \/>\n<meta property=\"og:url\" content=\"https:\/\/ip1survey.se\/en\/multi-language-surveys\/\" \/>\n<meta property=\"og:site_name\" content=\"ip1survey.se\" \/>\n<meta property=\"article:publisher\" content=\"https:\/\/facebook.com\/IP1AB\" \/>\n<meta property=\"article:modified_time\" content=\"2025-04-03T06:41:55+00:00\" \/>\n<meta property=\"og:image\" content=\"http:\/\/ip1survey.se\/wp-content\/uploads\/2025\/03\/add-translation-sv.jpg\" \/>\n<meta name=\"twitter:card\" content=\"summary_large_image\" \/>\n<meta name=\"twitter:label1\" content=\"Est. reading time\" \/>\n\t<meta name=\"twitter:data1\" content=\"1 minute\" \/>\n<script type=\"application\/ld+json\" class=\"yoast-schema-graph\">{\"@context\":\"https:\/\/schema.org\",\"@graph\":[{\"@type\":\"WebPage\",\"@id\":\"https:\/\/ip1survey.se\/flersprakiga-undersokningar\/\",\"url\":\"https:\/\/ip1survey.se\/flersprakiga-undersokningar\/\",\"name\":\"Flerspr\u00e5kiga unders\u00f6kningar - ip1survey.se\",\"isPartOf\":{\"@id\":\"http:\/\/ip1survey.se\/en\/#website\"},\"primaryImageOfPage\":{\"@id\":\"https:\/\/ip1survey.se\/flersprakiga-undersokningar\/#primaryimage\"},\"image\":{\"@id\":\"https:\/\/ip1survey.se\/flersprakiga-undersokningar\/#primaryimage\"},\"thumbnailUrl\":\"http:\/\/ip1survey.se\/wp-content\/uploads\/2025\/03\/add-translation-sv.jpg\",\"datePublished\":\"2025-03-07T10:38:24+00:00\",\"dateModified\":\"2025-04-03T06:41:55+00:00\",\"breadcrumb\":{\"@id\":\"https:\/\/ip1survey.se\/flersprakiga-undersokningar\/#breadcrumb\"},\"inLanguage\":\"en-US\",\"potentialAction\":[{\"@type\":\"ReadAction\",\"target\":[\"https:\/\/ip1survey.se\/flersprakiga-undersokningar\/\"]}]},{\"@type\":\"ImageObject\",\"inLanguage\":\"en-US\",\"@id\":\"https:\/\/ip1survey.se\/flersprakiga-undersokningar\/#primaryimage\",\"url\":\"http:\/\/ip1survey.se\/wp-content\/uploads\/2025\/03\/add-translation-sv.jpg\",\"contentUrl\":\"http:\/\/ip1survey.se\/wp-content\/uploads\/2025\/03\/add-translation-sv.jpg\"},{\"@type\":\"BreadcrumbList\",\"@id\":\"https:\/\/ip1survey.se\/flersprakiga-undersokningar\/#breadcrumb\",\"itemListElement\":[{\"@type\":\"ListItem\",\"position\":1,\"name\":\"Home\",\"item\":\"https:\/\/ip1survey.se\/\"},{\"@type\":\"ListItem\",\"position\":2,\"name\":\"Flerspr\u00e5kiga unders\u00f6kningar\"}]},{\"@type\":\"WebSite\",\"@id\":\"http:\/\/ip1survey.se\/en\/#website\",\"url\":\"http:\/\/ip1survey.se\/en\/\",\"name\":\"ip1survey.se\",\"description\":\"\",\"publisher\":{\"@id\":\"http:\/\/ip1survey.se\/en\/#organization\"},\"potentialAction\":[{\"@type\":\"SearchAction\",\"target\":{\"@type\":\"EntryPoint\",\"urlTemplate\":\"http:\/\/ip1survey.se\/en\/?s={search_term_string}\"},\"query-input\":{\"@type\":\"PropertyValueSpecification\",\"valueRequired\":true,\"valueName\":\"search_term_string\"}}],\"inLanguage\":\"en-US\"},{\"@type\":\"Organization\",\"@id\":\"http:\/\/ip1survey.se\/en\/#organization\",\"name\":\"iP.1 Networks AB\",\"url\":\"http:\/\/ip1survey.se\/en\/\",\"logo\":{\"@type\":\"ImageObject\",\"inLanguage\":\"en-US\",\"@id\":\"http:\/\/ip1survey.se\/en\/#\/schema\/logo\/image\/\",\"url\":\"http:\/\/ip1survey.se\/wp-content\/uploads\/2025\/03\/ip1-logo-white.svg\",\"contentUrl\":\"http:\/\/ip1survey.se\/wp-content\/uploads\/2025\/03\/ip1-logo-white.svg\",\"width\":1,\"height\":1,\"caption\":\"iP.1 Networks AB\"},\"image\":{\"@id\":\"http:\/\/ip1survey.se\/en\/#\/schema\/logo\/image\/\"},\"sameAs\":[\"https:\/\/facebook.com\/IP1AB\"]}]}<\/script>\n<!-- \/ Yoast SEO Premium plugin. -->","yoast_head_json":{"title":"Multiple Language Surveys - iP1survey.se","robots":{"index":"index","follow":"follow","max-snippet":"max-snippet:-1","max-image-preview":"max-image-preview:large","max-video-preview":"max-video-preview:-1"},"canonical":"https:\/\/ip1survey.se\/en\/multi-language-surveys\/","og_locale":"en_US","og_type":"article","og_title":"Flerspr\u00e5kiga unders\u00f6kningar","og_description":"\u00d6vers\u00e4ttning p\u00e5 det enkla s\u00e4ttet Med v\u00e5rt \u00f6vers\u00e4ttningsverktyg kan du enkelt skapa flerspr\u00e5kiga unders\u00f6kningar! V\u00e5r v\u00e5r enk\u00e4t-editor samlar alla \u00f6vers\u00e4ttbara textdata p\u00e5 ett st\u00e4lle s\u00e5 att du kan styra varje steg i \u00f6vers\u00e4ttningen. Genom att \u00f6vers\u00e4tta dina enk\u00e4ter \u00f6kar du enk\u00e4tens svarsfrekvens genom att krossa spr\u00e5kbarri\u00e4ren! Standardspr\u00e5k och spr\u00e5knycklar F\u00f6r att skapa en flerspr\u00e5kig unders\u00f6kning [&hellip;]","og_url":"https:\/\/ip1survey.se\/en\/multi-language-surveys\/","og_site_name":"ip1survey.se","article_publisher":"https:\/\/facebook.com\/IP1AB","article_modified_time":"2025-04-03T06:41:55+00:00","og_image":[{"url":"http:\/\/ip1survey.se\/wp-content\/uploads\/2025\/03\/add-translation-sv.jpg","type":"","width":"","height":""}],"twitter_card":"summary_large_image","twitter_misc":{"Est. reading time":"1 minute"},"schema":{"@context":"https:\/\/schema.org","@graph":[{"@type":"WebPage","@id":"https:\/\/ip1survey.se\/flersprakiga-undersokningar\/","url":"https:\/\/ip1survey.se\/flersprakiga-undersokningar\/","name":"Multiple Language Surveys - iP1survey.se","isPartOf":{"@id":"http:\/\/ip1survey.se\/en\/#website"},"primaryImageOfPage":{"@id":"https:\/\/ip1survey.se\/flersprakiga-undersokningar\/#primaryimage"},"image":{"@id":"https:\/\/ip1survey.se\/flersprakiga-undersokningar\/#primaryimage"},"thumbnailUrl":"http:\/\/ip1survey.se\/wp-content\/uploads\/2025\/03\/add-translation-sv.jpg","datePublished":"2025-03-07T10:38:24+00:00","dateModified":"2025-04-03T06:41:55+00:00","breadcrumb":{"@id":"https:\/\/ip1survey.se\/flersprakiga-undersokningar\/#breadcrumb"},"inLanguage":"en-US","potentialAction":[{"@type":"ReadAction","target":["https:\/\/ip1survey.se\/flersprakiga-undersokningar\/"]}]},{"@type":"ImageObject","inLanguage":"en-US","@id":"https:\/\/ip1survey.se\/flersprakiga-undersokningar\/#primaryimage","url":"http:\/\/ip1survey.se\/wp-content\/uploads\/2025\/03\/add-translation-sv.jpg","contentUrl":"http:\/\/ip1survey.se\/wp-content\/uploads\/2025\/03\/add-translation-sv.jpg"},{"@type":"BreadcrumbList","@id":"https:\/\/ip1survey.se\/flersprakiga-undersokningar\/#breadcrumb","itemListElement":[{"@type":"ListItem","position":1,"name":"Home","item":"https:\/\/ip1survey.se\/"},{"@type":"ListItem","position":2,"name":"Flerspr\u00e5kiga unders\u00f6kningar"}]},{"@type":"WebSite","@id":"http:\/\/ip1survey.se\/en\/#website","url":"http:\/\/ip1survey.se\/en\/","name":"ip1survey.se","description":"","publisher":{"@id":"http:\/\/ip1survey.se\/en\/#organization"},"potentialAction":[{"@type":"SearchAction","target":{"@type":"EntryPoint","urlTemplate":"http:\/\/ip1survey.se\/en\/?s={search_term_string}"},"query-input":{"@type":"PropertyValueSpecification","valueRequired":true,"valueName":"search_term_string"}}],"inLanguage":"en-US"},{"@type":"Organization","@id":"http:\/\/ip1survey.se\/en\/#organization","name":"iP.1 Networks AB","url":"http:\/\/ip1survey.se\/en\/","logo":{"@type":"ImageObject","inLanguage":"en-US","@id":"http:\/\/ip1survey.se\/en\/#\/schema\/logo\/image\/","url":"http:\/\/ip1survey.se\/wp-content\/uploads\/2025\/03\/ip1-logo-white.svg","contentUrl":"http:\/\/ip1survey.se\/wp-content\/uploads\/2025\/03\/ip1-logo-white.svg","width":1,"height":1,"caption":"iP.1 Networks AB"},"image":{"@id":"http:\/\/ip1survey.se\/en\/#\/schema\/logo\/image\/"},"sameAs":["https:\/\/facebook.com\/IP1AB"]}]}},"_links":{"self":[{"href":"https:\/\/ip1survey.se\/en\/wp-json\/wp\/v2\/pages\/249","targetHints":{"allow":["GET"]}}],"collection":[{"href":"https:\/\/ip1survey.se\/en\/wp-json\/wp\/v2\/pages"}],"about":[{"href":"https:\/\/ip1survey.se\/en\/wp-json\/wp\/v2\/types\/page"}],"author":[{"embeddable":true,"href":"https:\/\/ip1survey.se\/en\/wp-json\/wp\/v2\/users\/1"}],"replies":[{"embeddable":true,"href":"https:\/\/ip1survey.se\/en\/wp-json\/wp\/v2\/comments?post=249"}],"version-history":[{"count":2,"href":"https:\/\/ip1survey.se\/en\/wp-json\/wp\/v2\/pages\/249\/revisions"}],"predecessor-version":[{"id":253,"href":"https:\/\/ip1survey.se\/en\/wp-json\/wp\/v2\/pages\/249\/revisions\/253"}],"wp:attachment":[{"href":"https:\/\/ip1survey.se\/en\/wp-json\/wp\/v2\/media?parent=249"}],"curies":[{"name":"wp","href":"https:\/\/api.w.org\/{rel}","templated":true}]}}