{"id":292,"date":"2025-03-07T12:58:14","date_gmt":"2025-03-07T12:58:14","guid":{"rendered":"https:\/\/ip1survey.se\/?page_id=292"},"modified":"2025-04-03T06:39:40","modified_gmt":"2025-04-03T06:39:40","slug":"introduction","status":"publish","type":"page","link":"https:\/\/ip1survey.se\/en\/developer\/introduction\/","title":{"rendered":"Introduction"},"content":{"rendered":"<h1 class=\"wp-block-heading\" id=\"introduction-to-the-doctus-api\">Introduction to iP.1 Survey API<\/h1>\n\n\n\n<p>iP.1\u2019s API allows your websites and applications to create dynamic surveys and deliver them via SMS, email or static links.<\/p>\n\n\n\n<h2 class=\"wp-block-heading\" id=\"getting-started\">Get started<\/h2>\n\n\n\n<p>To use iP.1's API you need to register in our <a href=\"https:\/\/\/en\/show.ip1.net\/account\/new\/\">Web App<\/a> to configure your account.<\/p>\n\n\n\n<p>After creating an account, log in to our user portal to access your credentials as explained under the Authentication heading below.<\/p>\n\n\n\n<h2 class=\"wp-block-heading\" id=\"api-endpoint\">API Endpoint<\/h2>\n\n\n\n<p>The base URL for all of our endpoints is as follows. <code>https:\/\/api.ip1sms.com\/v2\/<\/code><\/p>\n\n\n\n<p>All requests must be made using HTTPS.<\/p>\n\n\n\n<h2 class=\"wp-block-heading\" id=\"authentication\">Authentication<\/h2>\n\n\n\n<p>All endpoints are protected by authentication with <code>HTTP Bearer<\/code>tokens provided by us. Each account can have multiple API tokens with different restrictions on allowed IP addresses etc. These can be accessed, created and edited in <a href=\"https:\/\/portal.ip1.net\">User Portal<\/a><\/p>\n\n\n\n<h2 class=\"wp-block-heading\" id=\"pagination\">Pagination<\/h2>\n\n\n\n<p>All endpoints that return a collection of documents (surveys, questions, etc.) have pagination enabled. We use the database style of pagination with <code>start<\/code>, <code>limit<\/code> and <code>order<\/code> as its parameter name or <code>offset<\/code>, <code>limit<\/code> and <code>order by<\/code> as they are called in MariaDB. By default, <code>start<\/code>, <code>limit<\/code> and <code>order<\/code> set to <code>0<\/code>, <code>50<\/code> and <code>ASC<\/code> respectively, but you can change them to your liking by adding them as query parameters when making your HTTP request like this: <code>?start=0&amp;limit=200&amp;order=DESC<\/code><\/p>\n\n\n\n<h3 class=\"wp-block-heading\" id=\"link-header\">Link Header<\/h3>\n\n\n\n<p>You will also get a Link header that contains pagination information.<\/p>\n\n\n<div class=\"wp-block-syntaxhighlighter-code\"><pre class=\"brush: plain; title: ; notranslate\" title=\"\">\nLink: &amp;lt;https:\/\/api.ip1sms.com\/v2\/surveys?start=201&amp;amp;limit=100&amp;amp;order=ASC&gt;; rel=&quot;next&quot;,\n      &amp;lt;https:\/\/api.ip1sms.com\/v2\/surveys?start=4901&amp;amp;limit=100&amp;amp;order=ASC&gt;; rel=&quot;last&quot;\n\n<\/pre><\/div>\n\n\n<p>This example includes a line break for readability.<\/p>\n\n\n\n<p>Possible <code>rel<\/code> values \u200b\u200bare:<\/p>\n\n\n\n<figure class=\"wp-block-table\"><table class=\"has-fixed-layout\"><thead><tr><th>Name<\/th><th>Description<\/th><\/tr><\/thead><tbody><tr><td>self<\/td><td>The link relationship for the requested page of results.<\/td><\/tr><tr><td>first<\/td><td>The link relationship for the first page of results.<\/td><\/tr><tr><td>prev<\/td><td>The link relationship for the immediately previous page of results.<\/td><\/tr><tr><td>next<\/td><td>The link relationship for the immediately next page of results.<\/td><\/tr><tr><td>last<\/td><td>The link relationship for the last page of results.<\/td><\/tr><\/tbody><\/table><\/figure>","protected":false},"excerpt":{"rendered":"<p>Introduktion till iP.1 Survey API iP.1&#8217;s API till\u00e5ter dina webbplatser och applikationer att skapa dynamiska unders\u00f6kningar och leverera dem via SMS, e-post eller statiska l\u00e4nkar. Komma ig\u00e5ng F\u00f6r att anv\u00e4nda iP.1&#8217;s API beh\u00f6ver du registrera dig i v\u00e5r Web App f\u00f6r att konfigurera ditt konto. Efter att ha skapat ett konto, logga in p\u00e5 v\u00e5r [&hellip;]<\/p>","protected":false},"author":1,"featured_media":0,"parent":228,"menu_order":0,"comment_status":"closed","ping_status":"closed","template":"developer.php","meta":{"_import_markdown_pro_load_document_selector":0,"_import_markdown_pro_submit_text_textarea":"","footnotes":""},"class_list":["post-292","page","type-page","status-publish","hentry"],"yoast_head":"<!-- This site is optimized with the Yoast SEO Premium plugin v26.1 (Yoast SEO v26.1.1) - https:\/\/yoast.com\/wordpress\/plugins\/seo\/ -->\n<title>introduktion - ip1survey.se<\/title>\n<meta name=\"robots\" content=\"index, follow, max-snippet:-1, max-image-preview:large, max-video-preview:-1\" \/>\n<link rel=\"canonical\" href=\"https:\/\/ip1survey.se\/en\/developer\/introduction\/\" \/>\n<meta property=\"og:locale\" content=\"en_US\" \/>\n<meta property=\"og:type\" content=\"article\" \/>\n<meta property=\"og:title\" content=\"introduktion\" \/>\n<meta property=\"og:description\" content=\"Introduktion till iP.1 Survey API iP.1&#8217;s API till\u00e5ter dina webbplatser och applikationer att skapa dynamiska unders\u00f6kningar och leverera dem via SMS, e-post eller statiska l\u00e4nkar. Komma ig\u00e5ng F\u00f6r att anv\u00e4nda iP.1&#8217;s API beh\u00f6ver du registrera dig i v\u00e5r Web App f\u00f6r att konfigurera ditt konto. Efter att ha skapat ett konto, logga in p\u00e5 v\u00e5r [&hellip;]\" \/>\n<meta property=\"og:url\" content=\"https:\/\/ip1survey.se\/en\/developer\/introduction\/\" \/>\n<meta property=\"og:site_name\" content=\"ip1survey.se\" \/>\n<meta property=\"article:publisher\" content=\"https:\/\/facebook.com\/IP1AB\" \/>\n<meta property=\"article:modified_time\" content=\"2025-04-03T06:39:40+00:00\" \/>\n<meta name=\"twitter:card\" content=\"summary_large_image\" \/>\n<meta name=\"twitter:label1\" content=\"Est. reading time\" \/>\n\t<meta name=\"twitter:data1\" content=\"2 minutes\" \/>\n<script type=\"application\/ld+json\" class=\"yoast-schema-graph\">{\"@context\":\"https:\/\/schema.org\",\"@graph\":[{\"@type\":\"WebPage\",\"@id\":\"https:\/\/ip1survey.se\/utvecklare\/introduktion\/\",\"url\":\"https:\/\/ip1survey.se\/utvecklare\/introduktion\/\",\"name\":\"introduktion - ip1survey.se\",\"isPartOf\":{\"@id\":\"http:\/\/ip1survey.se\/en\/#website\"},\"datePublished\":\"2025-03-07T12:58:14+00:00\",\"dateModified\":\"2025-04-03T06:39:40+00:00\",\"breadcrumb\":{\"@id\":\"https:\/\/ip1survey.se\/utvecklare\/introduktion\/#breadcrumb\"},\"inLanguage\":\"en-US\",\"potentialAction\":[{\"@type\":\"ReadAction\",\"target\":[\"https:\/\/ip1survey.se\/utvecklare\/introduktion\/\"]}]},{\"@type\":\"BreadcrumbList\",\"@id\":\"https:\/\/ip1survey.se\/utvecklare\/introduktion\/#breadcrumb\",\"itemListElement\":[{\"@type\":\"ListItem\",\"position\":1,\"name\":\"Home\",\"item\":\"https:\/\/ip1survey.se\/\"},{\"@type\":\"ListItem\",\"position\":2,\"name\":\"API Dokumentation\",\"item\":\"https:\/\/ip1survey.se\/utvecklare\/\"},{\"@type\":\"ListItem\",\"position\":3,\"name\":\"introduktion\"}]},{\"@type\":\"WebSite\",\"@id\":\"http:\/\/ip1survey.se\/en\/#website\",\"url\":\"http:\/\/ip1survey.se\/en\/\",\"name\":\"ip1survey.se\",\"description\":\"\",\"publisher\":{\"@id\":\"http:\/\/ip1survey.se\/en\/#organization\"},\"potentialAction\":[{\"@type\":\"SearchAction\",\"target\":{\"@type\":\"EntryPoint\",\"urlTemplate\":\"http:\/\/ip1survey.se\/en\/?s={search_term_string}\"},\"query-input\":{\"@type\":\"PropertyValueSpecification\",\"valueRequired\":true,\"valueName\":\"search_term_string\"}}],\"inLanguage\":\"en-US\"},{\"@type\":\"Organization\",\"@id\":\"http:\/\/ip1survey.se\/en\/#organization\",\"name\":\"iP.1 Networks AB\",\"url\":\"http:\/\/ip1survey.se\/en\/\",\"logo\":{\"@type\":\"ImageObject\",\"inLanguage\":\"en-US\",\"@id\":\"http:\/\/ip1survey.se\/en\/#\/schema\/logo\/image\/\",\"url\":\"http:\/\/ip1survey.se\/wp-content\/uploads\/2025\/03\/ip1-logo-white.svg\",\"contentUrl\":\"http:\/\/ip1survey.se\/wp-content\/uploads\/2025\/03\/ip1-logo-white.svg\",\"width\":1,\"height\":1,\"caption\":\"iP.1 Networks AB\"},\"image\":{\"@id\":\"http:\/\/ip1survey.se\/en\/#\/schema\/logo\/image\/\"},\"sameAs\":[\"https:\/\/facebook.com\/IP1AB\"]}]}<\/script>\n<!-- \/ Yoast SEO Premium plugin. -->","yoast_head_json":{"title":"introduction - ip1survey.se","robots":{"index":"index","follow":"follow","max-snippet":"max-snippet:-1","max-image-preview":"max-image-preview:large","max-video-preview":"max-video-preview:-1"},"canonical":"https:\/\/ip1survey.se\/en\/developer\/introduction\/","og_locale":"en_US","og_type":"article","og_title":"introduktion","og_description":"Introduktion till iP.1 Survey API iP.1&#8217;s API till\u00e5ter dina webbplatser och applikationer att skapa dynamiska unders\u00f6kningar och leverera dem via SMS, e-post eller statiska l\u00e4nkar. Komma ig\u00e5ng F\u00f6r att anv\u00e4nda iP.1&#8217;s API beh\u00f6ver du registrera dig i v\u00e5r Web App f\u00f6r att konfigurera ditt konto. Efter att ha skapat ett konto, logga in p\u00e5 v\u00e5r [&hellip;]","og_url":"https:\/\/ip1survey.se\/en\/developer\/introduction\/","og_site_name":"ip1survey.se","article_publisher":"https:\/\/facebook.com\/IP1AB","article_modified_time":"2025-04-03T06:39:40+00:00","twitter_card":"summary_large_image","twitter_misc":{"Est. reading time":"2 minutes"},"schema":{"@context":"https:\/\/schema.org","@graph":[{"@type":"WebPage","@id":"https:\/\/ip1survey.se\/utvecklare\/introduktion\/","url":"https:\/\/ip1survey.se\/utvecklare\/introduktion\/","name":"introduction - ip1survey.se","isPartOf":{"@id":"http:\/\/ip1survey.se\/en\/#website"},"datePublished":"2025-03-07T12:58:14+00:00","dateModified":"2025-04-03T06:39:40+00:00","breadcrumb":{"@id":"https:\/\/ip1survey.se\/utvecklare\/introduktion\/#breadcrumb"},"inLanguage":"en-US","potentialAction":[{"@type":"ReadAction","target":["https:\/\/ip1survey.se\/utvecklare\/introduktion\/"]}]},{"@type":"BreadcrumbList","@id":"https:\/\/ip1survey.se\/utvecklare\/introduktion\/#breadcrumb","itemListElement":[{"@type":"ListItem","position":1,"name":"Home","item":"https:\/\/ip1survey.se\/"},{"@type":"ListItem","position":2,"name":"API Dokumentation","item":"https:\/\/ip1survey.se\/utvecklare\/"},{"@type":"ListItem","position":3,"name":"introduktion"}]},{"@type":"WebSite","@id":"http:\/\/ip1survey.se\/en\/#website","url":"http:\/\/ip1survey.se\/en\/","name":"ip1survey.se","description":"","publisher":{"@id":"http:\/\/ip1survey.se\/en\/#organization"},"potentialAction":[{"@type":"SearchAction","target":{"@type":"EntryPoint","urlTemplate":"http:\/\/ip1survey.se\/en\/?s={search_term_string}"},"query-input":{"@type":"PropertyValueSpecification","valueRequired":true,"valueName":"search_term_string"}}],"inLanguage":"en-US"},{"@type":"Organization","@id":"http:\/\/ip1survey.se\/en\/#organization","name":"iP.1 Networks AB","url":"http:\/\/ip1survey.se\/en\/","logo":{"@type":"ImageObject","inLanguage":"en-US","@id":"http:\/\/ip1survey.se\/en\/#\/schema\/logo\/image\/","url":"http:\/\/ip1survey.se\/wp-content\/uploads\/2025\/03\/ip1-logo-white.svg","contentUrl":"http:\/\/ip1survey.se\/wp-content\/uploads\/2025\/03\/ip1-logo-white.svg","width":1,"height":1,"caption":"iP.1 Networks AB"},"image":{"@id":"http:\/\/ip1survey.se\/en\/#\/schema\/logo\/image\/"},"sameAs":["https:\/\/facebook.com\/IP1AB"]}]}},"_links":{"self":[{"href":"https:\/\/ip1survey.se\/en\/wp-json\/wp\/v2\/pages\/292","targetHints":{"allow":["GET"]}}],"collection":[{"href":"https:\/\/ip1survey.se\/en\/wp-json\/wp\/v2\/pages"}],"about":[{"href":"https:\/\/ip1survey.se\/en\/wp-json\/wp\/v2\/types\/page"}],"author":[{"embeddable":true,"href":"https:\/\/ip1survey.se\/en\/wp-json\/wp\/v2\/users\/1"}],"replies":[{"embeddable":true,"href":"https:\/\/ip1survey.se\/en\/wp-json\/wp\/v2\/comments?post=292"}],"version-history":[{"count":2,"href":"https:\/\/ip1survey.se\/en\/wp-json\/wp\/v2\/pages\/292\/revisions"}],"predecessor-version":[{"id":436,"href":"https:\/\/ip1survey.se\/en\/wp-json\/wp\/v2\/pages\/292\/revisions\/436"}],"up":[{"embeddable":true,"href":"https:\/\/ip1survey.se\/en\/wp-json\/wp\/v2\/pages\/228"}],"wp:attachment":[{"href":"https:\/\/ip1survey.se\/en\/wp-json\/wp\/v2\/media?parent=292"}],"curies":[{"name":"wp","href":"https:\/\/api.w.org\/{rel}","templated":true}]}}