{"id":296,"date":"2025-03-07T13:06:51","date_gmt":"2025-03-07T13:06:51","guid":{"rendered":"https:\/\/ip1survey.se\/?page_id=296"},"modified":"2025-04-03T06:40:25","modified_gmt":"2025-04-03T06:40:25","slug":"summaries","status":"publish","type":"page","link":"https:\/\/ip1survey.se\/en\/developer\/summaries\/","title":{"rendered":"Summaries"},"content":{"rendered":"<h1 class=\"wp-block-heading\" id=\"summaries\">Summaries<\/h1>\n\n\n\n<pre id=\"tw-target-text\" class=\"wp-block-preformatted\">F\u00e5 en unders\u00f6kningsspecifik sammanfattning<\/pre>\n\n\n\n<p>Endpoint: <code>GET surveys\/{surveyId}\/summary<\/code><\/p>\n\n\n\n<p><br>Denna slutpunkt l\u00e5ter dig f\u00e5 en sammanfattning av en specifik unders\u00f6kning. Denna datatyp \u00e4r en delm\u00e4ngd av den fullst\u00e4ndiga sammanfattningen.<\/p>\n\n\n<div class=\"wp-block-syntaxhighlighter-code\"><pre class=\"brush: plain; title: ; notranslate\" title=\"\">\n{\n  &quot;questions&quot;: 4,\n  &quot;participants&quot;: 23,\n  &quot;deliveredParticipants&quot;: 23,\n  &quot;openedParticipants&quot;: 22,\n  &quot;answeredParticipants&quot;: 1\n}\n\n<\/pre><\/div>\n\n\n<h3 class=\"wp-block-heading\" id=\"question\">question<\/h3>\n\n\n\n<p><br>Antalet fr\u00e5gor i unders\u00f6kningen.<\/p>\n\n\n\n<h3 class=\"wp-block-heading\" id=\"participants\">deltagare<\/h3>\n\n\n\n<p>The number of participants in the survey, regardless of status.<\/p>\n\n\n\n<h3 class=\"wp-block-heading\" id=\"deliveredparticipants\">deliveredParticipants<\/h3>\n\n\n\n<p>Antalet deltagare i unders\u00f6kningen, oavsett status.<\/p>\n\n\n\n<h3 class=\"wp-block-heading\" id=\"openedparticipants\">openedParticipants<\/h3>\n\n\n\n<p>Antalet deltagare i unders\u00f6kningen som har \u00f6ppnat unders\u00f6kningen minst en g\u00e5ng.<\/p>\n\n\n\n<h3 class=\"wp-block-heading\" id=\"answeredparticipant\">answeredParticipant<\/h3>\n\n\n\n<p>Antalet deltagare i unders\u00f6kningen som har \u00f6ppnat unders\u00f6kningen minst en g\u00e5ng.<\/p>\n\n\n\n<h2 class=\"wp-block-heading\" id=\"getting-a-full-summary\">F\u00e5 en fullst\u00e4ndig sammanfattning<\/h2>\n\n\n\n<p>Endpoint: <code>GET surveys\/summary<\/code><\/p>\n\n\n\n<p>Denna endpointl\u00e5ter dig f\u00e5 en fullst\u00e4ndig sammanfattning av alla dina unders\u00f6kningar. De egenskaper som beskrivs ovan g\u00e4ller f\u00f6r alla unders\u00f6kningar h\u00e4r, och n\u00e5gra fler ing\u00e5r.<\/p>\n\n\n<div class=\"wp-block-syntaxhighlighter-code\"><pre class=\"brush: plain; title: ; notranslate\" title=\"\">\n{\n  &quot;surveys&quot;: 2,\n  &quot;openSurveys&quot;: 2,\n  &quot;endedSurveys&quot;: 0,\n  &quot;sentSurveys&quot;: 1,\n  &quot;questions&quot;: 4,\n  &quot;participants&quot;: 23,\n  &quot;deliveredParticipants&quot;: 23,\n  &quot;openedParticipants&quot;: 22,\n  &quot;answeredParticipants&quot;: 1\n}\n\n<\/pre><\/div>\n\n\n<h3 class=\"wp-block-heading\" id=\"surveys\">surveys<\/h3>\n\n\n\n<p>Det totala antalet unders\u00f6kningar i ditt konto, oavsett status.<\/p>\n\n\n\n<h3 class=\"wp-block-heading\" id=\"opensurveys\">openSurveys<\/h3>\n\n\n\n<p>Antalet unders\u00f6kningar i ditt konto som fortfarande tar emot svar.<\/p>\n\n\n\n<h3 class=\"wp-block-heading\" id=\"endedsurveys\">endedSurveys<\/h3>\n\n\n\n<p>Antalet unders\u00f6kningar i ditt konto vars slutdatum har passerat och inte l\u00e4ngre accepterar svar.<\/p>\n\n\n\n<h3 class=\"wp-block-heading\" id=\"sentsurveys\">sentSurveys<\/h3>\n\n\n\n<p>Antalet unders\u00f6kningar p\u00e5 ditt konto som har skickats till deltagarna minst en g\u00e5ng.<\/p>","protected":false},"excerpt":{"rendered":"<p>Sammanfattningar F\u00e5 en unders\u00f6kningsspecifik sammanfattning Endpoint: GET surveys\/{surveyId}\/summary Denna slutpunkt l\u00e5ter dig f\u00e5 en sammanfattning av en specifik unders\u00f6kning. Denna datatyp \u00e4r en delm\u00e4ngd av den fullst\u00e4ndiga sammanfattningen. question Antalet fr\u00e5gor i unders\u00f6kningen. participants The number of participants in the survey, regardless of status. deliveredParticipants Antalet deltagare i unders\u00f6kningen, oavsett status. openedParticipants Antalet deltagare i [&hellip;]<\/p>","protected":false},"author":1,"featured_media":0,"parent":228,"menu_order":0,"comment_status":"closed","ping_status":"closed","template":"developer.php","meta":{"_import_markdown_pro_load_document_selector":0,"_import_markdown_pro_submit_text_textarea":"","footnotes":""},"class_list":["post-296","page","type-page","status-publish","hentry"],"yoast_head":"<!-- This site is optimized with the Yoast SEO Premium plugin v26.1 (Yoast SEO v26.1.1) - https:\/\/yoast.com\/wordpress\/plugins\/seo\/ -->\n<title>Sammanfattningar - ip1survey.se<\/title>\n<meta name=\"robots\" content=\"index, follow, max-snippet:-1, max-image-preview:large, max-video-preview:-1\" \/>\n<link rel=\"canonical\" href=\"https:\/\/ip1survey.se\/en\/developer\/summaries\/\" \/>\n<meta property=\"og:locale\" content=\"en_US\" \/>\n<meta property=\"og:type\" content=\"article\" \/>\n<meta property=\"og:title\" content=\"Sammanfattningar\" \/>\n<meta property=\"og:description\" content=\"Sammanfattningar F\u00e5 en unders\u00f6kningsspecifik sammanfattning Endpoint: GET surveys\/{surveyId}\/summary Denna slutpunkt l\u00e5ter dig f\u00e5 en sammanfattning av en specifik unders\u00f6kning. Denna datatyp \u00e4r en delm\u00e4ngd av den fullst\u00e4ndiga sammanfattningen. question Antalet fr\u00e5gor i unders\u00f6kningen. participants The number of participants in the survey, regardless of status. deliveredParticipants Antalet deltagare i unders\u00f6kningen, oavsett status. openedParticipants Antalet deltagare i [&hellip;]\" \/>\n<meta property=\"og:url\" content=\"https:\/\/ip1survey.se\/en\/developer\/summaries\/\" \/>\n<meta property=\"og:site_name\" content=\"ip1survey.se\" \/>\n<meta property=\"article:publisher\" content=\"https:\/\/facebook.com\/IP1AB\" \/>\n<meta property=\"article:modified_time\" content=\"2025-04-03T06:40:25+00:00\" \/>\n<meta name=\"twitter:card\" content=\"summary_large_image\" \/>\n<meta name=\"twitter:label1\" content=\"Est. reading time\" \/>\n\t<meta name=\"twitter:data1\" content=\"1 minute\" \/>\n<script type=\"application\/ld+json\" class=\"yoast-schema-graph\">{\"@context\":\"https:\/\/schema.org\",\"@graph\":[{\"@type\":\"WebPage\",\"@id\":\"https:\/\/ip1survey.se\/utvecklare\/sammanfattningar\/\",\"url\":\"https:\/\/ip1survey.se\/utvecklare\/sammanfattningar\/\",\"name\":\"Sammanfattningar - ip1survey.se\",\"isPartOf\":{\"@id\":\"http:\/\/ip1survey.se\/en\/#website\"},\"datePublished\":\"2025-03-07T13:06:51+00:00\",\"dateModified\":\"2025-04-03T06:40:25+00:00\",\"breadcrumb\":{\"@id\":\"https:\/\/ip1survey.se\/utvecklare\/sammanfattningar\/#breadcrumb\"},\"inLanguage\":\"en-US\",\"potentialAction\":[{\"@type\":\"ReadAction\",\"target\":[\"https:\/\/ip1survey.se\/utvecklare\/sammanfattningar\/\"]}]},{\"@type\":\"BreadcrumbList\",\"@id\":\"https:\/\/ip1survey.se\/utvecklare\/sammanfattningar\/#breadcrumb\",\"itemListElement\":[{\"@type\":\"ListItem\",\"position\":1,\"name\":\"Home\",\"item\":\"https:\/\/ip1survey.se\/\"},{\"@type\":\"ListItem\",\"position\":2,\"name\":\"API Dokumentation\",\"item\":\"https:\/\/ip1survey.se\/utvecklare\/\"},{\"@type\":\"ListItem\",\"position\":3,\"name\":\"Sammanfattningar\"}]},{\"@type\":\"WebSite\",\"@id\":\"http:\/\/ip1survey.se\/en\/#website\",\"url\":\"http:\/\/ip1survey.se\/en\/\",\"name\":\"ip1survey.se\",\"description\":\"\",\"publisher\":{\"@id\":\"http:\/\/ip1survey.se\/en\/#organization\"},\"potentialAction\":[{\"@type\":\"SearchAction\",\"target\":{\"@type\":\"EntryPoint\",\"urlTemplate\":\"http:\/\/ip1survey.se\/en\/?s={search_term_string}\"},\"query-input\":{\"@type\":\"PropertyValueSpecification\",\"valueRequired\":true,\"valueName\":\"search_term_string\"}}],\"inLanguage\":\"en-US\"},{\"@type\":\"Organization\",\"@id\":\"http:\/\/ip1survey.se\/en\/#organization\",\"name\":\"iP.1 Networks AB\",\"url\":\"http:\/\/ip1survey.se\/en\/\",\"logo\":{\"@type\":\"ImageObject\",\"inLanguage\":\"en-US\",\"@id\":\"http:\/\/ip1survey.se\/en\/#\/schema\/logo\/image\/\",\"url\":\"http:\/\/ip1survey.se\/wp-content\/uploads\/2025\/03\/ip1-logo-white.svg\",\"contentUrl\":\"http:\/\/ip1survey.se\/wp-content\/uploads\/2025\/03\/ip1-logo-white.svg\",\"width\":1,\"height\":1,\"caption\":\"iP.1 Networks AB\"},\"image\":{\"@id\":\"http:\/\/ip1survey.se\/en\/#\/schema\/logo\/image\/\"},\"sameAs\":[\"https:\/\/facebook.com\/IP1AB\"]}]}<\/script>\n<!-- \/ Yoast SEO Premium plugin. -->","yoast_head_json":{"title":"Sammanfattningar - ip1survey.se","robots":{"index":"index","follow":"follow","max-snippet":"max-snippet:-1","max-image-preview":"max-image-preview:large","max-video-preview":"max-video-preview:-1"},"canonical":"https:\/\/ip1survey.se\/en\/developer\/summaries\/","og_locale":"en_US","og_type":"article","og_title":"Sammanfattningar","og_description":"Sammanfattningar F\u00e5 en unders\u00f6kningsspecifik sammanfattning Endpoint: GET surveys\/{surveyId}\/summary Denna slutpunkt l\u00e5ter dig f\u00e5 en sammanfattning av en specifik unders\u00f6kning. Denna datatyp \u00e4r en delm\u00e4ngd av den fullst\u00e4ndiga sammanfattningen. question Antalet fr\u00e5gor i unders\u00f6kningen. participants The number of participants in the survey, regardless of status. deliveredParticipants Antalet deltagare i unders\u00f6kningen, oavsett status. openedParticipants Antalet deltagare i [&hellip;]","og_url":"https:\/\/ip1survey.se\/en\/developer\/summaries\/","og_site_name":"ip1survey.se","article_publisher":"https:\/\/facebook.com\/IP1AB","article_modified_time":"2025-04-03T06:40:25+00:00","twitter_card":"summary_large_image","twitter_misc":{"Est. reading time":"1 minute"},"schema":{"@context":"https:\/\/schema.org","@graph":[{"@type":"WebPage","@id":"https:\/\/ip1survey.se\/utvecklare\/sammanfattningar\/","url":"https:\/\/ip1survey.se\/utvecklare\/sammanfattningar\/","name":"Sammanfattningar - ip1survey.se","isPartOf":{"@id":"http:\/\/ip1survey.se\/en\/#website"},"datePublished":"2025-03-07T13:06:51+00:00","dateModified":"2025-04-03T06:40:25+00:00","breadcrumb":{"@id":"https:\/\/ip1survey.se\/utvecklare\/sammanfattningar\/#breadcrumb"},"inLanguage":"en-US","potentialAction":[{"@type":"ReadAction","target":["https:\/\/ip1survey.se\/utvecklare\/sammanfattningar\/"]}]},{"@type":"BreadcrumbList","@id":"https:\/\/ip1survey.se\/utvecklare\/sammanfattningar\/#breadcrumb","itemListElement":[{"@type":"ListItem","position":1,"name":"Home","item":"https:\/\/ip1survey.se\/"},{"@type":"ListItem","position":2,"name":"API Dokumentation","item":"https:\/\/ip1survey.se\/utvecklare\/"},{"@type":"ListItem","position":3,"name":"Sammanfattningar"}]},{"@type":"WebSite","@id":"http:\/\/ip1survey.se\/en\/#website","url":"http:\/\/ip1survey.se\/en\/","name":"ip1survey.se","description":"","publisher":{"@id":"http:\/\/ip1survey.se\/en\/#organization"},"potentialAction":[{"@type":"SearchAction","target":{"@type":"EntryPoint","urlTemplate":"http:\/\/ip1survey.se\/en\/?s={search_term_string}"},"query-input":{"@type":"PropertyValueSpecification","valueRequired":true,"valueName":"search_term_string"}}],"inLanguage":"en-US"},{"@type":"Organization","@id":"http:\/\/ip1survey.se\/en\/#organization","name":"iP.1 Networks AB","url":"http:\/\/ip1survey.se\/en\/","logo":{"@type":"ImageObject","inLanguage":"en-US","@id":"http:\/\/ip1survey.se\/en\/#\/schema\/logo\/image\/","url":"http:\/\/ip1survey.se\/wp-content\/uploads\/2025\/03\/ip1-logo-white.svg","contentUrl":"http:\/\/ip1survey.se\/wp-content\/uploads\/2025\/03\/ip1-logo-white.svg","width":1,"height":1,"caption":"iP.1 Networks AB"},"image":{"@id":"http:\/\/ip1survey.se\/en\/#\/schema\/logo\/image\/"},"sameAs":["https:\/\/facebook.com\/IP1AB"]}]}},"_links":{"self":[{"href":"https:\/\/ip1survey.se\/en\/wp-json\/wp\/v2\/pages\/296","targetHints":{"allow":["GET"]}}],"collection":[{"href":"https:\/\/ip1survey.se\/en\/wp-json\/wp\/v2\/pages"}],"about":[{"href":"https:\/\/ip1survey.se\/en\/wp-json\/wp\/v2\/types\/page"}],"author":[{"embeddable":true,"href":"https:\/\/ip1survey.se\/en\/wp-json\/wp\/v2\/users\/1"}],"replies":[{"embeddable":true,"href":"https:\/\/ip1survey.se\/en\/wp-json\/wp\/v2\/comments?post=296"}],"version-history":[{"count":2,"href":"https:\/\/ip1survey.se\/en\/wp-json\/wp\/v2\/pages\/296\/revisions"}],"predecessor-version":[{"id":437,"href":"https:\/\/ip1survey.se\/en\/wp-json\/wp\/v2\/pages\/296\/revisions\/437"}],"up":[{"embeddable":true,"href":"https:\/\/ip1survey.se\/en\/wp-json\/wp\/v2\/pages\/228"}],"wp:attachment":[{"href":"https:\/\/ip1survey.se\/en\/wp-json\/wp\/v2\/media?parent=296"}],"curies":[{"name":"wp","href":"https:\/\/api.w.org\/{rel}","templated":true}]}}