{"id":298,"date":"2025-03-07T13:14:11","date_gmt":"2025-03-07T13:14:11","guid":{"rendered":"https:\/\/ip1survey.se\/?page_id=298"},"modified":"2025-04-03T06:38:13","modified_gmt":"2025-04-03T06:38:13","slug":"surveys-2","status":"publish","type":"page","link":"https:\/\/ip1survey.se\/en\/developer\/surveys-2\/","title":{"rendered":"Surveys"},"content":{"rendered":"<h1 class=\"wp-block-heading\" id=\"managing-surveys\">Hantera enk\u00e4ter<\/h1>\n\n\n\n<h2 class=\"wp-block-heading\" id=\"reading-a-collection-of-surveys\">L\u00e4s en samling enk\u00e4t<\/h2>\n\n\n\n<p>Endpoint: <code>GET surveys<\/code>\nEndpoint: <code>GET surveys\/pinned<\/code><\/p>\n\n\n\n<p>Denna slutpunkt ger dig en samling av dina unders\u00f6kningar, eller bara de f\u00e4stade unders\u00f6kningarna. Se definitionen av datatyp nedan.<\/p>\n\n\n\n<h2 class=\"wp-block-heading\" id=\"reading-a-single-survey\">L\u00e4s en enskild enk\u00e4t<\/h2>\n\n\n\n<p>Endpoint: <code>GET surveys\/{surveyId}<\/code><\/p>\n\n\n\n<p>Denna slutpunkt ger dig en enda unders\u00f6kning.<\/p>\n\n\n\n<h2 class=\"wp-block-heading\" id=\"updating-a-survey\">Uppdatera en enk\u00e4t<\/h2>\n\n\n\n<p>Endpoint: <code>PUT surveys\/{surveyId}<\/code><\/p>\n\n\n\n<pre id=\"tw-target-text\" class=\"wp-block-preformatted\">Med dessa slutpunkter kan du uppdatera en unders\u00f6kning och \u00e4ndra lagrad data. Allt utom fr\u00e5gor ers\u00e4tts av de nya uppgifterna.<\/pre>\n\n\n\n<h2 class=\"wp-block-heading\" id=\"creating-a-survey\">Skapa en enk\u00e4t<\/h2>\n\n\n\n<p>Endpoint: <code>POST surveys<\/code><\/p>\n\n\n\n<p>This endpoint allows you to create a new survey.<\/p>\n\n\n\n<h2 class=\"wp-block-heading\" id=\"deleting-surveys\">Radera enk\u00e4t<\/h2>\n\n\n\n<p>Endpoint: <code>DELETE surveys\/{surveyId}<\/code><\/p>\n\n\n\n<p>Denna slutpunkt l\u00e5ter dig skapa en ny enk\u00e4t.<\/p>\n\n\n\n<h2 class=\"wp-block-heading\" id=\"the-data-type\">Data-typ<\/h2>\n\n\n<div class=\"wp-block-syntaxhighlighter-code\"><pre class=\"brush: plain; title: ; notranslate\" title=\"\">\n{\n  &quot;id&quot;: &quot;615d9900792a81c7e32841ee&quot;,\n  &quot;name&quot;: &quot;Awesome Survey&quot;,\n  &quot;header&quot;: &quot;Enk\u00e4t&quot;,\n  &quot;showQuestionHeader&quot;: true,\n  &quot;textAlignment&quot;: &quot;Left&quot;,\n  &quot;backgroundColor&quot;: &quot;#f7f7f7&quot;,\n  &quot;textColor&quot;: &quot;#111&quot;,\n  &quot;buttonColor&quot;: &quot;#89b642&quot;,\n  &quot;logotype&quot;: null,\n  &quot;backgroundImage&quot;: null,\n  &quot;useDisclaimer&quot;: false,\n  &quot;customDisclaimer&quot;: null,\n  &quot;disclaimerLink&quot;: null,\n  &quot;customEnding&quot;: null,\n  &quot;endingLink&quot;: null,\n  &quot;multipleLanguageSupport&quot;: false,\n  &quot;supportedLanguages&quot;: &#x5B;\n    &quot;en-US&quot;\n  ],\n  &quot;baseLanguage&quot;: &quot;sv-SE&quot;,\n  &quot;anonymousAnswers&quot;: false,\n  &quot;endDate&quot;: null,\n  &quot;pinned&quot;: false,\n  &quot;lastModified&quot;: &quot;2021-10-06T12:56:30.854Z&quot;,\n  &quot;questions&quot;: &#x5B;\n    {\n      &quot;type&quot;: &quot;Essay&quot;,\n      &quot;id&quot;: &quot;5f9029d4d60d0f12d4db4e68&quot;,\n      &quot;title&quot;: &quot;Fr\u00e5getitel&quot;,\n      &quot;subtitle&quot;: &quot;&quot;,\n      &quot;required&quot;: false,\n      &quot;commentable&quot;: false,\n      &quot;order&quot;: 1,\n      &quot;condition&quot;: null,\n      &quot;maxWords&quot;: 100,\n      &quot;rows&quot;: 4,\n      &quot;columns&quot;: 30,\n      &quot;translations&quot;: {\n        &quot;en-US&quot;: {\n          &quot;title&quot;: &quot;Question title&quot;\n        }\n      }\n    }\n  ],\n  &quot;translations&quot;: {\n    &quot;en-US&quot;: {\n      &quot;header&quot;: &quot;Survey&quot;\n    }\n  }\n}\n\n<\/pre><\/div>\n\n\n<h3 class=\"wp-block-heading\">id<\/h3>\n\n\n\n<p>Enk\u00e4tens ID, som anv\u00e4nds f\u00f6r att referera till den.<\/p>\n\n\n\n<h3 class=\"wp-block-heading\">name<\/h3>\n\n\n\n<p>Enk\u00e4tens namn<\/p>\n\n\n\n<h3 class=\"wp-block-heading\" id=\"header\">header<\/h3>\n\n\n\n<p>Enk\u00e4tens rubrik. Visas f\u00f6r deltagarna ist\u00e4llet f\u00f6r namnet.<\/p>\n\n\n\n<h3 class=\"wp-block-heading\" id=\"showquestionheader\">showQuestionHeader<\/h3>\n\n\n\n<p>Om rubrikraden ska visas f\u00f6r deltagaren. Den best\u00e5r av rubriken och fr\u00e5gans framsteg etc. Standardinst\u00e4llningen \u00e4r false.<\/p>\n\n\n\n<h3 class=\"wp-block-heading\" id=\"textalignment\">textAlignment<\/h3>\n\n\n\n<p>Justeringen av textinneh\u00e5llet i unders\u00f6kningen. Giltiga v\u00e4rden \u00e4r Left, Center, Right och Justified. Standardinst\u00e4llning till left.<\/p>\n\n\n\n<h3 class=\"wp-block-heading\" id=\"backgroundcolor\">backgroundColor<\/h3>\n\n\n\n<p>F\u00e4rgen (i hex) som anv\u00e4nds f\u00f6r enk\u00e4tens bakgrund. Som standard \u00e4r #f7f7f7.<\/p>\n\n\n\n<h3 class=\"wp-block-heading\" id=\"textcolor\">textColor<\/h3>\n\n\n\n<p>F\u00e4rgen (i hex) som anv\u00e4nds f\u00f6r enk\u00e4tens text. Som standard \u00e4r #111.<\/p>\n\n\n\n<h3 class=\"wp-block-heading\" id=\"buttoncolor\">buttonColor<\/h3>\n\n\n\n<p>F\u00e4rgen (i hex) som anv\u00e4nds f\u00f6r enk\u00e4ten knappar. Som standard \u00e4r #89b642.<\/p>\n\n\n\n<h3 class=\"wp-block-heading\" id=\"logotype\">logotype<\/h3>\n\n\n\n<p>En URL till logotypen som anv\u00e4nds i enk\u00e4ten. Frivillig.<\/p>\n\n\n\n<h3 class=\"wp-block-heading\" id=\"backgroundimage\">backgroundImage<\/h3>\n\n\n\n<p>En URL till bakgrundsbilden som anv\u00e4nds i enk\u00e4ten. Frivillig.<\/p>\n\n\n\n<h3 class=\"wp-block-heading\" id=\"usedisclaimer\">useDisclaimer<\/h3>\n\n\n\n<p>Om man ska visa en v\u00e4lkomnande friskrivningstext i b\u00f6rjan av enk\u00e4ten.<\/p>\n\n\n\n<h3 class=\"wp-block-heading\" id=\"customdisclaimer\">customDisclaimer<\/h3>\n\n\n\n<p>En anpassad friskrivningstext att visa, om ingen \u00e4r inst\u00e4lld kommer en allm\u00e4n standardtext att visas. Standard \u00e4r null.<\/p>\n\n\n\n<h3 class=\"wp-block-heading\" id=\"disclaimerlink\">disclaimerLink<\/h3>\n\n\n\n<p>En l\u00e4nk att visa efter friskrivningstexten. Kan anv\u00e4ndas f\u00f6r integritetspolicyer etc. Den best\u00e5r antingen av en URL att l\u00e4nka eller av tv\u00e5 delar \u00e5tskilda av ett r\u00f6r (|), d\u00e4r den f\u00f6rsta \u00e4r texten som ska visas och den andra \u00e4r URL:en som ska l\u00e4nkas. Standard \u00e4r null.<\/p>\n\n\n\n<h3 class=\"wp-block-heading\" id=\"customending\">customEnding<\/h3>\n\n\n\n<p>En anpassad sluttext att visa efter att enk\u00e4ten har skickats in. Standard \u00e4r null.<\/p>\n\n\n\n<h3 class=\"wp-block-heading\" id=\"endinglink\">endingLink<\/h3>\n\n\n\n<p>En l\u00e4nk att visa efter sluttexten. Den best\u00e5r antingen av en URL att l\u00e4nka eller av tv\u00e5 delar \u00e5tskilda av ett r\u00f6r (|), d\u00e4r den f\u00f6rsta \u00e4r texten som ska visas och den andra \u00e4r URL:en som ska l\u00e4nkas. Standard \u00e4r null.<\/p>\n\n\n\n<h3 class=\"wp-block-heading\" id=\"multiplelanguagesupport\">multipleLanguageSupport<\/h3>\n\n\n\n<p>Om man ska st\u00f6dja flera spr\u00e5k f\u00f6r deltagarna att v\u00e4lja mellan n\u00e4r de svarar. Standardinst\u00e4llningen \u00e4r false.<\/p>\n\n\n\n<h3 class=\"wp-block-heading\" id=\"supportedlanguages\">supportedLanguages<\/h3>\n\n\n\n<p>En lista \u00f6ver spr\u00e5k att st\u00f6dja f\u00f6rutom basspr\u00e5ket. Kr\u00e4vs om st\u00f6d f\u00f6r flera spr\u00e5k \u00e4r aktivt. Standard till ingen.<\/p>\n\n\n\n<h3 class=\"wp-block-heading\" id=\"baselanguage\">baseLanguage<\/h3>\n\n\n\n<p>Unders\u00f6kningens basspr\u00e5k. Spr\u00e5ket f\u00f6r allt som inte \u00e4r \u00f6versatt och spr\u00e5ket som visas vid redigering av unders\u00f6kningen och i rapporter.<\/p>\n\n\n\n<h3 class=\"wp-block-heading\" id=\"anonymousanswers\">anonymousAnswers<\/h3>\n\n\n\n<p>Om deltagardata ska raderas efter att de har skickat in sina svar, vilket g\u00f6r svaren anonyma.<\/p>\n\n\n\n<h3 class=\"wp-block-heading\" id=\"enddate\">endDate<\/h3>\n\n\n\n<p>Ett datum efter vilket unders\u00f6kningen inte accepterar n\u00e5gra nya svar. Valfritt, standardv\u00e4rdet \u00e4r null.<\/p>\n\n\n\n<h3 class=\"wp-block-heading\" id=\"pinned\">pinned<\/h3>\n\n\n\n<p>Om unders\u00f6kningen \u00e4r f\u00e4st.<\/p>\n\n\n\n<h3 class=\"wp-block-heading\" id=\"lastmodified\">lastModified<\/h3>\n\n\n\n<p>Tidsst\u00e4mpel f\u00f6r senaste \u00e4ndring av unders\u00f6kningen.<\/p>\n\n\n\n<h3 class=\"wp-block-heading\" id=\"questions\">questions<\/h3>\n\n\n\n<p>En samling av fr\u00e5gorna i unders\u00f6kningen. Mer om dessa i Hantera fr\u00e5gor.<\/p>\n\n\n\n<h3 class=\"wp-block-heading\" id=\"translations\">translations<\/h3>\n\n\n\n<p>En ordbok med nycklar f\u00f6r varje spr\u00e5k som st\u00f6ds f\u00f6rutom basspr\u00e5ket. V\u00e4rdena \u00e4r ordb\u00f6cker med nycklar som andra unders\u00f6kningsegenskaper och v\u00e4rden som deras \u00f6versatta v\u00e4rden. Exemplet \u00f6vers\u00e4tter enk\u00e4thuvudet fr\u00e5n basspr\u00e5ket sv-SE till ett annat v\u00e4rde om deltagaren v\u00e4ljer en-US n\u00e4r han svarar.<\/p>","protected":false},"excerpt":{"rendered":"<p>Hantera enk\u00e4ter L\u00e4s en samling enk\u00e4t Endpoint: GET surveys Endpoint: GET surveys\/pinned Denna slutpunkt ger dig en samling av dina unders\u00f6kningar, eller bara de f\u00e4stade unders\u00f6kningarna. Se definitionen av datatyp nedan. L\u00e4s en enskild enk\u00e4t Endpoint: GET surveys\/{surveyId} Denna slutpunkt ger dig en enda unders\u00f6kning. Uppdatera en enk\u00e4t Endpoint: PUT surveys\/{surveyId} Med dessa slutpunkter kan [&hellip;]<\/p>","protected":false},"author":1,"featured_media":0,"parent":228,"menu_order":0,"comment_status":"closed","ping_status":"closed","template":"developer.php","meta":{"_import_markdown_pro_load_document_selector":0,"_import_markdown_pro_submit_text_textarea":"","footnotes":""},"class_list":["post-298","page","type-page","status-publish","hentry"],"yoast_head":"<!-- This site is optimized with the Yoast SEO Premium plugin v26.1 (Yoast SEO v26.1.1) - https:\/\/yoast.com\/wordpress\/plugins\/seo\/ -->\n<title>Enk\u00e4ter - ip1survey.se<\/title>\n<meta name=\"robots\" content=\"index, follow, max-snippet:-1, max-image-preview:large, max-video-preview:-1\" \/>\n<link rel=\"canonical\" href=\"https:\/\/ip1survey.se\/en\/developer\/surveys-2\/\" \/>\n<meta property=\"og:locale\" content=\"en_US\" \/>\n<meta property=\"og:type\" content=\"article\" \/>\n<meta property=\"og:title\" content=\"Enk\u00e4ter\" \/>\n<meta property=\"og:description\" content=\"Hantera enk\u00e4ter L\u00e4s en samling enk\u00e4t Endpoint: GET surveys Endpoint: GET surveys\/pinned Denna slutpunkt ger dig en samling av dina unders\u00f6kningar, eller bara de f\u00e4stade unders\u00f6kningarna. Se definitionen av datatyp nedan. L\u00e4s en enskild enk\u00e4t Endpoint: GET surveys\/{surveyId} Denna slutpunkt ger dig en enda unders\u00f6kning. Uppdatera en enk\u00e4t Endpoint: PUT surveys\/{surveyId} Med dessa slutpunkter kan [&hellip;]\" \/>\n<meta property=\"og:url\" content=\"https:\/\/ip1survey.se\/en\/developer\/surveys-2\/\" \/>\n<meta property=\"og:site_name\" content=\"ip1survey.se\" \/>\n<meta property=\"article:publisher\" content=\"https:\/\/facebook.com\/IP1AB\" \/>\n<meta property=\"article:modified_time\" content=\"2025-04-03T06:38:13+00:00\" \/>\n<meta name=\"twitter:card\" content=\"summary_large_image\" \/>\n<meta name=\"twitter:label1\" content=\"Est. reading time\" \/>\n\t<meta name=\"twitter:data1\" content=\"3 minutes\" \/>\n<script type=\"application\/ld+json\" class=\"yoast-schema-graph\">{\"@context\":\"https:\/\/schema.org\",\"@graph\":[{\"@type\":\"WebPage\",\"@id\":\"https:\/\/ip1survey.se\/utvecklare\/enkater\/\",\"url\":\"https:\/\/ip1survey.se\/utvecklare\/enkater\/\",\"name\":\"Enk\u00e4ter - ip1survey.se\",\"isPartOf\":{\"@id\":\"http:\/\/ip1survey.se\/en\/#website\"},\"datePublished\":\"2025-03-07T13:14:11+00:00\",\"dateModified\":\"2025-04-03T06:38:13+00:00\",\"breadcrumb\":{\"@id\":\"https:\/\/ip1survey.se\/utvecklare\/enkater\/#breadcrumb\"},\"inLanguage\":\"en-US\",\"potentialAction\":[{\"@type\":\"ReadAction\",\"target\":[\"https:\/\/ip1survey.se\/utvecklare\/enkater\/\"]}]},{\"@type\":\"BreadcrumbList\",\"@id\":\"https:\/\/ip1survey.se\/utvecklare\/enkater\/#breadcrumb\",\"itemListElement\":[{\"@type\":\"ListItem\",\"position\":1,\"name\":\"Home\",\"item\":\"https:\/\/ip1survey.se\/\"},{\"@type\":\"ListItem\",\"position\":2,\"name\":\"API Dokumentation\",\"item\":\"https:\/\/ip1survey.se\/utvecklare\/\"},{\"@type\":\"ListItem\",\"position\":3,\"name\":\"Enk\u00e4ter\"}]},{\"@type\":\"WebSite\",\"@id\":\"http:\/\/ip1survey.se\/en\/#website\",\"url\":\"http:\/\/ip1survey.se\/en\/\",\"name\":\"ip1survey.se\",\"description\":\"\",\"publisher\":{\"@id\":\"http:\/\/ip1survey.se\/en\/#organization\"},\"potentialAction\":[{\"@type\":\"SearchAction\",\"target\":{\"@type\":\"EntryPoint\",\"urlTemplate\":\"http:\/\/ip1survey.se\/en\/?s={search_term_string}\"},\"query-input\":{\"@type\":\"PropertyValueSpecification\",\"valueRequired\":true,\"valueName\":\"search_term_string\"}}],\"inLanguage\":\"en-US\"},{\"@type\":\"Organization\",\"@id\":\"http:\/\/ip1survey.se\/en\/#organization\",\"name\":\"iP.1 Networks AB\",\"url\":\"http:\/\/ip1survey.se\/en\/\",\"logo\":{\"@type\":\"ImageObject\",\"inLanguage\":\"en-US\",\"@id\":\"http:\/\/ip1survey.se\/en\/#\/schema\/logo\/image\/\",\"url\":\"http:\/\/ip1survey.se\/wp-content\/uploads\/2025\/03\/ip1-logo-white.svg\",\"contentUrl\":\"http:\/\/ip1survey.se\/wp-content\/uploads\/2025\/03\/ip1-logo-white.svg\",\"width\":1,\"height\":1,\"caption\":\"iP.1 Networks AB\"},\"image\":{\"@id\":\"http:\/\/ip1survey.se\/en\/#\/schema\/logo\/image\/\"},\"sameAs\":[\"https:\/\/facebook.com\/IP1AB\"]}]}<\/script>\n<!-- \/ Yoast SEO Premium plugin. -->","yoast_head_json":{"title":"Enk\u00e4ter - ip1survey.se","robots":{"index":"index","follow":"follow","max-snippet":"max-snippet:-1","max-image-preview":"max-image-preview:large","max-video-preview":"max-video-preview:-1"},"canonical":"https:\/\/ip1survey.se\/en\/developer\/surveys-2\/","og_locale":"en_US","og_type":"article","og_title":"Enk\u00e4ter","og_description":"Hantera enk\u00e4ter L\u00e4s en samling enk\u00e4t Endpoint: GET surveys Endpoint: GET surveys\/pinned Denna slutpunkt ger dig en samling av dina unders\u00f6kningar, eller bara de f\u00e4stade unders\u00f6kningarna. Se definitionen av datatyp nedan. L\u00e4s en enskild enk\u00e4t Endpoint: GET surveys\/{surveyId} Denna slutpunkt ger dig en enda unders\u00f6kning. Uppdatera en enk\u00e4t Endpoint: PUT surveys\/{surveyId} Med dessa slutpunkter kan [&hellip;]","og_url":"https:\/\/ip1survey.se\/en\/developer\/surveys-2\/","og_site_name":"ip1survey.se","article_publisher":"https:\/\/facebook.com\/IP1AB","article_modified_time":"2025-04-03T06:38:13+00:00","twitter_card":"summary_large_image","twitter_misc":{"Est. reading time":"3 minutes"},"schema":{"@context":"https:\/\/schema.org","@graph":[{"@type":"WebPage","@id":"https:\/\/ip1survey.se\/utvecklare\/enkater\/","url":"https:\/\/ip1survey.se\/utvecklare\/enkater\/","name":"Enk\u00e4ter - ip1survey.se","isPartOf":{"@id":"http:\/\/ip1survey.se\/en\/#website"},"datePublished":"2025-03-07T13:14:11+00:00","dateModified":"2025-04-03T06:38:13+00:00","breadcrumb":{"@id":"https:\/\/ip1survey.se\/utvecklare\/enkater\/#breadcrumb"},"inLanguage":"en-US","potentialAction":[{"@type":"ReadAction","target":["https:\/\/ip1survey.se\/utvecklare\/enkater\/"]}]},{"@type":"BreadcrumbList","@id":"https:\/\/ip1survey.se\/utvecklare\/enkater\/#breadcrumb","itemListElement":[{"@type":"ListItem","position":1,"name":"Home","item":"https:\/\/ip1survey.se\/"},{"@type":"ListItem","position":2,"name":"API Dokumentation","item":"https:\/\/ip1survey.se\/utvecklare\/"},{"@type":"ListItem","position":3,"name":"Enk\u00e4ter"}]},{"@type":"WebSite","@id":"http:\/\/ip1survey.se\/en\/#website","url":"http:\/\/ip1survey.se\/en\/","name":"ip1survey.se","description":"","publisher":{"@id":"http:\/\/ip1survey.se\/en\/#organization"},"potentialAction":[{"@type":"SearchAction","target":{"@type":"EntryPoint","urlTemplate":"http:\/\/ip1survey.se\/en\/?s={search_term_string}"},"query-input":{"@type":"PropertyValueSpecification","valueRequired":true,"valueName":"search_term_string"}}],"inLanguage":"en-US"},{"@type":"Organization","@id":"http:\/\/ip1survey.se\/en\/#organization","name":"iP.1 Networks AB","url":"http:\/\/ip1survey.se\/en\/","logo":{"@type":"ImageObject","inLanguage":"en-US","@id":"http:\/\/ip1survey.se\/en\/#\/schema\/logo\/image\/","url":"http:\/\/ip1survey.se\/wp-content\/uploads\/2025\/03\/ip1-logo-white.svg","contentUrl":"http:\/\/ip1survey.se\/wp-content\/uploads\/2025\/03\/ip1-logo-white.svg","width":1,"height":1,"caption":"iP.1 Networks AB"},"image":{"@id":"http:\/\/ip1survey.se\/en\/#\/schema\/logo\/image\/"},"sameAs":["https:\/\/facebook.com\/IP1AB"]}]}},"_links":{"self":[{"href":"https:\/\/ip1survey.se\/en\/wp-json\/wp\/v2\/pages\/298","targetHints":{"allow":["GET"]}}],"collection":[{"href":"https:\/\/ip1survey.se\/en\/wp-json\/wp\/v2\/pages"}],"about":[{"href":"https:\/\/ip1survey.se\/en\/wp-json\/wp\/v2\/types\/page"}],"author":[{"embeddable":true,"href":"https:\/\/ip1survey.se\/en\/wp-json\/wp\/v2\/users\/1"}],"replies":[{"embeddable":true,"href":"https:\/\/ip1survey.se\/en\/wp-json\/wp\/v2\/comments?post=298"}],"version-history":[{"count":2,"href":"https:\/\/ip1survey.se\/en\/wp-json\/wp\/v2\/pages\/298\/revisions"}],"predecessor-version":[{"id":433,"href":"https:\/\/ip1survey.se\/en\/wp-json\/wp\/v2\/pages\/298\/revisions\/433"}],"up":[{"embeddable":true,"href":"https:\/\/ip1survey.se\/en\/wp-json\/wp\/v2\/pages\/228"}],"wp:attachment":[{"href":"https:\/\/ip1survey.se\/en\/wp-json\/wp\/v2\/media?parent=298"}],"curies":[{"name":"wp","href":"https:\/\/api.w.org\/{rel}","templated":true}]}}