{"id":305,"date":"2025-03-07T15:08:07","date_gmt":"2025-03-07T15:08:07","guid":{"rendered":"https:\/\/ip1survey.se\/?page_id=305"},"modified":"2025-03-13T09:00:04","modified_gmt":"2025-03-13T09:00:04","slug":"answers","status":"publish","type":"page","link":"https:\/\/ip1survey.se\/en\/developer\/answers\/","title":{"rendered":"Answers"},"content":{"rendered":"<h1 class=\"wp-block-heading\" id=\"checking-answers\">L\u00e4sa svar<\/h1>\n\n\n\n<h2 class=\"wp-block-heading\" id=\"reading-a-collection-of-answers\">L\u00e4ser en samling svar<\/h2>\n\n\n\n<p>Endpoint: <code>GET surveys\/{surveyId}\/questions\/{questionId}\/answers<\/code><\/p>\n\n\n\n<p>Denna endpoint ger dig en samling av dina svar p\u00e5 en specifik fr\u00e5ga i en specifik unders\u00f6kning. Se definitionen av datatyp nedan.<\/p>\n\n\n\n<h2 class=\"wp-block-heading\" id=\"the-data-type\">Data-typ<\/h2>\n\n\n\n<p>Typen av svar. Exemplet \u00e4r ett textsvar. Olika fr\u00e5getyper ger olika svarstyper.<\/p>\n\n\n<div class=\"wp-block-syntaxhighlighter-code\"><pre class=\"brush: plain; title: ; notranslate\" title=\"\">\n{\n  &quot;type&quot;: &quot;Text&quot;,\n  &quot;id&quot;: &quot;616ead85cb4d4a94d79632fd&quot;,\n  &quot;surveyId&quot;: &quot;61682cbd6e5d9861ed52e697&quot;,\n  &quot;questionId&quot;: &quot;5f9029d4d60d0f12d4db4e68&quot;,\n  &quot;participantId&quot;: &quot;616ead85cb4d4a94d79632fd&quot;,\n  &quot;comment&quot;: &quot;Such comment&quot;,\n  &quot;answer&quot;: &quot;Much answer&quot;\n\n<\/pre><\/div>\n\n\n<h3 class=\"wp-block-heading\" id=\"type\">type<\/h3>\n\n\n\n<p>Typen av svar. Exemplet \u00e4r ett textsvar. Olika fr\u00e5getyper ger olika svarstyper.<\/p>\n\n\n\n<h3 class=\"wp-block-heading\">id<\/h3>\n\n\n\n<p>Svarets ID, som anv\u00e4nds f\u00f6r att referera till det.<\/p>\n\n\n\n<h3 class=\"wp-block-heading\" id=\"surveyid\">surveyId<\/h3>\n\n\n\n<p>Survey ID of the survey that the answer belongs to.<\/p>\n\n\n\n<h3 class=\"wp-block-heading\" id=\"questionid\">questionId<\/h3>\n\n\n\n<p>Enk\u00e4t-ID f\u00f6r enk\u00e4ten som svaret tillh\u00f6r.<\/p>\n\n\n\n<h3 class=\"wp-block-heading\" id=\"participantid\">participantId<\/h3>\n\n\n\n<p>Deltagar-ID f\u00f6r den deltagare som skickade in svaret.<\/p>\n\n\n\n<h3 class=\"wp-block-heading\" id=\"comment\">comment<\/h3>\n\n\n\n<p>Kommentaren som l\u00e4mnats av deltagaren, om de gjorde det och fr\u00e5gan eller fr\u00e5gealternativet var kommenterbart.<\/p>\n\n\n\n<h3 class=\"wp-block-heading\" id=\"answer\">answer<\/h3>\n\n\n\n<p>Sj\u00e4lva svaret l\u00e4mnat av deltagaren. Typen av den h\u00e4r egenskapen skiljer sig beroende p\u00e5 svarstyp, och svarstypen skiljer sig beroende p\u00e5 fr\u00e5getyp. Exemplet \u00e4r ett textsvar eftersom fr\u00e5getypen (uppsats) gav ett textsvar.<\/p>","protected":false},"excerpt":{"rendered":"<p>L\u00e4sa svar L\u00e4ser en samling svar Endpoint: GET surveys\/{surveyId}\/questions\/{questionId}\/answers Denna endpoint ger dig en samling av dina svar p\u00e5 en specifik fr\u00e5ga i en specifik unders\u00f6kning. Se definitionen av datatyp nedan. Data-typ Typen av svar. Exemplet \u00e4r ett textsvar. Olika fr\u00e5getyper ger olika svarstyper. type Typen av svar. Exemplet \u00e4r ett textsvar. Olika fr\u00e5getyper ger [&hellip;]<\/p>","protected":false},"author":1,"featured_media":0,"parent":228,"menu_order":0,"comment_status":"closed","ping_status":"closed","template":"developer.php","meta":{"_import_markdown_pro_load_document_selector":0,"_import_markdown_pro_submit_text_textarea":"","footnotes":""},"class_list":["post-305","page","type-page","status-publish","hentry"],"yoast_head":"<!-- This site is optimized with the Yoast SEO Premium plugin v26.1 (Yoast SEO v26.1.1) - https:\/\/yoast.com\/wordpress\/plugins\/seo\/ -->\n<title>svar - ip1survey.se<\/title>\n<meta name=\"robots\" content=\"index, follow, max-snippet:-1, max-image-preview:large, max-video-preview:-1\" \/>\n<link rel=\"canonical\" href=\"https:\/\/ip1survey.se\/en\/developer\/answers\/\" \/>\n<meta property=\"og:locale\" content=\"en_US\" \/>\n<meta property=\"og:type\" content=\"article\" \/>\n<meta property=\"og:title\" content=\"svar\" \/>\n<meta property=\"og:description\" content=\"L\u00e4sa svar L\u00e4ser en samling svar Endpoint: GET surveys\/{surveyId}\/questions\/{questionId}\/answers Denna endpoint ger dig en samling av dina svar p\u00e5 en specifik fr\u00e5ga i en specifik unders\u00f6kning. Se definitionen av datatyp nedan. Data-typ Typen av svar. Exemplet \u00e4r ett textsvar. Olika fr\u00e5getyper ger olika svarstyper. type Typen av svar. Exemplet \u00e4r ett textsvar. Olika fr\u00e5getyper ger [&hellip;]\" \/>\n<meta property=\"og:url\" content=\"https:\/\/ip1survey.se\/en\/developer\/answers\/\" \/>\n<meta property=\"og:site_name\" content=\"ip1survey.se\" \/>\n<meta property=\"article:publisher\" content=\"https:\/\/facebook.com\/IP1AB\" \/>\n<meta property=\"article:modified_time\" content=\"2025-03-13T09:00:04+00:00\" \/>\n<meta name=\"twitter:card\" content=\"summary_large_image\" \/>\n<meta name=\"twitter:label1\" content=\"Est. reading time\" \/>\n\t<meta name=\"twitter:data1\" content=\"1 minute\" \/>\n<script type=\"application\/ld+json\" class=\"yoast-schema-graph\">{\"@context\":\"https:\/\/schema.org\",\"@graph\":[{\"@type\":\"WebPage\",\"@id\":\"https:\/\/ip1survey.se\/utvecklare\/svar\/\",\"url\":\"https:\/\/ip1survey.se\/utvecklare\/svar\/\",\"name\":\"svar - ip1survey.se\",\"isPartOf\":{\"@id\":\"http:\/\/ip1survey.se\/en\/#website\"},\"datePublished\":\"2025-03-07T15:08:07+00:00\",\"dateModified\":\"2025-03-13T09:00:04+00:00\",\"breadcrumb\":{\"@id\":\"https:\/\/ip1survey.se\/utvecklare\/svar\/#breadcrumb\"},\"inLanguage\":\"en-US\",\"potentialAction\":[{\"@type\":\"ReadAction\",\"target\":[\"https:\/\/ip1survey.se\/utvecklare\/svar\/\"]}]},{\"@type\":\"BreadcrumbList\",\"@id\":\"https:\/\/ip1survey.se\/utvecklare\/svar\/#breadcrumb\",\"itemListElement\":[{\"@type\":\"ListItem\",\"position\":1,\"name\":\"Home\",\"item\":\"https:\/\/ip1survey.se\/\"},{\"@type\":\"ListItem\",\"position\":2,\"name\":\"API Dokumentation\",\"item\":\"https:\/\/ip1survey.se\/utvecklare\/\"},{\"@type\":\"ListItem\",\"position\":3,\"name\":\"svar\"}]},{\"@type\":\"WebSite\",\"@id\":\"http:\/\/ip1survey.se\/en\/#website\",\"url\":\"http:\/\/ip1survey.se\/en\/\",\"name\":\"ip1survey.se\",\"description\":\"\",\"publisher\":{\"@id\":\"http:\/\/ip1survey.se\/en\/#organization\"},\"potentialAction\":[{\"@type\":\"SearchAction\",\"target\":{\"@type\":\"EntryPoint\",\"urlTemplate\":\"http:\/\/ip1survey.se\/en\/?s={search_term_string}\"},\"query-input\":{\"@type\":\"PropertyValueSpecification\",\"valueRequired\":true,\"valueName\":\"search_term_string\"}}],\"inLanguage\":\"en-US\"},{\"@type\":\"Organization\",\"@id\":\"http:\/\/ip1survey.se\/en\/#organization\",\"name\":\"iP.1 Networks AB\",\"url\":\"http:\/\/ip1survey.se\/en\/\",\"logo\":{\"@type\":\"ImageObject\",\"inLanguage\":\"en-US\",\"@id\":\"http:\/\/ip1survey.se\/en\/#\/schema\/logo\/image\/\",\"url\":\"http:\/\/ip1survey.se\/wp-content\/uploads\/2025\/03\/ip1-logo-white.svg\",\"contentUrl\":\"http:\/\/ip1survey.se\/wp-content\/uploads\/2025\/03\/ip1-logo-white.svg\",\"width\":1,\"height\":1,\"caption\":\"iP.1 Networks AB\"},\"image\":{\"@id\":\"http:\/\/ip1survey.se\/en\/#\/schema\/logo\/image\/\"},\"sameAs\":[\"https:\/\/facebook.com\/IP1AB\"]}]}<\/script>\n<!-- \/ Yoast SEO Premium plugin. -->","yoast_head_json":{"title":"svar - ip1survey.se","robots":{"index":"index","follow":"follow","max-snippet":"max-snippet:-1","max-image-preview":"max-image-preview:large","max-video-preview":"max-video-preview:-1"},"canonical":"https:\/\/ip1survey.se\/en\/developer\/answers\/","og_locale":"en_US","og_type":"article","og_title":"svar","og_description":"L\u00e4sa svar L\u00e4ser en samling svar Endpoint: GET surveys\/{surveyId}\/questions\/{questionId}\/answers Denna endpoint ger dig en samling av dina svar p\u00e5 en specifik fr\u00e5ga i en specifik unders\u00f6kning. Se definitionen av datatyp nedan. Data-typ Typen av svar. Exemplet \u00e4r ett textsvar. Olika fr\u00e5getyper ger olika svarstyper. type Typen av svar. Exemplet \u00e4r ett textsvar. Olika fr\u00e5getyper ger [&hellip;]","og_url":"https:\/\/ip1survey.se\/en\/developer\/answers\/","og_site_name":"ip1survey.se","article_publisher":"https:\/\/facebook.com\/IP1AB","article_modified_time":"2025-03-13T09:00:04+00:00","twitter_card":"summary_large_image","twitter_misc":{"Est. reading time":"1 minute"},"schema":{"@context":"https:\/\/schema.org","@graph":[{"@type":"WebPage","@id":"https:\/\/ip1survey.se\/utvecklare\/svar\/","url":"https:\/\/ip1survey.se\/utvecklare\/svar\/","name":"svar - ip1survey.se","isPartOf":{"@id":"http:\/\/ip1survey.se\/en\/#website"},"datePublished":"2025-03-07T15:08:07+00:00","dateModified":"2025-03-13T09:00:04+00:00","breadcrumb":{"@id":"https:\/\/ip1survey.se\/utvecklare\/svar\/#breadcrumb"},"inLanguage":"en-US","potentialAction":[{"@type":"ReadAction","target":["https:\/\/ip1survey.se\/utvecklare\/svar\/"]}]},{"@type":"BreadcrumbList","@id":"https:\/\/ip1survey.se\/utvecklare\/svar\/#breadcrumb","itemListElement":[{"@type":"ListItem","position":1,"name":"Home","item":"https:\/\/ip1survey.se\/"},{"@type":"ListItem","position":2,"name":"API Dokumentation","item":"https:\/\/ip1survey.se\/utvecklare\/"},{"@type":"ListItem","position":3,"name":"svar"}]},{"@type":"WebSite","@id":"http:\/\/ip1survey.se\/en\/#website","url":"http:\/\/ip1survey.se\/en\/","name":"ip1survey.se","description":"","publisher":{"@id":"http:\/\/ip1survey.se\/en\/#organization"},"potentialAction":[{"@type":"SearchAction","target":{"@type":"EntryPoint","urlTemplate":"http:\/\/ip1survey.se\/en\/?s={search_term_string}"},"query-input":{"@type":"PropertyValueSpecification","valueRequired":true,"valueName":"search_term_string"}}],"inLanguage":"en-US"},{"@type":"Organization","@id":"http:\/\/ip1survey.se\/en\/#organization","name":"iP.1 Networks AB","url":"http:\/\/ip1survey.se\/en\/","logo":{"@type":"ImageObject","inLanguage":"en-US","@id":"http:\/\/ip1survey.se\/en\/#\/schema\/logo\/image\/","url":"http:\/\/ip1survey.se\/wp-content\/uploads\/2025\/03\/ip1-logo-white.svg","contentUrl":"http:\/\/ip1survey.se\/wp-content\/uploads\/2025\/03\/ip1-logo-white.svg","width":1,"height":1,"caption":"iP.1 Networks AB"},"image":{"@id":"http:\/\/ip1survey.se\/en\/#\/schema\/logo\/image\/"},"sameAs":["https:\/\/facebook.com\/IP1AB"]}]}},"_links":{"self":[{"href":"https:\/\/ip1survey.se\/en\/wp-json\/wp\/v2\/pages\/305","targetHints":{"allow":["GET"]}}],"collection":[{"href":"https:\/\/ip1survey.se\/en\/wp-json\/wp\/v2\/pages"}],"about":[{"href":"https:\/\/ip1survey.se\/en\/wp-json\/wp\/v2\/types\/page"}],"author":[{"embeddable":true,"href":"https:\/\/ip1survey.se\/en\/wp-json\/wp\/v2\/users\/1"}],"replies":[{"embeddable":true,"href":"https:\/\/ip1survey.se\/en\/wp-json\/wp\/v2\/comments?post=305"}],"version-history":[{"count":2,"href":"https:\/\/ip1survey.se\/en\/wp-json\/wp\/v2\/pages\/305\/revisions"}],"predecessor-version":[{"id":439,"href":"https:\/\/ip1survey.se\/en\/wp-json\/wp\/v2\/pages\/305\/revisions\/439"}],"up":[{"embeddable":true,"href":"https:\/\/ip1survey.se\/en\/wp-json\/wp\/v2\/pages\/228"}],"wp:attachment":[{"href":"https:\/\/ip1survey.se\/en\/wp-json\/wp\/v2\/media?parent=305"}],"curies":[{"name":"wp","href":"https:\/\/api.w.org\/{rel}","templated":true}]}}