{"id":315,"date":"2025-03-07T15:24:41","date_gmt":"2025-03-07T15:24:41","guid":{"rendered":"https:\/\/ip1survey.se\/?page_id=315"},"modified":"2025-04-03T06:37:47","modified_gmt":"2025-04-03T06:37:47","slug":"properties","status":"publish","type":"page","link":"https:\/\/ip1survey.se\/en\/developer\/properties\/","title":{"rendered":"Properties"},"content":{"rendered":"<h1 class=\"wp-block-heading\" id=\"checking-account-properties\">Kontrollera konto-egenskaper<\/h1>\n\n\n\n<p>Konto-egenskaper \u00e4r skrivskyddad information om vissa aspekter av din API-anv\u00e4ndning.<\/p>\n\n\n\n<h2 class=\"wp-block-heading\" id=\"reading-a-collection-of-properties\">L\u00e4ser en samling egenskaper<\/h2>\n\n\n\n<p>Endpoint: <code>GET me\/surveys\/properties<\/code><\/p>\n\n\n\n<p>Denna endpoint ger dig en samling av dina egenskaper. Se data-typsbeskrivningarna nedan.<\/p>\n\n\n\n<h2 class=\"wp-block-heading\" id=\"reading-a-single-property\">L\u00e4s en enskild egenskap<\/h2>\n\n\n\n<p>Endpoint: <code>GET me\/surveys\/properties\/{propertyName}<\/code><\/p>\n\n\n\n<p>Denna slutpunkt ger dig en enda egenskap.<\/p>\n\n\n\n<h2 class=\"wp-block-heading\" id=\"properties-and-their-types\">Egenskaper och deras typer<\/h2>\n\n\n\n<figure class=\"wp-block-table\"><table class=\"has-fixed-layout\"><thead><tr><th>Property<\/th><th>Typ<\/th><th>Description<\/th><\/tr><\/thead><tbody><tr><td>topSurvey<\/td><td>string<\/td><td>ID f\u00f6r din b\u00e4st presterande unders\u00f6kning, ber\u00e4knat varje natt.<\/td><\/tr><tr><td>usage<\/td><td>dictionary<\/td><td>En dictionary med nycklar som delar av tidsst\u00e4mplar (\u00e5r, m\u00e5nad, dag, timme) och v\u00e4rden som antal svarande deltagare under den tiden.<\/td><\/tr><\/tbody><\/table><\/figure>\n\n\n\n<h3 class=\"wp-block-heading\" id=\"example-of-usage\">Exempel p\u00e5 <code>usage<\/code><\/h3>\n\n\n<div class=\"wp-block-syntaxhighlighter-code\"><pre class=\"brush: plain; title: ; notranslate\" title=\"\">\n{\n  &quot;2021&quot;: 6,\n  &quot;2021-10&quot;: 4,\n  &quot;2021-10-19&quot;: 2,\n  &quot;2021-10-19 09:00:00&quot;: 1,\n  &quot;2021-10-19 11:00:00&quot;: 1,\n  &quot;2021-10-22&quot;: 2,\n  &quot;2021-10-22 15:00:00&quot;: 2,\n  &quot;2021-11&quot;: 2,\n  &quot;2021-11-22&quot;: 2,\n  &quot;2021-11-22 05:00:00&quot;: 2\n}\n\n<\/pre><\/div>","protected":false},"excerpt":{"rendered":"<p>Kontrollera konto-egenskaper Konto-egenskaper \u00e4r skrivskyddad information om vissa aspekter av din API-anv\u00e4ndning. L\u00e4ser en samling egenskaper Endpoint: GET me\/surveys\/properties Denna endpoint ger dig en samling av dina egenskaper. Se data-typsbeskrivningarna nedan. L\u00e4s en enskild egenskap Endpoint: GET me\/surveys\/properties\/{propertyName} Denna slutpunkt ger dig en enda egenskap. Egenskaper och deras typer Property Typ Beskrivning topSurvey string ID [&hellip;]<\/p>","protected":false},"author":1,"featured_media":0,"parent":228,"menu_order":0,"comment_status":"closed","ping_status":"closed","template":"developer.php","meta":{"_import_markdown_pro_load_document_selector":0,"_import_markdown_pro_submit_text_textarea":"","footnotes":""},"class_list":["post-315","page","type-page","status-publish","hentry"],"yoast_head":"<!-- This site is optimized with the Yoast SEO Premium plugin v26.1 (Yoast SEO v26.1.1) - https:\/\/yoast.com\/wordpress\/plugins\/seo\/ -->\n<title>Egenskaper - ip1survey.se<\/title>\n<meta name=\"robots\" content=\"index, follow, max-snippet:-1, max-image-preview:large, max-video-preview:-1\" \/>\n<link rel=\"canonical\" href=\"https:\/\/ip1survey.se\/en\/developer\/properties\/\" \/>\n<meta property=\"og:locale\" content=\"en_US\" \/>\n<meta property=\"og:type\" content=\"article\" \/>\n<meta property=\"og:title\" content=\"Egenskaper\" \/>\n<meta property=\"og:description\" content=\"Kontrollera konto-egenskaper Konto-egenskaper \u00e4r skrivskyddad information om vissa aspekter av din API-anv\u00e4ndning. L\u00e4ser en samling egenskaper Endpoint: GET me\/surveys\/properties Denna endpoint ger dig en samling av dina egenskaper. Se data-typsbeskrivningarna nedan. L\u00e4s en enskild egenskap Endpoint: GET me\/surveys\/properties\/{propertyName} Denna slutpunkt ger dig en enda egenskap. Egenskaper och deras typer Property Typ Beskrivning topSurvey string ID [&hellip;]\" \/>\n<meta property=\"og:url\" content=\"https:\/\/ip1survey.se\/en\/developer\/properties\/\" \/>\n<meta property=\"og:site_name\" content=\"ip1survey.se\" \/>\n<meta property=\"article:publisher\" content=\"https:\/\/facebook.com\/IP1AB\" \/>\n<meta property=\"article:modified_time\" content=\"2025-04-03T06:37:47+00:00\" \/>\n<meta name=\"twitter:card\" content=\"summary_large_image\" \/>\n<meta name=\"twitter:label1\" content=\"Est. reading time\" \/>\n\t<meta name=\"twitter:data1\" content=\"1 minute\" \/>\n<script type=\"application\/ld+json\" class=\"yoast-schema-graph\">{\"@context\":\"https:\/\/schema.org\",\"@graph\":[{\"@type\":\"WebPage\",\"@id\":\"https:\/\/ip1survey.se\/utvecklare\/egenskaper\/\",\"url\":\"https:\/\/ip1survey.se\/utvecklare\/egenskaper\/\",\"name\":\"Egenskaper - ip1survey.se\",\"isPartOf\":{\"@id\":\"http:\/\/ip1survey.se\/en\/#website\"},\"datePublished\":\"2025-03-07T15:24:41+00:00\",\"dateModified\":\"2025-04-03T06:37:47+00:00\",\"breadcrumb\":{\"@id\":\"https:\/\/ip1survey.se\/utvecklare\/egenskaper\/#breadcrumb\"},\"inLanguage\":\"en-US\",\"potentialAction\":[{\"@type\":\"ReadAction\",\"target\":[\"https:\/\/ip1survey.se\/utvecklare\/egenskaper\/\"]}]},{\"@type\":\"BreadcrumbList\",\"@id\":\"https:\/\/ip1survey.se\/utvecklare\/egenskaper\/#breadcrumb\",\"itemListElement\":[{\"@type\":\"ListItem\",\"position\":1,\"name\":\"Home\",\"item\":\"https:\/\/ip1survey.se\/\"},{\"@type\":\"ListItem\",\"position\":2,\"name\":\"API Dokumentation\",\"item\":\"https:\/\/ip1survey.se\/utvecklare\/\"},{\"@type\":\"ListItem\",\"position\":3,\"name\":\"Egenskaper\"}]},{\"@type\":\"WebSite\",\"@id\":\"http:\/\/ip1survey.se\/en\/#website\",\"url\":\"http:\/\/ip1survey.se\/en\/\",\"name\":\"ip1survey.se\",\"description\":\"\",\"publisher\":{\"@id\":\"http:\/\/ip1survey.se\/en\/#organization\"},\"potentialAction\":[{\"@type\":\"SearchAction\",\"target\":{\"@type\":\"EntryPoint\",\"urlTemplate\":\"http:\/\/ip1survey.se\/en\/?s={search_term_string}\"},\"query-input\":{\"@type\":\"PropertyValueSpecification\",\"valueRequired\":true,\"valueName\":\"search_term_string\"}}],\"inLanguage\":\"en-US\"},{\"@type\":\"Organization\",\"@id\":\"http:\/\/ip1survey.se\/en\/#organization\",\"name\":\"iP.1 Networks AB\",\"url\":\"http:\/\/ip1survey.se\/en\/\",\"logo\":{\"@type\":\"ImageObject\",\"inLanguage\":\"en-US\",\"@id\":\"http:\/\/ip1survey.se\/en\/#\/schema\/logo\/image\/\",\"url\":\"http:\/\/ip1survey.se\/wp-content\/uploads\/2025\/03\/ip1-logo-white.svg\",\"contentUrl\":\"http:\/\/ip1survey.se\/wp-content\/uploads\/2025\/03\/ip1-logo-white.svg\",\"width\":1,\"height\":1,\"caption\":\"iP.1 Networks AB\"},\"image\":{\"@id\":\"http:\/\/ip1survey.se\/en\/#\/schema\/logo\/image\/\"},\"sameAs\":[\"https:\/\/facebook.com\/IP1AB\"]}]}<\/script>\n<!-- \/ Yoast SEO Premium plugin. -->","yoast_head_json":{"title":"Egenskaper - ip1survey.se","robots":{"index":"index","follow":"follow","max-snippet":"max-snippet:-1","max-image-preview":"max-image-preview:large","max-video-preview":"max-video-preview:-1"},"canonical":"https:\/\/ip1survey.se\/en\/developer\/properties\/","og_locale":"en_US","og_type":"article","og_title":"Egenskaper","og_description":"Kontrollera konto-egenskaper Konto-egenskaper \u00e4r skrivskyddad information om vissa aspekter av din API-anv\u00e4ndning. L\u00e4ser en samling egenskaper Endpoint: GET me\/surveys\/properties Denna endpoint ger dig en samling av dina egenskaper. Se data-typsbeskrivningarna nedan. L\u00e4s en enskild egenskap Endpoint: GET me\/surveys\/properties\/{propertyName} Denna slutpunkt ger dig en enda egenskap. Egenskaper och deras typer Property Typ Beskrivning topSurvey string ID [&hellip;]","og_url":"https:\/\/ip1survey.se\/en\/developer\/properties\/","og_site_name":"ip1survey.se","article_publisher":"https:\/\/facebook.com\/IP1AB","article_modified_time":"2025-04-03T06:37:47+00:00","twitter_card":"summary_large_image","twitter_misc":{"Est. reading time":"1 minute"},"schema":{"@context":"https:\/\/schema.org","@graph":[{"@type":"WebPage","@id":"https:\/\/ip1survey.se\/utvecklare\/egenskaper\/","url":"https:\/\/ip1survey.se\/utvecklare\/egenskaper\/","name":"Egenskaper - ip1survey.se","isPartOf":{"@id":"http:\/\/ip1survey.se\/en\/#website"},"datePublished":"2025-03-07T15:24:41+00:00","dateModified":"2025-04-03T06:37:47+00:00","breadcrumb":{"@id":"https:\/\/ip1survey.se\/utvecklare\/egenskaper\/#breadcrumb"},"inLanguage":"en-US","potentialAction":[{"@type":"ReadAction","target":["https:\/\/ip1survey.se\/utvecklare\/egenskaper\/"]}]},{"@type":"BreadcrumbList","@id":"https:\/\/ip1survey.se\/utvecklare\/egenskaper\/#breadcrumb","itemListElement":[{"@type":"ListItem","position":1,"name":"Home","item":"https:\/\/ip1survey.se\/"},{"@type":"ListItem","position":2,"name":"API Dokumentation","item":"https:\/\/ip1survey.se\/utvecklare\/"},{"@type":"ListItem","position":3,"name":"Egenskaper"}]},{"@type":"WebSite","@id":"http:\/\/ip1survey.se\/en\/#website","url":"http:\/\/ip1survey.se\/en\/","name":"ip1survey.se","description":"","publisher":{"@id":"http:\/\/ip1survey.se\/en\/#organization"},"potentialAction":[{"@type":"SearchAction","target":{"@type":"EntryPoint","urlTemplate":"http:\/\/ip1survey.se\/en\/?s={search_term_string}"},"query-input":{"@type":"PropertyValueSpecification","valueRequired":true,"valueName":"search_term_string"}}],"inLanguage":"en-US"},{"@type":"Organization","@id":"http:\/\/ip1survey.se\/en\/#organization","name":"iP.1 Networks AB","url":"http:\/\/ip1survey.se\/en\/","logo":{"@type":"ImageObject","inLanguage":"en-US","@id":"http:\/\/ip1survey.se\/en\/#\/schema\/logo\/image\/","url":"http:\/\/ip1survey.se\/wp-content\/uploads\/2025\/03\/ip1-logo-white.svg","contentUrl":"http:\/\/ip1survey.se\/wp-content\/uploads\/2025\/03\/ip1-logo-white.svg","width":1,"height":1,"caption":"iP.1 Networks AB"},"image":{"@id":"http:\/\/ip1survey.se\/en\/#\/schema\/logo\/image\/"},"sameAs":["https:\/\/facebook.com\/IP1AB"]}]}},"_links":{"self":[{"href":"https:\/\/ip1survey.se\/en\/wp-json\/wp\/v2\/pages\/315","targetHints":{"allow":["GET"]}}],"collection":[{"href":"https:\/\/ip1survey.se\/en\/wp-json\/wp\/v2\/pages"}],"about":[{"href":"https:\/\/ip1survey.se\/en\/wp-json\/wp\/v2\/types\/page"}],"author":[{"embeddable":true,"href":"https:\/\/ip1survey.se\/en\/wp-json\/wp\/v2\/users\/1"}],"replies":[{"embeddable":true,"href":"https:\/\/ip1survey.se\/en\/wp-json\/wp\/v2\/comments?post=315"}],"version-history":[{"count":2,"href":"https:\/\/ip1survey.se\/en\/wp-json\/wp\/v2\/pages\/315\/revisions"}],"predecessor-version":[{"id":431,"href":"https:\/\/ip1survey.se\/en\/wp-json\/wp\/v2\/pages\/315\/revisions\/431"}],"up":[{"embeddable":true,"href":"https:\/\/ip1survey.se\/en\/wp-json\/wp\/v2\/pages\/228"}],"wp:attachment":[{"href":"https:\/\/ip1survey.se\/en\/wp-json\/wp\/v2\/media?parent=315"}],"curies":[{"name":"wp","href":"https:\/\/api.w.org\/{rel}","templated":true}]}}