{"id":326,"date":"2025-03-07T15:34:27","date_gmt":"2025-03-07T15:34:27","guid":{"rendered":"https:\/\/ip1survey.se\/?page_id=326"},"modified":"2025-04-03T06:36:50","modified_gmt":"2025-04-03T06:36:50","slug":"alternative-types","status":"publish","type":"page","link":"https:\/\/ip1survey.se\/en\/developer\/alternative-types\/","title":{"rendered":"Alternative types"},"content":{"rendered":"<h1 class=\"wp-block-heading\" id=\"alternative-types\">Alternative types<\/h1>\n\n\n\n<p>Det \u00e4r definitioner och beskrivningar av de olika alternativa typer som finns. Olika fr\u00e5getyper anv\u00e4nder olika alternativa typer.<\/p>\n\n\n\n<h2 class=\"wp-block-heading\" id=\"text-alternative\">Textalternativ<\/h2>\n\n\n\n<p>Anv\u00e4nds f\u00f6r de flesta fr\u00e5gor.<\/p>\n\n\n<div class=\"wp-block-syntaxhighlighter-code\"><pre class=\"brush: plain; title: ; notranslate\" title=\"\">\n{\n  &quot;title&quot;: &quot;Alternativ 1&quot;,\n  &quot;value&quot;: &quot;Alternativ 1&quot;,\n  &quot;commentable&quot;: false,\n  &quot;order&quot;: 1,\n  &quot;translations&quot;: {\n    &quot;en-US&quot;: {\n      &quot;title&quot;: &quot;Alternative 1&quot;\n    }\n  }\n}\n\n<\/pre><\/div>\n\n\n<h3 class=\"wp-block-heading\">title<\/h3>\n\n\n\n<p>Titeltexten som visas f\u00f6r deltagaren p\u00e5 alternativets kontroll (kryssruta, knapp etc.).<\/p>\n\n\n\n<h2 class=\"wp-block-heading\" id=\"image-alternative\">Bildalternativ<\/h2>\n\n\n\n<p>Anv\u00e4nds f\u00f6r envalsbildfr\u00e5gor.<\/p>\n\n\n<div class=\"wp-block-syntaxhighlighter-code\"><pre class=\"brush: plain; title: ; notranslate\" title=\"\">\n{\n  &quot;link&quot;: &quot;https:\/\/ip1.net\/media\/alternativ1.png&quot;,\n  &quot;value&quot;: &quot;Alternativ 1&quot;,\n  &quot;commentable&quot;: false,\n  &quot;order&quot;: 1,\n  &quot;translations&quot;: {\n    &quot;en-US&quot;: {\n      &quot;link&quot;: &quot;https:\/\/ip1.net\/media\/alternative1.png&quot;\n    }\n  }\n}\n\n<\/pre><\/div>\n\n\n<h3 class=\"wp-block-heading\" id=\"link\">link<\/h3>\n\n\n\n<p>The URL to the image displayed to the participant on the alternative&#8217;s control (button etc.).<\/p>\n\n\n\n<h2 class=\"wp-block-heading\" id=\"common-properties\">Vanliga egenskaper<\/h2>\n\n\n\n<p>Dessa egenskaper kan f\u00f6rekomma p\u00e5 flera typer och fungerar p\u00e5 samma s\u00e4tt p\u00e5 alla om inte annat anges.<\/p>\n\n\n\n<h3 class=\"wp-block-heading\" id=\"value\">value<\/h3>\n\n\n\n<p>Str\u00e4ngv\u00e4rdet som unikt identifierar alternativet bland svaren. Detta anv\u00e4nds i rapporter.<\/p>\n\n\n\n<h3 class=\"wp-block-heading\" id=\"commentable\">commentable<\/h3>\n\n\n\n<p>Om man ska l\u00e4gga till ett extra textf\u00e4lt f\u00f6r att skriva en kommentar om sitt svar. Standardinst\u00e4llningen \u00e4r falsk.<\/p>\n\n\n\n<h3 class=\"wp-block-heading\" id=\"order\">order<\/h3>\n\n\n\n<p>Alternativets ordning i fr\u00e5gan, fr\u00e5gealternativen visas i stigande ordning (ID:en bryter banden). Valfritt, standardv\u00e4rdet \u00e4r null.<\/p>\n\n\n\n<h3 class=\"wp-block-heading\" id=\"translations\">translations<\/h3>\n\n\n\n<p>En ordbok med nycklar f\u00f6r varje spr\u00e5k som st\u00f6ds f\u00f6rutom basspr\u00e5ket. V\u00e4rdena \u00e4r ordb\u00f6cker med nycklar som andra fr\u00e5geegenskaper och v\u00e4rden som deras \u00f6versatta v\u00e4rden. Exemplen \u00f6vers\u00e4tter den alternativa titeln eller l\u00e4nken fr\u00e5n basspr\u00e5ket sv-SE till ett annat v\u00e4rde om deltagaren v\u00e4ljer en-US vid svar.<\/p>","protected":false},"excerpt":{"rendered":"<p>Alternativtyper Det \u00e4r definitioner och beskrivningar av de olika alternativa typer som finns. Olika fr\u00e5getyper anv\u00e4nder olika alternativa typer. Textalternativ Anv\u00e4nds f\u00f6r de flesta fr\u00e5gor. title Titeltexten som visas f\u00f6r deltagaren p\u00e5 alternativets kontroll (kryssruta, knapp etc.). Bildalternativ Anv\u00e4nds f\u00f6r envalsbildfr\u00e5gor. link The URL to the image displayed to the participant on the alternative&#8217;s control [&hellip;]<\/p>","protected":false},"author":1,"featured_media":0,"parent":228,"menu_order":0,"comment_status":"closed","ping_status":"closed","template":"developer.php","meta":{"_import_markdown_pro_load_document_selector":0,"_import_markdown_pro_submit_text_textarea":"","footnotes":""},"class_list":["post-326","page","type-page","status-publish","hentry"],"yoast_head":"<!-- This site is optimized with the Yoast SEO Premium plugin v26.1 (Yoast SEO v26.1.1) - https:\/\/yoast.com\/wordpress\/plugins\/seo\/ -->\n<title>Alternativtyper - ip1survey.se<\/title>\n<meta name=\"robots\" content=\"index, follow, max-snippet:-1, max-image-preview:large, max-video-preview:-1\" \/>\n<link rel=\"canonical\" href=\"https:\/\/ip1survey.se\/en\/developer\/alternative-types\/\" \/>\n<meta property=\"og:locale\" content=\"en_US\" \/>\n<meta property=\"og:type\" content=\"article\" \/>\n<meta property=\"og:title\" content=\"Alternativtyper\" \/>\n<meta property=\"og:description\" content=\"Alternativtyper Det \u00e4r definitioner och beskrivningar av de olika alternativa typer som finns. Olika fr\u00e5getyper anv\u00e4nder olika alternativa typer. Textalternativ Anv\u00e4nds f\u00f6r de flesta fr\u00e5gor. title Titeltexten som visas f\u00f6r deltagaren p\u00e5 alternativets kontroll (kryssruta, knapp etc.). Bildalternativ Anv\u00e4nds f\u00f6r envalsbildfr\u00e5gor. link The URL to the image displayed to the participant on the alternative&#8217;s control [&hellip;]\" \/>\n<meta property=\"og:url\" content=\"https:\/\/ip1survey.se\/en\/developer\/alternative-types\/\" \/>\n<meta property=\"og:site_name\" content=\"ip1survey.se\" \/>\n<meta property=\"article:publisher\" content=\"https:\/\/facebook.com\/IP1AB\" \/>\n<meta property=\"article:modified_time\" content=\"2025-04-03T06:36:50+00:00\" \/>\n<meta name=\"twitter:card\" content=\"summary_large_image\" \/>\n<meta name=\"twitter:label1\" content=\"Est. reading time\" \/>\n\t<meta name=\"twitter:data1\" content=\"1 minute\" \/>\n<script type=\"application\/ld+json\" class=\"yoast-schema-graph\">{\"@context\":\"https:\/\/schema.org\",\"@graph\":[{\"@type\":\"WebPage\",\"@id\":\"https:\/\/ip1survey.se\/utvecklare\/alternativtyper\/\",\"url\":\"https:\/\/ip1survey.se\/utvecklare\/alternativtyper\/\",\"name\":\"Alternativtyper - ip1survey.se\",\"isPartOf\":{\"@id\":\"http:\/\/ip1survey.se\/en\/#website\"},\"datePublished\":\"2025-03-07T15:34:27+00:00\",\"dateModified\":\"2025-04-03T06:36:50+00:00\",\"breadcrumb\":{\"@id\":\"https:\/\/ip1survey.se\/utvecklare\/alternativtyper\/#breadcrumb\"},\"inLanguage\":\"en-US\",\"potentialAction\":[{\"@type\":\"ReadAction\",\"target\":[\"https:\/\/ip1survey.se\/utvecklare\/alternativtyper\/\"]}]},{\"@type\":\"BreadcrumbList\",\"@id\":\"https:\/\/ip1survey.se\/utvecklare\/alternativtyper\/#breadcrumb\",\"itemListElement\":[{\"@type\":\"ListItem\",\"position\":1,\"name\":\"Home\",\"item\":\"https:\/\/ip1survey.se\/\"},{\"@type\":\"ListItem\",\"position\":2,\"name\":\"API Dokumentation\",\"item\":\"https:\/\/ip1survey.se\/utvecklare\/\"},{\"@type\":\"ListItem\",\"position\":3,\"name\":\"Alternativtyper\"}]},{\"@type\":\"WebSite\",\"@id\":\"http:\/\/ip1survey.se\/en\/#website\",\"url\":\"http:\/\/ip1survey.se\/en\/\",\"name\":\"ip1survey.se\",\"description\":\"\",\"publisher\":{\"@id\":\"http:\/\/ip1survey.se\/en\/#organization\"},\"potentialAction\":[{\"@type\":\"SearchAction\",\"target\":{\"@type\":\"EntryPoint\",\"urlTemplate\":\"http:\/\/ip1survey.se\/en\/?s={search_term_string}\"},\"query-input\":{\"@type\":\"PropertyValueSpecification\",\"valueRequired\":true,\"valueName\":\"search_term_string\"}}],\"inLanguage\":\"en-US\"},{\"@type\":\"Organization\",\"@id\":\"http:\/\/ip1survey.se\/en\/#organization\",\"name\":\"iP.1 Networks AB\",\"url\":\"http:\/\/ip1survey.se\/en\/\",\"logo\":{\"@type\":\"ImageObject\",\"inLanguage\":\"en-US\",\"@id\":\"http:\/\/ip1survey.se\/en\/#\/schema\/logo\/image\/\",\"url\":\"http:\/\/ip1survey.se\/wp-content\/uploads\/2025\/03\/ip1-logo-white.svg\",\"contentUrl\":\"http:\/\/ip1survey.se\/wp-content\/uploads\/2025\/03\/ip1-logo-white.svg\",\"width\":1,\"height\":1,\"caption\":\"iP.1 Networks AB\"},\"image\":{\"@id\":\"http:\/\/ip1survey.se\/en\/#\/schema\/logo\/image\/\"},\"sameAs\":[\"https:\/\/facebook.com\/IP1AB\"]}]}<\/script>\n<!-- \/ Yoast SEO Premium plugin. -->","yoast_head_json":{"title":"Alternativtyper - ip1survey.se","robots":{"index":"index","follow":"follow","max-snippet":"max-snippet:-1","max-image-preview":"max-image-preview:large","max-video-preview":"max-video-preview:-1"},"canonical":"https:\/\/ip1survey.se\/en\/developer\/alternative-types\/","og_locale":"en_US","og_type":"article","og_title":"Alternativtyper","og_description":"Alternativtyper Det \u00e4r definitioner och beskrivningar av de olika alternativa typer som finns. Olika fr\u00e5getyper anv\u00e4nder olika alternativa typer. Textalternativ Anv\u00e4nds f\u00f6r de flesta fr\u00e5gor. title Titeltexten som visas f\u00f6r deltagaren p\u00e5 alternativets kontroll (kryssruta, knapp etc.). Bildalternativ Anv\u00e4nds f\u00f6r envalsbildfr\u00e5gor. link The URL to the image displayed to the participant on the alternative&#8217;s control [&hellip;]","og_url":"https:\/\/ip1survey.se\/en\/developer\/alternative-types\/","og_site_name":"ip1survey.se","article_publisher":"https:\/\/facebook.com\/IP1AB","article_modified_time":"2025-04-03T06:36:50+00:00","twitter_card":"summary_large_image","twitter_misc":{"Est. reading time":"1 minute"},"schema":{"@context":"https:\/\/schema.org","@graph":[{"@type":"WebPage","@id":"https:\/\/ip1survey.se\/utvecklare\/alternativtyper\/","url":"https:\/\/ip1survey.se\/utvecklare\/alternativtyper\/","name":"Alternativtyper - ip1survey.se","isPartOf":{"@id":"http:\/\/ip1survey.se\/en\/#website"},"datePublished":"2025-03-07T15:34:27+00:00","dateModified":"2025-04-03T06:36:50+00:00","breadcrumb":{"@id":"https:\/\/ip1survey.se\/utvecklare\/alternativtyper\/#breadcrumb"},"inLanguage":"en-US","potentialAction":[{"@type":"ReadAction","target":["https:\/\/ip1survey.se\/utvecklare\/alternativtyper\/"]}]},{"@type":"BreadcrumbList","@id":"https:\/\/ip1survey.se\/utvecklare\/alternativtyper\/#breadcrumb","itemListElement":[{"@type":"ListItem","position":1,"name":"Home","item":"https:\/\/ip1survey.se\/"},{"@type":"ListItem","position":2,"name":"API Dokumentation","item":"https:\/\/ip1survey.se\/utvecklare\/"},{"@type":"ListItem","position":3,"name":"Alternativtyper"}]},{"@type":"WebSite","@id":"http:\/\/ip1survey.se\/en\/#website","url":"http:\/\/ip1survey.se\/en\/","name":"ip1survey.se","description":"","publisher":{"@id":"http:\/\/ip1survey.se\/en\/#organization"},"potentialAction":[{"@type":"SearchAction","target":{"@type":"EntryPoint","urlTemplate":"http:\/\/ip1survey.se\/en\/?s={search_term_string}"},"query-input":{"@type":"PropertyValueSpecification","valueRequired":true,"valueName":"search_term_string"}}],"inLanguage":"en-US"},{"@type":"Organization","@id":"http:\/\/ip1survey.se\/en\/#organization","name":"iP.1 Networks AB","url":"http:\/\/ip1survey.se\/en\/","logo":{"@type":"ImageObject","inLanguage":"en-US","@id":"http:\/\/ip1survey.se\/en\/#\/schema\/logo\/image\/","url":"http:\/\/ip1survey.se\/wp-content\/uploads\/2025\/03\/ip1-logo-white.svg","contentUrl":"http:\/\/ip1survey.se\/wp-content\/uploads\/2025\/03\/ip1-logo-white.svg","width":1,"height":1,"caption":"iP.1 Networks AB"},"image":{"@id":"http:\/\/ip1survey.se\/en\/#\/schema\/logo\/image\/"},"sameAs":["https:\/\/facebook.com\/IP1AB"]}]}},"_links":{"self":[{"href":"https:\/\/ip1survey.se\/en\/wp-json\/wp\/v2\/pages\/326","targetHints":{"allow":["GET"]}}],"collection":[{"href":"https:\/\/ip1survey.se\/en\/wp-json\/wp\/v2\/pages"}],"about":[{"href":"https:\/\/ip1survey.se\/en\/wp-json\/wp\/v2\/types\/page"}],"author":[{"embeddable":true,"href":"https:\/\/ip1survey.se\/en\/wp-json\/wp\/v2\/users\/1"}],"replies":[{"embeddable":true,"href":"https:\/\/ip1survey.se\/en\/wp-json\/wp\/v2\/comments?post=326"}],"version-history":[{"count":2,"href":"https:\/\/ip1survey.se\/en\/wp-json\/wp\/v2\/pages\/326\/revisions"}],"predecessor-version":[{"id":430,"href":"https:\/\/ip1survey.se\/en\/wp-json\/wp\/v2\/pages\/326\/revisions\/430"}],"up":[{"embeddable":true,"href":"https:\/\/ip1survey.se\/en\/wp-json\/wp\/v2\/pages\/228"}],"wp:attachment":[{"href":"https:\/\/ip1survey.se\/en\/wp-json\/wp\/v2\/media?parent=326"}],"curies":[{"name":"wp","href":"https:\/\/api.w.org\/{rel}","templated":true}]}}