{"id":333,"date":"2025-03-07T15:45:05","date_gmt":"2025-03-07T15:45:05","guid":{"rendered":"https:\/\/ip1survey.se\/?page_id=333"},"modified":"2025-10-13T07:09:06","modified_gmt":"2025-10-13T07:09:06","slug":"about","status":"publish","type":"page","link":"https:\/\/ip1survey.se\/en\/about\/","title":{"rendered":"About us"},"content":{"rendered":"<div class=\"wp-block-columns justify-content-center mt-5 has-white-background-color has-background is-layout-flex wp-container-core-columns-is-layout-9d6595d7 wp-block-columns-is-layout-flex\">\n<div class=\"wp-block-column is-layout-flow wp-block-column-is-layout-flow\" style=\"flex-basis:70%\">\n<h1 class=\"wp-block-heading\" id=\"h-ip-1-networks-ett-mjukvaruforetag-specialiserade-pa-kommunikation\">iP.1 Networks, a software company specializing in communications<\/h1>\n\n\n\n<p>Since iP.1 started 20 years ago, we have taken pride in trying to make the complex simple and user-friendly. This is evident in our SMS services, how we perform them, and the way we are.<\/p>\n\n\n\n<p>We enable companies to communicate with customers, members or colleagues in the fastest possible way!<\/p>\n<\/div>\n<\/div>\n\n\n\n<div class=\"wp-block-columns justify-content-center has-background is-layout-flex wp-container-core-columns-is-layout-9d6595d7 wp-block-columns-is-layout-flex\" style=\"background-color:#fafafa\">\n<div class=\"wp-block-column is-layout-flow wp-block-column-is-layout-flow\" style=\"flex-basis:70%\">\n<h3 class=\"wp-block-heading\" id=\"h-var-historia\">Our history<\/h3>\n\n\n\n<p>iP.1 started in 2003 with the goal of delivering secure and reliable Internet access to businesses in Sk\u00f6vde, Sweden. To be able to offer this, we built our own network based on wireless technology. In this way, we were able to offer our customers the most cost-effective and flexible solution. Our wireless network today covers the entire municipality of Sk\u00f6vde.<\/p>\n\n\n\n<p>We previously also offered smart WiFi networks and special radio technology that made it easy to connect data traffic to and from different points, such as properties, without having to run cables.<\/p>\n<\/div>\n<\/div>\n\n\n\n<div class=\"wp-block-columns justify-content-center has-white-background-color has-background is-layout-flex wp-container-core-columns-is-layout-9d6595d7 wp-block-columns-is-layout-flex\">\n<div class=\"wp-block-column is-layout-flow wp-block-column-is-layout-flow\" style=\"flex-basis:70%\">\n<h3 class=\"wp-block-heading\" id=\"h-sa-foddes-den-forsta-sms-tjansten\">Our first SMS service was born<\/h3>\n\n\n\n<p>To monitor our own wireless network, we needed a fast and stable monitoring system. Therefore, we created an SMS system that automatically sent SMS reports to our technicians as soon as something unexpected happened. This way, we could start troubleshooting quickly and also solve many problems before the customer was affected. It wasn't long before the first customer asked if we couldn't monitor their own hardware using our SMS Gateway.<\/p>\n\n\n\n<p>We have continued to develop new services together with our customers. Like when a priest from the Church of Sweden wanted help sending SMS to reach out with short messages to confirmation candidates. Some time later, a web application was created where it was possible to log in to send SMS in a fast and cost-effective way. Thus, the first version of Web SMS was born! Since then, we have continued to grow at a rapid pace and now we focus only on developing smart SMS solutions.<\/p>\n<\/div>\n<\/div>\n\n\n\n<div class=\"wp-block-columns justify-content-center has-background is-layout-flex wp-container-core-columns-is-layout-9d6595d7 wp-block-columns-is-layout-flex\" style=\"background-color:#fafafa\">\n<div class=\"wp-block-column is-layout-flow wp-block-column-is-layout-flow\" style=\"flex-basis:70%\">\n<h3 class=\"wp-block-heading\" id=\"h-vart-dna-enkelt\">Our DNA = Simplicity<\/h3>\n\n\n\n<p>iP.1 strives to develop communication services that are easy to use. Simplicity has been a core value in our business from the start, whether it's navigating our website, sending an SMS from one of our web services or creating a survey in the survey service One Survey. We are constantly working on the user-friendliness of our services to make it even easier to communicate using iP.1's platform!<\/p>\n<\/div>\n<\/div>\n\n\n\n<div class=\"wp-block-columns justify-content-center has-white-background-color has-background is-layout-flex wp-container-core-columns-is-layout-9d6595d7 wp-block-columns-is-layout-flex\">\n<div class=\"wp-block-column is-layout-flow wp-block-column-is-layout-flow\" style=\"flex-basis:70%\">\n<h3 class=\"wp-block-heading\" id=\"h-ip-1-genom-tiderna\">iP.1 Through the Ages<\/h3>\n\n\n\n<p>A lot has happened in the software industry in 20 years. Take a look at the video below to see some highlights in iP.1's history.<\/p>\n\n\n\n<figure class=\"wp-block-video\"><video controls src=\"https:\/\/ip1sms.com\/wp-content\/uploads\/2024\/03\/iP.1-fyller-20-ar.mp4\"><\/video><\/figure>\n<\/div>\n<\/div>","protected":false},"excerpt":{"rendered":"<p>iP.1 Networks, ett mjukvaruf\u00f6retag specialiserade p\u00e5 kommunikation Sedan iP.1 startade f\u00f6r 20 \u00e5r sedan har vi satt en \u00e4ra i att f\u00f6rs\u00f6ka g\u00f6ra det komplexa till n\u00e5got enkelt och anv\u00e4ndarv\u00e4nligt. Det m\u00e4rks b\u00e5de i v\u00e5ra SMS-tj\u00e4nster, hur vi utf\u00f6r dem och s\u00e4ttet vi \u00e4r p\u00e5. Vi g\u00f6r det m\u00f6jligt f\u00f6r f\u00f6retag att kommunicera med kunder, [&hellip;]<\/p>","protected":false},"author":1,"featured_media":0,"parent":0,"menu_order":0,"comment_status":"closed","ping_status":"closed","template":"","meta":{"_import_markdown_pro_load_document_selector":0,"_import_markdown_pro_submit_text_textarea":"","footnotes":""},"class_list":["post-333","page","type-page","status-publish","hentry"],"yoast_head":"<!-- This site is optimized with the Yoast SEO Premium plugin v26.1 (Yoast SEO v26.1.1) - https:\/\/yoast.com\/wordpress\/plugins\/seo\/ -->\n<title>Om oss - ip1survey.se<\/title>\n<meta name=\"robots\" content=\"index, follow, max-snippet:-1, max-image-preview:large, max-video-preview:-1\" \/>\n<link rel=\"canonical\" href=\"https:\/\/ip1survey.se\/en\/about\/\" \/>\n<meta property=\"og:locale\" content=\"en_US\" \/>\n<meta property=\"og:type\" content=\"article\" \/>\n<meta property=\"og:title\" content=\"Om oss\" \/>\n<meta property=\"og:description\" content=\"iP.1 Networks, ett mjukvaruf\u00f6retag specialiserade p\u00e5 kommunikation Sedan iP.1 startade f\u00f6r 20 \u00e5r sedan har vi satt en \u00e4ra i att f\u00f6rs\u00f6ka g\u00f6ra det komplexa till n\u00e5got enkelt och anv\u00e4ndarv\u00e4nligt. Det m\u00e4rks b\u00e5de i v\u00e5ra SMS-tj\u00e4nster, hur vi utf\u00f6r dem och s\u00e4ttet vi \u00e4r p\u00e5. Vi g\u00f6r det m\u00f6jligt f\u00f6r f\u00f6retag att kommunicera med kunder, [&hellip;]\" \/>\n<meta property=\"og:url\" content=\"https:\/\/ip1survey.se\/en\/about\/\" \/>\n<meta property=\"og:site_name\" content=\"ip1survey.se\" \/>\n<meta property=\"article:publisher\" content=\"https:\/\/facebook.com\/IP1AB\" \/>\n<meta property=\"article:modified_time\" content=\"2025-10-13T07:09:06+00:00\" \/>\n<meta name=\"twitter:card\" content=\"summary_large_image\" \/>\n<meta name=\"twitter:label1\" content=\"Est. reading time\" \/>\n\t<meta name=\"twitter:data1\" content=\"3 minutes\" \/>\n<script type=\"application\/ld+json\" class=\"yoast-schema-graph\">{\"@context\":\"https:\/\/schema.org\",\"@graph\":[{\"@type\":\"WebPage\",\"@id\":\"https:\/\/ip1survey.se\/om-oss\/\",\"url\":\"https:\/\/ip1survey.se\/om-oss\/\",\"name\":\"Om oss - ip1survey.se\",\"isPartOf\":{\"@id\":\"http:\/\/ip1survey.se\/en\/#website\"},\"datePublished\":\"2025-03-07T15:45:05+00:00\",\"dateModified\":\"2025-10-13T07:09:06+00:00\",\"breadcrumb\":{\"@id\":\"https:\/\/ip1survey.se\/om-oss\/#breadcrumb\"},\"inLanguage\":\"en-US\",\"potentialAction\":[{\"@type\":\"ReadAction\",\"target\":[\"https:\/\/ip1survey.se\/om-oss\/\"]}]},{\"@type\":\"BreadcrumbList\",\"@id\":\"https:\/\/ip1survey.se\/om-oss\/#breadcrumb\",\"itemListElement\":[{\"@type\":\"ListItem\",\"position\":1,\"name\":\"Home\",\"item\":\"https:\/\/ip1survey.se\/\"},{\"@type\":\"ListItem\",\"position\":2,\"name\":\"Om oss\"}]},{\"@type\":\"WebSite\",\"@id\":\"http:\/\/ip1survey.se\/en\/#website\",\"url\":\"http:\/\/ip1survey.se\/en\/\",\"name\":\"ip1survey.se\",\"description\":\"\",\"publisher\":{\"@id\":\"http:\/\/ip1survey.se\/en\/#organization\"},\"potentialAction\":[{\"@type\":\"SearchAction\",\"target\":{\"@type\":\"EntryPoint\",\"urlTemplate\":\"http:\/\/ip1survey.se\/en\/?s={search_term_string}\"},\"query-input\":{\"@type\":\"PropertyValueSpecification\",\"valueRequired\":true,\"valueName\":\"search_term_string\"}}],\"inLanguage\":\"en-US\"},{\"@type\":\"Organization\",\"@id\":\"http:\/\/ip1survey.se\/en\/#organization\",\"name\":\"iP.1 Networks AB\",\"url\":\"http:\/\/ip1survey.se\/en\/\",\"logo\":{\"@type\":\"ImageObject\",\"inLanguage\":\"en-US\",\"@id\":\"http:\/\/ip1survey.se\/en\/#\/schema\/logo\/image\/\",\"url\":\"http:\/\/ip1survey.se\/wp-content\/uploads\/2025\/03\/ip1-logo-white.svg\",\"contentUrl\":\"http:\/\/ip1survey.se\/wp-content\/uploads\/2025\/03\/ip1-logo-white.svg\",\"width\":1,\"height\":1,\"caption\":\"iP.1 Networks AB\"},\"image\":{\"@id\":\"http:\/\/ip1survey.se\/en\/#\/schema\/logo\/image\/\"},\"sameAs\":[\"https:\/\/facebook.com\/IP1AB\"]}]}<\/script>\n<!-- \/ Yoast SEO Premium plugin. -->","yoast_head_json":{"title":"About us - iP1survey.se","robots":{"index":"index","follow":"follow","max-snippet":"max-snippet:-1","max-image-preview":"max-image-preview:large","max-video-preview":"max-video-preview:-1"},"canonical":"https:\/\/ip1survey.se\/en\/about\/","og_locale":"en_US","og_type":"article","og_title":"Om oss","og_description":"iP.1 Networks, ett mjukvaruf\u00f6retag specialiserade p\u00e5 kommunikation Sedan iP.1 startade f\u00f6r 20 \u00e5r sedan har vi satt en \u00e4ra i att f\u00f6rs\u00f6ka g\u00f6ra det komplexa till n\u00e5got enkelt och anv\u00e4ndarv\u00e4nligt. Det m\u00e4rks b\u00e5de i v\u00e5ra SMS-tj\u00e4nster, hur vi utf\u00f6r dem och s\u00e4ttet vi \u00e4r p\u00e5. Vi g\u00f6r det m\u00f6jligt f\u00f6r f\u00f6retag att kommunicera med kunder, [&hellip;]","og_url":"https:\/\/ip1survey.se\/en\/about\/","og_site_name":"ip1survey.se","article_publisher":"https:\/\/facebook.com\/IP1AB","article_modified_time":"2025-10-13T07:09:06+00:00","twitter_card":"summary_large_image","twitter_misc":{"Est. reading time":"3 minutes"},"schema":{"@context":"https:\/\/schema.org","@graph":[{"@type":"WebPage","@id":"https:\/\/ip1survey.se\/om-oss\/","url":"https:\/\/ip1survey.se\/om-oss\/","name":"About us - iP1survey.se","isPartOf":{"@id":"http:\/\/ip1survey.se\/en\/#website"},"datePublished":"2025-03-07T15:45:05+00:00","dateModified":"2025-10-13T07:09:06+00:00","breadcrumb":{"@id":"https:\/\/ip1survey.se\/om-oss\/#breadcrumb"},"inLanguage":"en-US","potentialAction":[{"@type":"ReadAction","target":["https:\/\/ip1survey.se\/om-oss\/"]}]},{"@type":"BreadcrumbList","@id":"https:\/\/ip1survey.se\/om-oss\/#breadcrumb","itemListElement":[{"@type":"ListItem","position":1,"name":"Home","item":"https:\/\/ip1survey.se\/"},{"@type":"ListItem","position":2,"name":"Om oss"}]},{"@type":"WebSite","@id":"http:\/\/ip1survey.se\/en\/#website","url":"http:\/\/ip1survey.se\/en\/","name":"ip1survey.se","description":"","publisher":{"@id":"http:\/\/ip1survey.se\/en\/#organization"},"potentialAction":[{"@type":"SearchAction","target":{"@type":"EntryPoint","urlTemplate":"http:\/\/ip1survey.se\/en\/?s={search_term_string}"},"query-input":{"@type":"PropertyValueSpecification","valueRequired":true,"valueName":"search_term_string"}}],"inLanguage":"en-US"},{"@type":"Organization","@id":"http:\/\/ip1survey.se\/en\/#organization","name":"iP.1 Networks AB","url":"http:\/\/ip1survey.se\/en\/","logo":{"@type":"ImageObject","inLanguage":"en-US","@id":"http:\/\/ip1survey.se\/en\/#\/schema\/logo\/image\/","url":"http:\/\/ip1survey.se\/wp-content\/uploads\/2025\/03\/ip1-logo-white.svg","contentUrl":"http:\/\/ip1survey.se\/wp-content\/uploads\/2025\/03\/ip1-logo-white.svg","width":1,"height":1,"caption":"iP.1 Networks AB"},"image":{"@id":"http:\/\/ip1survey.se\/en\/#\/schema\/logo\/image\/"},"sameAs":["https:\/\/facebook.com\/IP1AB"]}]}},"_links":{"self":[{"href":"https:\/\/ip1survey.se\/en\/wp-json\/wp\/v2\/pages\/333","targetHints":{"allow":["GET"]}}],"collection":[{"href":"https:\/\/ip1survey.se\/en\/wp-json\/wp\/v2\/pages"}],"about":[{"href":"https:\/\/ip1survey.se\/en\/wp-json\/wp\/v2\/types\/page"}],"author":[{"embeddable":true,"href":"https:\/\/ip1survey.se\/en\/wp-json\/wp\/v2\/users\/1"}],"replies":[{"embeddable":true,"href":"https:\/\/ip1survey.se\/en\/wp-json\/wp\/v2\/comments?post=333"}],"version-history":[{"count":3,"href":"https:\/\/ip1survey.se\/en\/wp-json\/wp\/v2\/pages\/333\/revisions"}],"predecessor-version":[{"id":461,"href":"https:\/\/ip1survey.se\/en\/wp-json\/wp\/v2\/pages\/333\/revisions\/461"}],"wp:attachment":[{"href":"https:\/\/ip1survey.se\/en\/wp-json\/wp\/v2\/media?parent=333"}],"curies":[{"name":"wp","href":"https:\/\/api.w.org\/{rel}","templated":true}]}}